{"id":11548,"date":"2023-01-10T04:39:08","date_gmt":"2023-01-10T07:39:08","guid":{"rendered":"https:\/\/www.cursos.olgavelez.co\/cu\/?post_type=product&#038;p=11548"},"modified":"2023-09-20T16:05:12","modified_gmt":"2023-09-20T19:05:12","slug":"estilista-express","status":"publish","type":"product","link":"https:\/\/www.cursos.olgavelez.co\/cu\/producto\/estilista-express\/","title":{"rendered":"ESTILISTA EXPRESS"},"content":{"rendered":"<p>\u00bfQu\u00e9 vas a lograr? <\/p>\n<p>Este es un curso completo, dise\u00f1ado para todas aquellas personas amantes de la belleza y la moda que quieren aprender el arte de la peluquer\u00eda femenina como oportunidad de negocio paso a paso y f\u00e1cilmente.<\/p>\n<p>Con este curso lograr\u00e1s: <\/p>\n<p>Aprender desde cero los cortes m\u00e1s b\u00e1sicos hasta las nuevas tendencias del estilismo.<\/p>\n<p>Desarrollar la destreza para dise\u00f1ar cortes de pelo en mujeres.<\/p>\n<p>Alcanzar tus metas y darle seguridad econ\u00f3mica a las personas que amas con excelentes ingresos. <\/p>\n<p>Adquirir competencias para ser altamente competitivo en el mundo laboral como empleado o independiente. <\/p>\n<p>\u00bfC\u00f3mo lo vas a lograr?<\/p>\n<p>Son 10 m\u00f3dulos distribuidos en 19 v\u00eddeos completos, dise\u00f1ados con una metodolog\u00eda pr\u00e1ctica y f\u00e1cil:<\/p>\n<p>Historia de la peluquer\u00eda.<br \/>\nVentajas econ\u00f3micas, personales y laborales de estudiar peluquer\u00eda.<br \/>\nEl ADN de un estilista; estructura de pensamiento.<br \/>\nHerramientas del estilista y como usarlas (tijeras, navajas y peines)<br \/>\nDise\u00f1o de cortes: l\u00ednea Forma, Direcci\u00f3n, Figura y Textura.<br \/>\nDise\u00f1o capilar: \u00c1ngulos, Zonas de corte, Secciones y Distribuci\u00f3n.<br \/>\nPosici\u00f3n de los dedos del estilista profesional.<br \/>\nAn\u00e1lisis de forma: Ca\u00edda natural, Proyecci\u00f3n normal.<br \/>\nVISAJISMO. Formas y dise\u00f1os del rostro.<br \/>\nT\u00e9cnicas de corte. S\u00f3lido, Encapado uniforme y T\u00e9cnica gradada.<\/p>\n<p>ACERCA DEL PRODUCTOR<\/p>\n<p>Desarrollado por Leonardo Ram\u00edrez, cosmet\u00f3logo egresado de Academy of Career Training Kissimee, Florida. Adem\u00e1s, especializado en la Pivot Point of Chicago (USA). Con estudios en Schwarzkop, Jolie de Vogue y Salerm Visi\u00f3n.  Experto en \u201cCirug\u00eda pl\u00e1stica de cabello\u201d en Avi America LLC. Hair Blessing Orlando.<\/p>\n<p>Con m\u00e1s de 25 a\u00f1os de experiencia, este \u201cmaestro de las tijeras\u201d ha trabajado como docente en la Academia Latinoamericana de Belleza en Bogot\u00e1. Adem\u00e1s, es un reconocido YouTuber con m\u00e1s de 300 mil seguidores.<\/p>\n","protected":false},"excerpt":{"rendered":"<p>Este es un curso completo, dise\u00f1ado para todas aquellas personas amantes de la belleza y la moda que quieren aprender el arte de la peluquer\u00eda femenina como oportunidad de negocio paso a paso y f\u00e1cilmente.<\/p>\n","protected":false},"featured_media":3319,"template":"","meta":{"_joinchat":[]},"product_brand":[],"product_cat":[317,344],"product_tag":[],"class_list":{"0":"post-11548","1":"product","2":"type-product","3":"status-publish","4":"has-post-thumbnail","6":"product_cat-belleza-y-moda","7":"product_cat-todos","9":"first","10":"instock","11":"sale","12":"shipping-taxable","13":"product-type-external"},"_links":{"self":[{"href":"https:\/\/www.cursos.olgavelez.co\/cu\/wp-json\/wp\/v2\/product\/11548","targetHints":{"allow":["GET"]}}],"collection":[{"href":"https:\/\/www.cursos.olgavelez.co\/cu\/wp-json\/wp\/v2\/product"}],"about":[{"href":"https:\/\/www.cursos.olgavelez.co\/cu\/wp-json\/wp\/v2\/types\/product"}],"version-history":[{"count":2,"href":"https:\/\/www.cursos.olgavelez.co\/cu\/wp-json\/wp\/v2\/product\/11548\/revisions"}],"predecessor-version":[{"id":14033,"href":"https:\/\/www.cursos.olgavelez.co\/cu\/wp-json\/wp\/v2\/product\/11548\/revisions\/14033"}],"wp:featuredmedia":[{"embeddable":true,"href":"https:\/\/www.cursos.olgavelez.co\/cu\/wp-json\/wp\/v2\/media\/3319"}],"wp:attachment":[{"href":"https:\/\/www.cursos.olgavelez.co\/cu\/wp-json\/wp\/v2\/media?parent=11548"}],"wp:term":[{"taxonomy":"product_brand","embeddable":true,"href":"https:\/\/www.cursos.olgavelez.co\/cu\/wp-json\/wp\/v2\/product_brand?post=11548"},{"taxonomy":"product_cat","embeddable":true,"href":"https:\/\/www.cursos.olgavelez.co\/cu\/wp-json\/wp\/v2\/product_cat?post=11548"},{"taxonomy":"product_tag","embeddable":true,"href":"https:\/\/www.cursos.olgavelez.co\/cu\/wp-json\/wp\/v2\/product_tag?post=11548"}],"curies":[{"name":"wp","href":"https:\/\/api.w.org\/{rel}","templated":true}]}}