{"id":11547,"date":"2023-01-10T04:39:08","date_gmt":"2023-01-10T07:39:08","guid":{"rendered":"https:\/\/www.cursos.olgavelez.co\/cu\/?post_type=product&#038;p=11547"},"modified":"2023-09-20T16:05:12","modified_gmt":"2023-09-20T19:05:12","slug":"maquillaje-social","status":"publish","type":"product","link":"https:\/\/www.cursos.olgavelez.co\/cu\/producto\/maquillaje-social\/","title":{"rendered":"MAQUILLAJE SOCIAL"},"content":{"rendered":"<p>\u00bfSab\u00edas que en los \u00faltimos a\u00f1os la industria del maquillaje se ha disparado, posicion\u00e1ndose como el tercer mercado m\u00e1s grande en Latinoam\u00e9rica? <\/p>\n<p>Esto se debe a que cada d\u00eda son m\u00e1s las personas en el mundo que contratan maquilladores para eventos especiales o simplemente por mejorar su apariencia personal.<\/p>\n<p>Estudiar maquillaje social podr\u00eda darte la posibilidad de incrementar tus ganancias enormemente. <\/p>\n<p>No importa si maquillas a domicilio, en tu propio sal\u00f3n o trabajas para alguna marca de maquillaje, lo verdaderamente importante es poder sorprender a tus clientas con un magn\u00edfico resultado. En este MasterClass te ense\u00f1aremos desde cero.<\/p>\n<p>\u00bfQU\u00c9 VAS A LOGRAR?<\/p>\n<p>Los implementos que vas a requerir para para ser un maquillador profesional.<br \/>\nEl uso adecuado de los implementos de trabajo para un acabado de alta calidad.<br \/>\nLa historia y origen del maquillaje.<br \/>\nLos cuidados y desinfecci\u00f3n de tus elementos de trabajo.<br \/>\nLos tipos de brochas y cuidados seg\u00fan los tipos de piel.<br \/>\nLa correcta limpieza y preparaci\u00f3n del rostro.<br \/>\nLos tipos de combinaciones de colores a la hora de realizar un maquillaje.<br \/>\nC\u00f3mo realizar correcciones adecuadas a un rostro antes de iniciar el maquillaje.<br \/>\nLos errores y aciertos m\u00e1s frecuentes a la hora de maquillar un rostro.<br \/>\nC\u00f3mo maquillar los diferentes tipos de ojos, cejas y labios<br \/>\nLas diferentes t\u00e9cnicas de maquillaje dependiendo de la ocasi\u00f3n.<br \/>\nLas \u00faltimas tendencias en el mundo del maquillaje social.<br \/>\nAprende desde tu casa c\u00f3mo transformar una pasi\u00f3n en un excelente negocio.<br \/>\nConocer los conocimientos b\u00e1sicos del maquillaje, hasta las \u00faltimas t\u00e9cnicas.<br \/>\nAcceder al certificado por Hotmart y Seminarios Online.<\/p>\n<p>\u00bfC\u00d3MO LO VAS A LOGRAR?<\/p>\n<p>A trav\u00e9s de un programa completo que te ense\u00f1ara desde cero a potencializar tu creatividad e imaginaci\u00f3n a trav\u00e9s de los diferentes tipos de rostros, dando una correcta armon\u00eda del rostro para cada ocasi\u00f3n.<br \/>\nContar\u00e1s con m\u00e1s de 40 lecciones en Alta definici\u00f3n que har\u00e1n que tu proceso de aprendizaje sea m\u00e1s f\u00e1cil, practico y divertido.<\/p>\n<p>Esta informaci\u00f3n ser\u00e1 desarrollada a trav\u00e9s de los siguientes m\u00f3dulos:<\/p>\n<p>1. Introducci\u00f3n al Maquillaje Social.<br \/>\n2. Higiene, desinfecci\u00f3n, esterilizaci\u00f3n y lista de implementos.<br \/>\n3. Historia, teor\u00eda del color y combinaciones.<br \/>\n4. Brochas y cuidados de cada tipo de piel.<br \/>\n5. Autocorrecci\u00f3n de rostro.<br \/>\n6. Teor\u00eda ojos, cejas y labios.<br \/>\n7. Correcciones faciales, face Chart.<br \/>\n8. Delineado de ojo y colocaci\u00f3n de pesta\u00f1as punto a punto.<br \/>\n9. Preparaci\u00f3n del rostro.<br \/>\n10. Errores y aciertos a la hora de maquillar un rostro<br \/>\n11. Alteraciones de la piel y recomendaciones<br \/>\n12. T\u00e9cnica de maquillaje ahumado<br \/>\n13. T\u00e9cnica de maquillaje tonos c\u00e1lidos<br \/>\n14. T\u00e9cnica de maquillaje tonos fr\u00edos<br \/>\n15. T\u00e9cnica de maquillaje sobre piel morena<br \/>\n16. T\u00e9cnica de maquillaje sobre piel madura<br \/>\n17. T\u00e9cnica de maquillaje masculino<br \/>\n18. T\u00e9cnica de maquillaje a l\u00e1piz<br \/>\n19. T\u00e9cnica de maquillaje transversal<br \/>\n20. T\u00e9cnica de maquillaje colores an\u00e1logos<br \/>\n21. T\u00e9cnica de maquillaje de ojos con Glitter<br \/>\n22. T\u00e9cnica de maquillaje tonos ne\u00f3n con delineado flotante<\/p>\n<p>ACERCA DEL PRODUCTOR:<\/p>\n<p>Desarrollado por la ACADEMIA DE BELLEZA HERMAN, una Instituci\u00f3n con m\u00e1s de 40 a\u00f1os de experiencia en el sector, formando hasta el momento m\u00e1s de 4.000 profesionales en el \u00e1rea de la belleza. <\/p>\n<p>Debido al alto nivel de conocimientos adquiridos, sus estudiantes ejercen la profesi\u00f3n en diferentes partes del mundo. En nuestros programas contamos con el acompa\u00f1amiento de diferentes formadores debidamente capacitados y certificados que te guiaran en todo tu proceso. <\/p>\n<p>Dirigido para aquellas personas amantes del maquillaje que quieran iniciar su carrera.<\/p>\n","protected":false},"excerpt":{"rendered":"<p>\u00bfSab\u00edas que en los \u00faltimos a\u00f1os la industria del maquillaje se ha disparado, posicion\u00e1ndose como el tercer mercado m\u00e1s grande en Latinoam\u00e9rica? <\/p>\n<p>Esto se debe a que cada d\u00eda son m\u00e1s las personas en el mundo que contratan maquilladores para eventos especiales o simplemente por mejorar su apariencia personal.<\/p>\n<p>Estudiar maquillaje social podr\u00eda darte la posibilidad de incrementar tus ganancias enormemente. <\/p>\n<p>No importa si maquillas a domicilio, en tu propio sal\u00f3n o trabajas para alguna marca de maquillaje, lo verdaderamente importante es poder sorprender a tus clientas con un magn\u00edfico resultado. En este MasterClass te ense\u00f1aremos desde cero.<\/p>\n","protected":false},"featured_media":3318,"template":"","meta":{"_joinchat":[]},"product_brand":[],"product_cat":[317,344],"product_tag":[],"class_list":{"0":"post-11547","1":"product","2":"type-product","3":"status-publish","4":"has-post-thumbnail","6":"product_cat-belleza-y-moda","7":"product_cat-todos","9":"first","10":"instock","11":"sale","12":"shipping-taxable","13":"product-type-external"},"_links":{"self":[{"href":"https:\/\/www.cursos.olgavelez.co\/cu\/wp-json\/wp\/v2\/product\/11547","targetHints":{"allow":["GET"]}}],"collection":[{"href":"https:\/\/www.cursos.olgavelez.co\/cu\/wp-json\/wp\/v2\/product"}],"about":[{"href":"https:\/\/www.cursos.olgavelez.co\/cu\/wp-json\/wp\/v2\/types\/product"}],"version-history":[{"count":2,"href":"https:\/\/www.cursos.olgavelez.co\/cu\/wp-json\/wp\/v2\/product\/11547\/revisions"}],"predecessor-version":[{"id":14032,"href":"https:\/\/www.cursos.olgavelez.co\/cu\/wp-json\/wp\/v2\/product\/11547\/revisions\/14032"}],"wp:featuredmedia":[{"embeddable":true,"href":"https:\/\/www.cursos.olgavelez.co\/cu\/wp-json\/wp\/v2\/media\/3318"}],"wp:attachment":[{"href":"https:\/\/www.cursos.olgavelez.co\/cu\/wp-json\/wp\/v2\/media?parent=11547"}],"wp:term":[{"taxonomy":"product_brand","embeddable":true,"href":"https:\/\/www.cursos.olgavelez.co\/cu\/wp-json\/wp\/v2\/product_brand?post=11547"},{"taxonomy":"product_cat","embeddable":true,"href":"https:\/\/www.cursos.olgavelez.co\/cu\/wp-json\/wp\/v2\/product_cat?post=11547"},{"taxonomy":"product_tag","embeddable":true,"href":"https:\/\/www.cursos.olgavelez.co\/cu\/wp-json\/wp\/v2\/product_tag?post=11547"}],"curies":[{"name":"wp","href":"https:\/\/api.w.org\/{rel}","templated":true}]}}