{"id":11516,"date":"2023-01-10T04:39:04","date_gmt":"2023-01-10T07:39:04","guid":{"rendered":"https:\/\/www.cursos.olgavelez.co\/cu\/?post_type=product&#038;p=11516"},"modified":"2023-09-20T16:05:12","modified_gmt":"2023-09-20T19:05:12","slug":"trenzas-y-peinados","status":"publish","type":"product","link":"https:\/\/www.cursos.olgavelez.co\/cu\/producto\/trenzas-y-peinados\/","title":{"rendered":"TRENZAS Y PEINADOS"},"content":{"rendered":"<p>\u00bfQU\u00c9 VAS A LOGRAR?<\/p>\n<p>Verse bien es un verdadero arte. Muchas mujeres siempre han querido hacerse trenzas y peinados y transformar este arte en una oportunidad de negocio altamente rentable en un nicho muy apetecido.<\/p>\n<p>Con este MasterClass aprender\u00e1s de forma f\u00e1cil y pr\u00e1ctica como lograrlo y ganar mucho dinero. Adem\u00e1s, puedes conseguir:<\/p>\n<p>Aprender a realizar varios tipos de trenzas, hacer que tus clientes y amigos est\u00e9n a la \u00faltima en cuanto a tendencias de peinados.<br \/>\nIniciar con trenzas y peinados b\u00e1sicos hasta los m\u00e1s avanzados.<br \/>\nUn programa pr\u00e1ctico y f\u00e1cil de monetizar para tener ingresos con alta rentabilidad.<br \/>\nEntender un negocio sin necesidad de tener conocimientos previos.<br \/>\nAprender sobre trenzas y peinados, corte de cabello y maquillaje ayudando a otras personas a emprender.<br \/>\nRealizar trenzas y recogidos, para hacer peinados que mejor se adecuen a cada tipo de rostro y las facciones particulares de las personas.<\/p>\n<p>Desarrollado por ENER MERCEDES SUAREZ profesional en el \u00e1rea de la belleza, con m\u00e1s de 15 a\u00f1os de experiencia realizando trenzas y peinados en matrimonios, primeras comuniones, bautizos, graduaciones y fechas especiales. Ha sido contratada por varias academias de belleza como tutora compartiendo su experiencia conocimiento en trenzas y peinados, corte de cabello y maquillaje ayudando a otras personas a emprender.<\/p>\n<p>\u00bfCOMO LO VAS A LOGRAR? <\/p>\n<p>Este programa contiene 20 clases explicadas paso a paso haciendo que tu proceso de aprendizaje sea m\u00e1s f\u00e1cil, pr\u00e1ctico y divertido. Al finalizar el programa tendr\u00e1s la capacidad de hacer cualquier tipo de trenza y peinado. El programa de Trenzas y Peinados est\u00e1 dirigido a todo p\u00fablico con los siguientes m\u00f3dulos:<\/p>\n<p>M\u00f3dulo 1. Introducci\u00f3n a Trenzas y Peinados.<br \/>\nM\u00f3dulo 2. Trenza Interna y Externa.<br \/>\nM\u00f3dulo 3. Trenza Diadema B\u00e1sica.<br \/>\nM\u00f3dulo 4. Trenza La Campesina.<br \/>\nM\u00f3dulo 5. Trenza Cascada.<br \/>\nM\u00f3dulo 6. Trenza Coraz\u00f3n Enamorado.<br \/>\nM\u00f3dulo 7. Trenza Margarita.<br \/>\nM\u00f3dulo 8. Trenza Holandesa.<br \/>\nM\u00f3dulo 9. Trenza Shakira.<br \/>\nM\u00f3dulo 10. Trenza Paola.<br \/>\nM\u00f3dulo 11. Trenza Valentina<br \/>\nM\u00f3dulo 12. Trenza Zeta Con Puente.<br \/>\nM\u00f3dulo 13. Trenza Nahomi.<br \/>\nM\u00f3dulo 14. Trenza Abigail<br \/>\nM\u00f3dulo 15. Trenza Melissa.<br \/>\nM\u00f3dulo 16. Trenza Eclipse.<br \/>\nM\u00f3dulo 17. Trenza Mariposa.<br \/>\nM\u00f3dulo 18. Trenza Sara.<br \/>\nM\u00f3dulo 19. Trenza Pasacinta.<br \/>\nM\u00f3dulo 20. Peinado de Novia.<\/p>\n","protected":false},"excerpt":{"rendered":"<p>Verse bien es un verdadero arte. Muchas mujeres siempre han querido hacerse trenzas y peinados y transformar este arte en una oportunidad de negocio altamente rentable en un nicho muy apetecido.<\/p>\n","protected":false},"featured_media":3317,"template":"","meta":{"_joinchat":[]},"product_brand":[],"product_cat":[317,344],"product_tag":[],"class_list":{"0":"post-11516","1":"product","2":"type-product","3":"status-publish","4":"has-post-thumbnail","6":"product_cat-belleza-y-moda","7":"product_cat-todos","9":"first","10":"instock","11":"sale","12":"shipping-taxable","13":"product-type-external"},"_links":{"self":[{"href":"https:\/\/www.cursos.olgavelez.co\/cu\/wp-json\/wp\/v2\/product\/11516","targetHints":{"allow":["GET"]}}],"collection":[{"href":"https:\/\/www.cursos.olgavelez.co\/cu\/wp-json\/wp\/v2\/product"}],"about":[{"href":"https:\/\/www.cursos.olgavelez.co\/cu\/wp-json\/wp\/v2\/types\/product"}],"version-history":[{"count":2,"href":"https:\/\/www.cursos.olgavelez.co\/cu\/wp-json\/wp\/v2\/product\/11516\/revisions"}],"predecessor-version":[{"id":14031,"href":"https:\/\/www.cursos.olgavelez.co\/cu\/wp-json\/wp\/v2\/product\/11516\/revisions\/14031"}],"wp:featuredmedia":[{"embeddable":true,"href":"https:\/\/www.cursos.olgavelez.co\/cu\/wp-json\/wp\/v2\/media\/3317"}],"wp:attachment":[{"href":"https:\/\/www.cursos.olgavelez.co\/cu\/wp-json\/wp\/v2\/media?parent=11516"}],"wp:term":[{"taxonomy":"product_brand","embeddable":true,"href":"https:\/\/www.cursos.olgavelez.co\/cu\/wp-json\/wp\/v2\/product_brand?post=11516"},{"taxonomy":"product_cat","embeddable":true,"href":"https:\/\/www.cursos.olgavelez.co\/cu\/wp-json\/wp\/v2\/product_cat?post=11516"},{"taxonomy":"product_tag","embeddable":true,"href":"https:\/\/www.cursos.olgavelez.co\/cu\/wp-json\/wp\/v2\/product_tag?post=11516"}],"curies":[{"name":"wp","href":"https:\/\/api.w.org\/{rel}","templated":true}]}}