{"id":11515,"date":"2023-01-10T04:39:04","date_gmt":"2023-01-10T07:39:04","guid":{"rendered":"https:\/\/www.cursos.olgavelez.co\/cu\/?post_type=product&#038;p=11515"},"modified":"2023-09-20T16:05:12","modified_gmt":"2023-09-20T19:05:12","slug":"ropa-para-hombre-a-la-medida","status":"publish","type":"product","link":"https:\/\/www.cursos.olgavelez.co\/cu\/producto\/ropa-para-hombre-a-la-medida\/","title":{"rendered":"ROPA PARA HOMBRE A LA MEDIDA"},"content":{"rendered":"<p>\u00bfQU\u00c9 VAS A LOGRAR?<\/p>\n<p>Muchos se han preguntado: \u00bfes rentable el negocio de ropa a media? !Claro que s\u00ed! Si bien hoy en d\u00eda hay muchas tiendas de ropa que ya venden hechos pantalones y chalecos, no siempre encontramos uno a nuestro gusto o medida. De ah\u00ed que la gran mayor\u00eda de gente, tiene que mandar a arreglar la ropa que compr\u00f3.Este es un MasterClass de ropa a medida para caballeros como oportunidad de negocio. Te ense\u00f1aremos a confeccionar un pantal\u00f3n o un chaleco a medida desde cero&#8230; y lo mejor de todo, sin tener experiencia.<\/p>\n<p>Con este curso lograr\u00e1s:<\/p>\n<p>Aprender sin conocimientos previos y de manera muy sencilla y pr\u00e1ctica, c\u00f3mo hacer desde la medida hasta el acabado final de estas dos prendas.<br \/>\nTener una gu\u00eda pr\u00e1ctica para que inicies un negocio de ropa a la medida para caballeros rentable.<br \/>\nConvertirte en un referente de marca personal y corporativa para crear tus propios dise\u00f1os a la medida.<br \/>\nAumentar tus ingresos en un nicho de mercado que ha crecido exponencialmente en los \u00fatimos a\u00f1os.<br \/>\nSacar adelante un negocio que se te puede transformar en tu proyecto de vida cuando otros negocios fallan.<br \/>\nElaborar un pantal\u00f3n a medida para que el cliente pueda elegir, el dise\u00f1o, el color, la tela y muchos otros detalles que le garanticen un buen trabajo.<br \/>\nAcceso para toda la vida al curso y las lecciones desde tu computadora, Tablet o celular.<br \/>\nHacer tus consultas por un grupo de t\u00e9legram solo para usuarios de este curso.<br \/>\nActualizaciones constantes.<\/p>\n<p>Desarrollado por Julio Cesar con m\u00e1s de 10 a\u00f1os de experiencia haciendo ropa a la medida para hombre. Con su taller de sastrer\u00eda hace todo tipo de dise\u00f1os de trajes a la medida, desde trajes para oficinas hasta de novios. Desde muy joven presta sus servicios de confecci\u00f3n de pantal\u00f3n para sastres con mucha experiencia. Con tanta experiencia acumulada, finalmente comenz\u00f3 su propia sastrer\u00eda. Aunque al inicio fue dif\u00edcil hacer clientes, con constancia y buen trabajo hace env\u00edos a todo el mundo dejando a muchos clientes satisfechos quienes lo perciben como una autoridad en la materia gracias a su calidad en el corte, dise\u00f1o y confecci\u00f3n.<\/p>\n<p>\u00bfC\u00d3MO LO VAS A LOGRAR?<\/p>\n<p>A partir de un curso muy completo distribuido en diferentes lecciones:<\/p>\n<p>Modulo 1: Pantal\u00f3n para caballero hecho a la medida.<\/p>\n<p>Tomar medidas<br \/>\nTrazar directamente en la tela.<br \/>\nCortar.<br \/>\nHabilitar las piezas.<br \/>\nConstrucci\u00f3n de bolsillos.<br \/>\nPoner cierre.<br \/>\nPlanchado<br \/>\nEntre otros.<\/p>\n<p>Modulo 2: Chaleco a medida para caballeros.<\/p>\n<p>Toma de medidas.<br \/>\nTrazo de la espalda.<br \/>\nTrazo de la parte delantera.<br \/>\nCorte.<br \/>\nHabilitaci\u00f3n.<br \/>\nTodo el proceso de confecci\u00f3n.<br \/>\nPlanchado y acabado final.<\/p>\n","protected":false},"excerpt":{"rendered":"<p>Muchos se han preguntado: \u00bfes rentable el negocio de ropa a media? !Claro que s\u00ed! Si bien hoy en d\u00eda hay muchas tiendas de ropa que ya venden hechos pantalones y chalecos, no siempre encontramos uno a nuestro gusto o medida. De ah\u00ed que la gran mayor\u00eda de gente, tiene que mandar a arreglar la ropa que compr\u00f3.Este es un MasterClass de ropa a medida para caballeros como oportunidad de negocio. Te ense\u00f1aremos a confeccionar un pantal\u00f3n o un chaleco a medida desde cero&#8230; y lo mejor de todo, sin tener experiencia.<\/p>\n","protected":false},"featured_media":3316,"template":"","meta":{"_joinchat":[]},"product_brand":[],"product_cat":[317,344],"product_tag":[],"class_list":{"0":"post-11515","1":"product","2":"type-product","3":"status-publish","4":"has-post-thumbnail","6":"product_cat-belleza-y-moda","7":"product_cat-todos","9":"first","10":"instock","11":"sale","12":"shipping-taxable","13":"product-type-external"},"_links":{"self":[{"href":"https:\/\/www.cursos.olgavelez.co\/cu\/wp-json\/wp\/v2\/product\/11515","targetHints":{"allow":["GET"]}}],"collection":[{"href":"https:\/\/www.cursos.olgavelez.co\/cu\/wp-json\/wp\/v2\/product"}],"about":[{"href":"https:\/\/www.cursos.olgavelez.co\/cu\/wp-json\/wp\/v2\/types\/product"}],"version-history":[{"count":2,"href":"https:\/\/www.cursos.olgavelez.co\/cu\/wp-json\/wp\/v2\/product\/11515\/revisions"}],"predecessor-version":[{"id":14030,"href":"https:\/\/www.cursos.olgavelez.co\/cu\/wp-json\/wp\/v2\/product\/11515\/revisions\/14030"}],"wp:featuredmedia":[{"embeddable":true,"href":"https:\/\/www.cursos.olgavelez.co\/cu\/wp-json\/wp\/v2\/media\/3316"}],"wp:attachment":[{"href":"https:\/\/www.cursos.olgavelez.co\/cu\/wp-json\/wp\/v2\/media?parent=11515"}],"wp:term":[{"taxonomy":"product_brand","embeddable":true,"href":"https:\/\/www.cursos.olgavelez.co\/cu\/wp-json\/wp\/v2\/product_brand?post=11515"},{"taxonomy":"product_cat","embeddable":true,"href":"https:\/\/www.cursos.olgavelez.co\/cu\/wp-json\/wp\/v2\/product_cat?post=11515"},{"taxonomy":"product_tag","embeddable":true,"href":"https:\/\/www.cursos.olgavelez.co\/cu\/wp-json\/wp\/v2\/product_tag?post=11515"}],"curies":[{"name":"wp","href":"https:\/\/api.w.org\/{rel}","templated":true}]}}