{"id":11514,"date":"2023-01-10T04:39:04","date_gmt":"2023-01-10T07:39:04","guid":{"rendered":"https:\/\/www.cursos.olgavelez.co\/cu\/?post_type=product&#038;p=11514"},"modified":"2023-09-20T16:05:12","modified_gmt":"2023-09-20T19:05:12","slug":"pedicurista-premium","status":"publish","type":"product","link":"https:\/\/www.cursos.olgavelez.co\/cu\/producto\/pedicurista-premium\/","title":{"rendered":"PEDICURISTA PREMIUM"},"content":{"rendered":"<p>\u00bfQU\u00c9 VAS A LOGRAR?<\/p>\n<p>Sin duda, el cuidado de las u\u00f1as est\u00e1 de moda. Por ello, no es de extra\u00f1ar que los centros de belleza se est\u00e9n multiplicando. Tambi\u00e9n, cada vez son m\u00e1s las personas que apuestan por formarse en este \u00e1mbito. <\/p>\n<p>Este MasterClass de PEDICURISTA PREMIUM ofrece al estudiante la apertura de una amplia gama de posibilidades en el negocio de la est\u00e9tica, al ser una especialidad con alta demanda y muy rentable.<\/p>\n<p>La pedicura consiste en un tratamiento est\u00e9tico y de las afecciones cut\u00e1neas corneas de los pies, o m\u00e1s conocido como u\u00f1as. En definitiva, con la pedicura se busca mejorar tanto el aspecto visual de los pies como de las u\u00f1as.<\/p>\n<p>Por eso en Pedicurista Premium, queremos poner a tu disposici\u00f3n una formaci\u00f3n de calidad y sin complicaciones, para que en un futuro llegues a ser todo un experto en pedicura.<\/p>\n<p>La pedicura es un tratamiento cosm\u00e9tico superficial de las u\u00f1as de los pies y de los pies en general. Es decir, no se trata exclusivamente de las u\u00f1as de los pies, sino de su cuidado integral.<\/p>\n<p>Al terminar su formaci\u00f3n, el personal t\u00e9cnico esta capacitado eficientemente para la prevenci\u00f3n y el tratamiento de las diversas patolog\u00edas del pie con un conocimiento perfecto para:<\/p>\n<p>Evaluar y aplicar las t\u00e9cnicas podol\u00f3gicas recuperativas (manejo de la fisiolog\u00eda y enfermedades de los pies).<\/p>\n<p>Aplicar las medidas de prevenci\u00f3n de las enfermedades del pie y las u\u00f1as en los pacientes diab\u00e9ticos y adultos mayores.<\/p>\n<p>Implementar las t\u00e9cnicas cosm\u00e9ticas en las u\u00f1as y de prevenci\u00f3n de las patolog\u00edas m\u00e1s comunes.<\/p>\n<p>Identificar y aplicar un plan de negociaciones adecuado para conformar y gestionar una micro empresa en este ramo de la cosm\u00e9tica y la salud.<\/p>\n<p>Aprender a tratar problemas del pie, dar masajes y realizar pedicuras de forma profesional. \u00a1No te arrepentir\u00e1s! <\/p>\n<p>Realizar un confortable masaje durante el tratamiento (Reflexolog\u00eda), donde se aumenta la circulaci\u00f3n sangu\u00ednea, mejorando la oxigenaci\u00f3n del cuerpo del paciente.<\/p>\n<p>Evitar problemas futuros, como u\u00f1as encarnadas, callos, etc.<\/p>\n<p>Conocer c\u00f3mo desinflamar, drenar los l\u00edquidos retenidos y liberar toxinas del cuerpo.<\/p>\n<p>Hidratar los pies para obtener una textura de la piel m\u00e1s suave.<br \/>\nConocer en detalle las t\u00e9cnicas de la pedicura.<\/p>\n<p>Identificar las alteraciones o enfermedades sufridas en los pies.<br \/>\nConocer y saber c\u00f3mo manejar en pedicura, los utensilios y cosm\u00e9ticos a utilizar.<\/p>\n<p>Realizar el dise\u00f1o de u\u00f1as, reconstrucci\u00f3n de la u\u00f1a con u\u00f1as artificiales, etc. <\/p>\n<p>Conseguir un aspecto saludable al eliminar c\u00e9lulas muertas, callosidades y realizando cuidados en las u\u00f1as, cut\u00edculas y talones m\u00e1s agrietados, etc. <\/p>\n<p>Desarrollado por LAURA MALPARTIDA, Directora de un prestigioso Instituto de Belleza. Fundadora y creadora de PEDICURISTA PREMIUM, curso de Formaci\u00f3n para Pedicurista, reflexolog\u00eda y podolog\u00eda est\u00e9tica Online. <\/p>\n<p>De la mano de G\u00e9nesis Carrillo, Katherine Rada y Yermira, c\u00f3mo encargadas del \u00e1rea de Pedicure, Podolog\u00eda y reflexolog\u00eda, respectivamente. Ellas, son las Instructoras del Curso Completo con un conocimiento complementario.<\/p>\n<p>\u00bfC\u00d3MO LO VAS A LOGRAR?<\/p>\n<p>Este MasterClass est\u00e1 dirigido a todos\/as aquellos\/as profesionales del sector de la est\u00e9tica y la pedicura que desean desarrollar y ampliar a\u00fan m\u00e1s sus conocimientos sobre las t\u00e9cnicas de tratamiento de pies.<\/p>\n<p>Con nuestra metodolog\u00eda de aprendizaje conseguir\u00e1s f\u00e1cilmente realizar el pedicure de forma profesional y obtener todos los conocimientos necesarios para empezar a trabajar en esta profesi\u00f3n de forma segura, sin tener ning\u00fan conocimiento previo a trav\u00e9s de los siguientes m\u00f3dulos:<\/p>\n<p>1.\tIntroducci\u00f3n (zoom).<br \/>\n2.\tEquipar un gabinete de pedicure.<br \/>\n3.\tInstructoras del curso.<br \/>\n4.\tAsesor\u00edas en vivo y Grupo Privado .<br \/>\n5.\tPresentaci\u00f3n de Materiales (Pedicure).<br \/>\n6.\tLimpieza de las u\u00f1as y del pie para esmaltado tradicional<br \/>\n7.\tEsmaltado con esmalte tradicional.<br \/>\n8.\tReconstrucci\u00f3n de una u\u00f1a con hongos.<br \/>\n9.\tLimpieza de las u\u00f1as y del pie para esmaltado permanente.<br \/>\n10.\tIntroducci\u00f3n a la Reflexolog\u00eda.<br \/>\n11.\tPresentaci\u00f3n de materiales en Reflexolog\u00eda.<br \/>\n12.\tReflexolog\u00eda.<br \/>\n13.\tPodolog\u00eda, Presentaci\u00f3n de Materiales.<br \/>\n14.\t Podolog\u00eda, limpieza del pie con Callosidad (tratamiento podol\u00f3gico).<br \/>\n15.\tPodolog\u00eda, limpieza de la u\u00f1a enterada o u\u00f1ero.<br \/>\n16.\tPodolog\u00eda, limpieza de la u\u00f1a con Hongos.<br \/>\n17.\tExfoliaci\u00f3n del Pie.<\/p>\n","protected":false},"excerpt":{"rendered":"<p>\u00bfQU\u00c9 VAS A LOGRAR?<\/p>\n<p>Sin duda, el cuidado de las u\u00f1as est\u00e1 de moda. Por ello, no es de extra\u00f1ar que los centros de belleza se est\u00e9n multiplicando. Tambi\u00e9n, cada vez son m\u00e1s las personas que apuestan por formarse en este \u00e1mbito. <\/p>\n<p>Este MasterClass de PEDICURISTA PREMIUM ofrece al estudiante la apertura de una amplia gama de posibilidades en el negocio de la est\u00e9tica, al ser una especialidad con alta demanda y muy rentable.<\/p>\n<p>La pedicura consiste en un tratamiento est\u00e9tico y de las afecciones cut\u00e1neas corneas de los pies, o m\u00e1s conocido como u\u00f1as. En definitiva, con la pedicura se busca mejorar tanto el aspecto visual de los pies como de las u\u00f1as.<\/p>\n<p>Por eso en Pedicurista Premium, queremos poner a tu disposici\u00f3n una formaci\u00f3n de calidad y sin complicaciones, para que en un futuro llegues a ser todo un experto en pedicura.<\/p>\n<p>La pedicura es un tratamiento cosm\u00e9tico superficial de las u\u00f1as de los pies y de los pies en general. Es decir, no se trata exclusivamente de las u\u00f1as de los pies, sino de su cuidado integral.<\/p>\n<p>Al terminar su formaci\u00f3n, el personal t\u00e9cnico esta capacitado eficientemente para la prevenci\u00f3n y el tratamiento de las diversas patolog\u00edas del pie con un conocimiento perfecto para:<\/p>\n<p>Evaluar y aplicar las t\u00e9cnicas podol\u00f3gicas recuperativas (manejo de la fisiolog\u00eda y enfermedades de los pies).<\/p>\n<p>Aplicar las medidas de prevenci\u00f3n de las enfermedades del pie y las u\u00f1as en los pacientes diab\u00e9ticos y adultos mayores.<\/p>\n<p>Implementar las t\u00e9cnicas cosm\u00e9ticas en las u\u00f1as y de prevenci\u00f3n de las patolog\u00edas m\u00e1s comunes.<\/p>\n<p>Identificar y aplicar un plan de negociaciones adecuado para conformar y gestionar una micro empresa en este ramo de la cosm\u00e9tica y la salud.<\/p>\n<p>Aprender a tratar problemas del pie, dar masajes y realizar pedicuras de forma profesional. \u00a1No te arrepentir\u00e1s! <\/p>\n<p>Realizar un confortable masaje durante el tratamiento (Reflexolog\u00eda), donde se aumenta la circulaci\u00f3n sangu\u00ednea, mejorando la oxigenaci\u00f3n del cuerpo del paciente.<\/p>\n<p>Evitar problemas futuros, como u\u00f1as encarnadas, callos, etc.<\/p>\n<p>Conocer c\u00f3mo desinflamar, drenar los l\u00edquidos retenidos y liberar toxinas del cuerpo.<\/p>\n<p>Hidratar los pies para obtener una textura de la piel m\u00e1s suave.<br \/>\nConocer en detalle las t\u00e9cnicas de la pedicura.<\/p>\n<p>Identificar las alteraciones o enfermedades sufridas en los pies.<br \/>\nConocer y saber c\u00f3mo manejar en pedicura, los utensilios y cosm\u00e9ticos a utilizar.<\/p>\n<p>Realizar el dise\u00f1o de u\u00f1as, reconstrucci\u00f3n de la u\u00f1a con u\u00f1as artificiales, etc. <\/p>\n<p>Conseguir un aspecto saludable al eliminar c\u00e9lulas muertas, callosidades y realizando cuidados en las u\u00f1as, cut\u00edculas y talones m\u00e1s agrietados, etc. <\/p>\n<p>Desarrollado por LAURA MALPARTIDA, Directora de un prestigioso Instituto de Belleza. Fundadora y creadora de PEDICURISTA PREMIUM, curso de Formaci\u00f3n para Pedicurista, reflexolog\u00eda y podolog\u00eda est\u00e9tica Online. <\/p>\n<p>De la mano de G\u00e9nesis Carrillo, Katherine Rada y Yermira, c\u00f3mo encargadas del \u00e1rea de Pedicure, Podolog\u00eda y reflexolog\u00eda, respectivamente. Ellas, son las Instructoras del Curso Completo con un conocimiento complementario.<\/p>\n","protected":false},"featured_media":3315,"template":"","meta":{"_joinchat":[]},"product_brand":[],"product_cat":[317,344],"product_tag":[],"class_list":{"0":"post-11514","1":"product","2":"type-product","3":"status-publish","4":"has-post-thumbnail","6":"product_cat-belleza-y-moda","7":"product_cat-todos","9":"first","10":"instock","11":"sale","12":"shipping-taxable","13":"product-type-external"},"_links":{"self":[{"href":"https:\/\/www.cursos.olgavelez.co\/cu\/wp-json\/wp\/v2\/product\/11514","targetHints":{"allow":["GET"]}}],"collection":[{"href":"https:\/\/www.cursos.olgavelez.co\/cu\/wp-json\/wp\/v2\/product"}],"about":[{"href":"https:\/\/www.cursos.olgavelez.co\/cu\/wp-json\/wp\/v2\/types\/product"}],"version-history":[{"count":2,"href":"https:\/\/www.cursos.olgavelez.co\/cu\/wp-json\/wp\/v2\/product\/11514\/revisions"}],"predecessor-version":[{"id":14029,"href":"https:\/\/www.cursos.olgavelez.co\/cu\/wp-json\/wp\/v2\/product\/11514\/revisions\/14029"}],"wp:featuredmedia":[{"embeddable":true,"href":"https:\/\/www.cursos.olgavelez.co\/cu\/wp-json\/wp\/v2\/media\/3315"}],"wp:attachment":[{"href":"https:\/\/www.cursos.olgavelez.co\/cu\/wp-json\/wp\/v2\/media?parent=11514"}],"wp:term":[{"taxonomy":"product_brand","embeddable":true,"href":"https:\/\/www.cursos.olgavelez.co\/cu\/wp-json\/wp\/v2\/product_brand?post=11514"},{"taxonomy":"product_cat","embeddable":true,"href":"https:\/\/www.cursos.olgavelez.co\/cu\/wp-json\/wp\/v2\/product_cat?post=11514"},{"taxonomy":"product_tag","embeddable":true,"href":"https:\/\/www.cursos.olgavelez.co\/cu\/wp-json\/wp\/v2\/product_tag?post=11514"}],"curies":[{"name":"wp","href":"https:\/\/api.w.org\/{rel}","templated":true}]}}