{"id":11513,"date":"2023-01-10T04:39:04","date_gmt":"2023-01-10T07:39:04","guid":{"rendered":"https:\/\/www.cursos.olgavelez.co\/cu\/?post_type=product&#038;p=11513"},"modified":"2023-09-20T16:05:12","modified_gmt":"2023-09-20T19:05:12","slug":"adelgaza-sin-salir-de-casa","status":"publish","type":"product","link":"https:\/\/www.cursos.olgavelez.co\/cu\/producto\/adelgaza-sin-salir-de-casa\/","title":{"rendered":"ADELGAZA SIN SALIR DE CASA"},"content":{"rendered":"<p>\u00bfQU\u00c9 VAS A LOGRAR?<\/p>\n<p>\u00bfSab\u00edas que 45 minutos al d\u00eda son suficientes para empezar a mejorar tu estado f\u00edsico y emocional?<\/p>\n<p>Con este MasterClass:<\/p>\n<p>Ahorrar\u00e1s mucho dinero en DIETAS y GIMNASIOS.<\/p>\n<p>Mejorar\u00e1s tu estado f\u00edsico con un programa que te ayudar\u00e1 a darle a tu vida m\u00e1s energ\u00eda reduciendo niveles de depresi\u00f3n y ansiedad.<\/p>\n<p>Tendr\u00e1s dos entrenadores profesionales de manera virtual que te ayudar\u00e1n a lograr tus objetivos.<\/p>\n<p>Ahorrar\u00e1s much\u00edsimo tiempo usando nuestro entrenamiento de tan solo 45 minutos al d\u00eda.<\/p>\n<p>Aprender\u00e1s a ser recursivo y usar los elementos de tu hogar para hacer nuestros entrenamientos.<\/p>\n<p>Podr\u00e1s entrenar con la ropa que desees; deportiva e Incluso con tu pijama.<\/p>\n<p>Podr\u00e1s tener al alcance de tu mano un tel\u00e9fono o una computadora.<\/p>\n<p>El tiempo, el dinero y el lugar dejar\u00e1n de ser un problema para ti a la hora de lograr tus objetivos corporales. <\/p>\n<p>Tendr\u00e1s las herramientas necesarias, para lograr tus objetivos f\u00edsicos, adquirir h\u00e1bitos m\u00e1s saludables y mejorar tu salud gracias a su entrenamiento.<\/p>\n<p>\u00bfC\u00d3MO LO VAS A LOGRAR?<\/p>\n<p>Con un m\u00e9todo de entrenamiento comprobado de tan s\u00f3lo 45 minutos al d\u00eda\/5 d\u00edas a la semana donde te guiar\u00e1n y motivar\u00e1n desde la comodidad de tu casa, usando elementos pr\u00e1cticos para que hagas del ejercicio un h\u00e1bito que no podr\u00e1 faltar en tu d\u00eda a d\u00eda. All\u00ed veremos distintos grupos musculares.<\/p>\n<p>Este MasterClass est\u00e1 dividido en 6 niveles de dificultad:<\/p>\n<p>Nivel b\u00e1sico 1: pensado para personas que est\u00e1n iniciando en el mundo de la actividad f\u00edsica. (5 clases)<\/p>\n<p>Nivel B\u00e1sico 2: M\u00e1s exigente que el anterior donde usaremos elementos del hogar para las rutinas de ejercicio. (5 clases) <\/p>\n<p>Nivel Intermedio 1: Perfecto para personas que ya han realizado actividad f\u00edsica y desean seguir entrenando con un m\u00e9todo 100% efectivo. (5 clases).<\/p>\n<p>Nivel Intermedio 2: Te pondr\u00e1s a prueba y empezar\u00e1s a ver como tu cuerpo y tu mente se fortalecen, usando elementos con mucho m\u00e1s peso. (5 clases). <\/p>\n<p>Nivel Avanzado 1: Todo un reto para ti, con rutinas m\u00e1s complejas y un entrenamiento m\u00e1s fuerte, viendo un cambio muy positivo en tu cuerpo para sentirte lleno de vitalidad. (5 clases) <\/p>\n<p>Nivel Avanzado 2: Es el m\u00e1s exigente, te pondr\u00e1s a prueba siendo m\u00e1s consciente del gran potencial que tienes y de las ventajas del ejercicio. (5 clases)<\/p>\n<p>Y un Bonus especial de 10 clases de regalo.<\/p>\n<p>BONO DE BAILE: Aqu\u00ed te compartiremos nuestra experiencia como bailarines profesionales en donde te divertir\u00e1s y aprender\u00e1s pasos b\u00e1sicos de diferentes g\u00e9neros musicales. (3 clases de baile).<\/p>\n<p>BONO PARA MUJERES EN EMBARAZO: Exclusivo para las futuras mamitas que quieren mantenerse activas durante esta bella etapa, donde trabajaras distintos grupos musculares. (3 clases)<\/p>\n<p>BONO PARA EL ADULTO MAYOR: Con ejercicios sencillos donde fortalecer\u00e1s todos los grupos musculares, ayud\u00e1ndote a prevenir dolores y molestias f\u00edsicas. (2 clases)<\/p>\n<p>BONO DE ESTIRAMIENTO: ejercicios muy efectivos para elongar tu cuerpo y as\u00ed evitar lesiones o dolores f\u00edsicos a futuro. (2 clases; b\u00e1sica y avanzada)<\/p>\n<p>ACERCA DE LA PRODUCTORA<\/p>\n<p>Desarrollado por NATALIA ALARC\u00d3N Y CRISTIAN ESPINOSA artistas, bailarines y entrenadores profesionales amantes de la actividad f\u00edsica, con un gran recorrido internacional compartiendo su conocimiento con personas de todas las edades, desde ni\u00f1os, adolescentes, adultos y adultos mayores, en pa\u00edses como CHINA- KOREA DEL SUR \u2013 M\u00c9XICO \u2013ITALIA- FRANCIA- TURQUIA y U.S.A, entre otros.<\/p>\n","protected":false},"excerpt":{"rendered":"<p>\u00bfSab\u00edas que 45 minutos al d\u00eda son suficientes para empezar a mejorar tu estado f\u00edsico y emocional?<\/p>\n","protected":false},"featured_media":3313,"template":"","meta":{"_joinchat":[]},"product_brand":[],"product_cat":[317,344],"product_tag":[],"class_list":{"0":"post-11513","1":"product","2":"type-product","3":"status-publish","4":"has-post-thumbnail","6":"product_cat-belleza-y-moda","7":"product_cat-todos","9":"first","10":"instock","11":"sale","12":"shipping-taxable","13":"product-type-external"},"_links":{"self":[{"href":"https:\/\/www.cursos.olgavelez.co\/cu\/wp-json\/wp\/v2\/product\/11513","targetHints":{"allow":["GET"]}}],"collection":[{"href":"https:\/\/www.cursos.olgavelez.co\/cu\/wp-json\/wp\/v2\/product"}],"about":[{"href":"https:\/\/www.cursos.olgavelez.co\/cu\/wp-json\/wp\/v2\/types\/product"}],"version-history":[{"count":4,"href":"https:\/\/www.cursos.olgavelez.co\/cu\/wp-json\/wp\/v2\/product\/11513\/revisions"}],"predecessor-version":[{"id":16031,"href":"https:\/\/www.cursos.olgavelez.co\/cu\/wp-json\/wp\/v2\/product\/11513\/revisions\/16031"}],"wp:featuredmedia":[{"embeddable":true,"href":"https:\/\/www.cursos.olgavelez.co\/cu\/wp-json\/wp\/v2\/media\/3313"}],"wp:attachment":[{"href":"https:\/\/www.cursos.olgavelez.co\/cu\/wp-json\/wp\/v2\/media?parent=11513"}],"wp:term":[{"taxonomy":"product_brand","embeddable":true,"href":"https:\/\/www.cursos.olgavelez.co\/cu\/wp-json\/wp\/v2\/product_brand?post=11513"},{"taxonomy":"product_cat","embeddable":true,"href":"https:\/\/www.cursos.olgavelez.co\/cu\/wp-json\/wp\/v2\/product_cat?post=11513"},{"taxonomy":"product_tag","embeddable":true,"href":"https:\/\/www.cursos.olgavelez.co\/cu\/wp-json\/wp\/v2\/product_tag?post=11513"}],"curies":[{"name":"wp","href":"https:\/\/api.w.org\/{rel}","templated":true}]}}