{"id":11449,"date":"2023-01-10T04:38:58","date_gmt":"2023-01-10T07:38:58","guid":{"rendered":"https:\/\/www.cursos.olgavelez.co\/cu\/?post_type=product&#038;p=11449"},"modified":"2023-09-20T16:05:10","modified_gmt":"2023-09-20T19:05:10","slug":"accesorios-para-el-cabello-de-las-ninas","status":"publish","type":"product","link":"https:\/\/www.cursos.olgavelez.co\/cu\/producto\/accesorios-para-el-cabello-de-las-ninas\/","title":{"rendered":"ACCESORIOS PARA EL CABELLO DE LAS NI\u00d1AS"},"content":{"rendered":"<p>Los accesorios para el cabello, hoy son tendencia mundial, donde el 87% de las mujeres realizan compras para complementar sus atuendos, especialmente las ni\u00f1as.<\/p>\n<p>Aprende a dise\u00f1ar el look m\u00e1s vanguardista con el MasterClass ACCESORIOS PARA EL CABELLO DE LAS NI\u00d1AS y crea accesorios con las t\u00e9cnicas m\u00e1s sencillas con un resultado profesional.     <\/p>\n<p> Incluso, puedes montar tu propio negocio.<\/p>\n<p>Activa tu creatividad realizando accesorios de lujo, combinando colores estampados y diferentes materiales decorativos para el cabello de las ni\u00f1as.<\/p>\n<p>\u00bfQUE VAS A LOGRAR?<\/p>\n<p>Podr\u00e1s iniciar tu negocio desde la comodidad de tu casa. <\/p>\n<p>Aprender\u00e1s desde cero a realizar accesorios para el cabello con una t\u00e9cnica f\u00e1cil y sencilla obteniendo como resultado lazos est\u00e9ticamente bien elaborados.<\/p>\n<p>Aprender\u00e1s a realizar tus dise\u00f1os con bajo presupuesto y optimizando los materiales.<\/p>\n<p>Realizar\u00e1s variedad de tama\u00f1os de accesorios combinando colores y logrando resultados hermosos.<\/p>\n<p>Lograr\u00e1s desarrollar tu creatividad, realizando accesorios de lujo y dise\u00f1ando a tu gusto.<\/p>\n<p>Combina colores estampados y diferentes materiales decorativos.<\/p>\n<p>Comprender\u00e1s la importancia de marcar la diferencia en un mercado competitivo. <\/p>\n<p>Acceder\u00e1s al certificado avalado por Hotmart y Seminarios Online.<\/p>\n<p>\u00bfC\u00d3MO LO VAS A LOGRAR?<\/p>\n<p>En este Master Class encontrar\u00e1s lecciones en tres niveles: B\u00e1sico, medio y avanzado est\u00e1 dise\u00f1ada para que escales en conocimiento y pr\u00e1ctica logrando realizar accesorios sencillos hasta los m\u00e1s elaborados.<\/p>\n<p>Video 1. Grupo Privado de Facebook<br \/>\nVideo 2. Introducci\u00f3n<br \/>\nVideo 3. Presentaci\u00f3n<br \/>\nVideo 4. Sugerencias antes de iniciar<br \/>\nVideo 5. Materiales<br \/>\nVideo 6. Recomendaciones  <\/p>\n<p> Video 7. NIVEL B\u00c1SICO<\/p>\n<p>Video 8. Clase 1 &#8211; preparaci\u00f3n de pinzas.<br \/>\nVideo 9. Clase 2 &#8211; Lazo B\u00e1sico con una pieza de list\u00f3n.<br \/>\nVideo 10. Clase 3 &#8211; Lazo B\u00e1sico sobrepuesto con dos piezas de list\u00f3n<br \/>\nVideo 11. Clase 4 &#8211; Lazo B\u00e1sico dos piezas de list\u00f3n paralelas<br \/>\nVideo 12. Clase 5 &#8211; Lazo B\u00e1sico dos piezas de list\u00f3n sobrepuesto parcialmente<br \/>\nVideo 13. Clase 6 &#8211; Lazo B\u00e1sico cruzado con dos piezas de list\u00f3n<br \/>\nVideo 14. Clase 7 &#8211; Lazo B\u00e1sico tres piezas de list\u00f3n, 2 paralelas y 1 sobrepuesta<br \/>\nVideo 15. Clase 8 &#8211; Lazo B\u00e1sico tres piezas de list\u00f3n, 2 paralelas y 1 sobrepuesta inverso<br \/>\nVideo 16. Clase 9 &#8211; Lazo B\u00e1sico tres piezas de list\u00f3n, parcialmente sobrepuesto <\/p>\n<p>Video 17. NIVEL MEDIO <\/p>\n<p>Video 18. Clase 10 &#8211; Lazo Dimensional<br \/>\nVideo 19. Clase 11 &#8211; Lazo Dimensional modificado<br \/>\nVideo 20. Clase 12 &#8211; Lazo Olanes<br \/>\nVideo 21. Clase 13 &#8211; Lazo Olanes modificado<br \/>\nVideo 22. Clase 14 &#8211; Lazo Mariposa<\/p>\n<p>Video 22. NIVEL AVANZADO<\/p>\n<p>Video 23. Clase 15 &#8211; Elabora tus propios moldes para lazos vinil\/cuerina\/sint\u00e9tico<br \/>\n            Moldes (Archivo PDF) <\/p>\n<p>Video 24. Clase 16 &#8211; Armado de lazos de vinil\/cuerina\/sint\u00e9tico<br \/>\nVideo 25. Clase 17 &#8211; Accesorios con tull<br \/>\nVideo 26. Clase 18 &#8211; Accesorio de lujo 1<br \/>\nVideo 27. Clase 19 &#8211; Accesorio de lujo 2<br \/>\nVideo 28. Clase 20 &#8211; Accesorio de lujo 3<br \/>\nVideo 29. Ideas de Sets<\/p>\n<p>Video 30. Bono 1 &#8211; Pasos para iniciar tu negocio<br \/>\nVideo 31. Bono 2 &#8211; Mo\u00f1o Boutique<br \/>\nVideo 32. Bono 3 &#8211; C\u00f3mo poner precio a tus creaciones<\/p>\n<p>Video 33 Agradecimientos<\/p>\n<p>ACERCA DE LA PRODUCTORA<\/p>\n<p>Desarrollado por, KELLY JOANA HERRERA ACEVEDO, Administradora de Empresas, amante de las manualidades.<\/p>\n<p>Con 8 a\u00f1os de experiencia en el dise\u00f1o de accesorios para el cabello.<\/p>\n<p>Kelly es conocida por su creatividad y pasi\u00f3n para realizar trabajo manual y es propietaria de la tienda Online KH Tutus y Accesorios en la cual comercializa sus productos.<\/p>\n","protected":false},"excerpt":{"rendered":"<p>Los accesorios para el cabello, hoy son tendencia mundial, donde el 87% de las mujeres realizan compras para complementar sus atuendos, especialmente las ni\u00f1as.<\/p>\n<p>Aprende a dise\u00f1ar el look m\u00e1s vanguardista con el MasterClass ACCESORIOS PARA EL CABELLO DE LAS NI\u00d1AS y crea accesorios con las t\u00e9cnicas m\u00e1s sencillas con un resultado profesional.     <\/p>\n<p> Incluso, puedes montar tu propio negocio.<\/p>\n<p>Activa tu creatividad realizando accesorios de lujo, combinando colores estampados y diferentes materiales decorativos para el cabello de las ni\u00f1as.<\/p>\n","protected":false},"featured_media":3277,"template":"","meta":{"_joinchat":[]},"product_brand":[],"product_cat":[317,344],"product_tag":[],"class_list":{"0":"post-11449","1":"product","2":"type-product","3":"status-publish","4":"has-post-thumbnail","6":"product_cat-belleza-y-moda","7":"product_cat-todos","9":"first","10":"instock","11":"sale","12":"shipping-taxable","13":"product-type-external"},"_links":{"self":[{"href":"https:\/\/www.cursos.olgavelez.co\/cu\/wp-json\/wp\/v2\/product\/11449","targetHints":{"allow":["GET"]}}],"collection":[{"href":"https:\/\/www.cursos.olgavelez.co\/cu\/wp-json\/wp\/v2\/product"}],"about":[{"href":"https:\/\/www.cursos.olgavelez.co\/cu\/wp-json\/wp\/v2\/types\/product"}],"version-history":[{"count":2,"href":"https:\/\/www.cursos.olgavelez.co\/cu\/wp-json\/wp\/v2\/product\/11449\/revisions"}],"predecessor-version":[{"id":13994,"href":"https:\/\/www.cursos.olgavelez.co\/cu\/wp-json\/wp\/v2\/product\/11449\/revisions\/13994"}],"wp:featuredmedia":[{"embeddable":true,"href":"https:\/\/www.cursos.olgavelez.co\/cu\/wp-json\/wp\/v2\/media\/3277"}],"wp:attachment":[{"href":"https:\/\/www.cursos.olgavelez.co\/cu\/wp-json\/wp\/v2\/media?parent=11449"}],"wp:term":[{"taxonomy":"product_brand","embeddable":true,"href":"https:\/\/www.cursos.olgavelez.co\/cu\/wp-json\/wp\/v2\/product_brand?post=11449"},{"taxonomy":"product_cat","embeddable":true,"href":"https:\/\/www.cursos.olgavelez.co\/cu\/wp-json\/wp\/v2\/product_cat?post=11449"},{"taxonomy":"product_tag","embeddable":true,"href":"https:\/\/www.cursos.olgavelez.co\/cu\/wp-json\/wp\/v2\/product_tag?post=11449"}],"curies":[{"name":"wp","href":"https:\/\/api.w.org\/{rel}","templated":true}]}}