{"id":11439,"date":"2023-01-10T04:38:58","date_gmt":"2023-01-10T07:38:58","guid":{"rendered":"https:\/\/www.cursos.olgavelez.co\/cu\/?post_type=product&#038;p=11439"},"modified":"2023-09-20T16:05:10","modified_gmt":"2023-09-20T19:05:10","slug":"decoracion-de-unas-como-negocio","status":"publish","type":"product","link":"https:\/\/www.cursos.olgavelez.co\/cu\/producto\/decoracion-de-unas-como-negocio\/","title":{"rendered":"DECORACI\u00d3N DE U\u00d1AS COMO NEGOCIO"},"content":{"rendered":"<p>La decoraci\u00f3n de u\u00f1as es un mercado que crece aceleradamente.<\/p>\n<p>En los \u00faltimos 20 a\u00f1os la demanda de este tipo de servicio se ha multiplicado por 100 veces.<\/p>\n<p>Con el MASTER CLASS DECORACION DE U\u00d1AS COMO NEGOCIO aprender\u00e1s diversas t\u00e9cnicas para decorar u\u00f1as, implementando tu creatividad y generando una fuente de ingreso rentable y permanente.<\/p>\n<p>Cada vez m\u00e1s son las usuarias que desean lucir sus manos y pies con un dise\u00f1o creativo y diferente.<\/p>\n<p>\u00bfQU\u00c9 VAS A LOGRAR?<\/p>\n<p>Conocer\u00e1s la t\u00e9cnica b\u00e1sica de semipermanente y cu\u00e1les son los conceptos b\u00e1sicos para colocar este tipo de esmaltes.<\/p>\n<p>Conocer\u00e1s cuales son las herramientas e insumos que debes tener para aplicar las t\u00e9cnicas.<\/p>\n<p>Aprender\u00e1s en cada video c\u00f3mo debes aplicar cada uno de los conceptos y c\u00f3mo utilizar las herramientas e insumos.<\/p>\n<p>Aprender\u00e1s luego del semipermanente b\u00e1sico, las decoraciones que est\u00e1n en tendencia en el mercado internacional.<\/p>\n<p>Conocer\u00e1s los instrumentos externos que te ayudar\u00e1n a que tus dise\u00f1os se vean realmente profesionales.<\/p>\n<p>Aprender\u00e1s a rentabilizar tu negocio, costos de los insumos y herramientas y cu\u00e1les son los valores que podr\u00e1s tener de ganancia en cada t\u00e9cnica.<\/p>\n<p>Acceder\u00e1s al certificado avalado por Hotmart y Seminarios Online.<\/p>\n<p>\u00bfC\u00d3MO LO VAS A LOGRAR?<\/p>\n<p>A trav\u00e9s del siguiente contenido estructurado paso a paso:<\/p>\n<p>M\u00d3DULO 1: Introducci\u00f3n.<br \/>\nM\u00d3DULO 2: Temario capacitaci\u00f3n decoraci\u00f3n de u\u00f1as.<br \/>\nM\u00d3DULO 3: Preparaci\u00f3n de la u\u00f1a natural.<br \/>\nM\u00d3DULO 4: Caracter\u00edsticas de las l\u00e1mparas UV\/Led.<br \/>\nM\u00d3DULO 5: Aplicaci\u00f3n del efecto espejo.<br \/>\nM\u00d3DULO 6: Identificaci\u00f3n de los glitter iridiscentes y met\u00e1licos.<br \/>\nM\u00d3DULO 7: Aplicaci\u00f3n gel de saturaci\u00f3n.<br \/>\nM\u00d3DULO 8: Aplicaci\u00f3n efecto sugar.<br \/>\nM\u00d3DULO 9: Aplicaci\u00f3n de stickers.<br \/>\nM\u00d3DULO 10: Aplicaci\u00f3n papel foil.<br \/>\nM\u00d3DULO 11: Aplicaci\u00f3n tintas de alcohol.<br \/>\nM\u00d3DULO 12: Video explicativo de la clase 11.<br \/>\nM\u00d3DULO 13: Aplicaci\u00f3n y dise\u00f1os con pigmentos ne\u00f3n.<br \/>\nM\u00d3DULO 14: Encapsulados en semipermanente.<br \/>\nM\u00d3DULO 15: T\u00e9cnica baby boomer en semipermanente.<br \/>\nM\u00d3DULO 16: Efecto m\u00e1rmol.<br \/>\nM\u00d3DULO 17: Dise\u00f1os con painting gel.<br \/>\nM\u00d3DULO 18: T\u00e9cnica Blooming.<br \/>\nM\u00d3DULO 19: Caracter\u00edsticas de la m\u00e1quina pulidora y retiro de semipermanente. <\/p>\n<p>ACERCA DEL PRODUCTOR<\/p>\n<p>Desarrollado por GLOSS, una empresa con m\u00e1s de 6 a\u00f1os de experiencia en el mercado de los tratamientos semi permanentes y decoraci\u00f3n de u\u00f1as.<\/p>\n<p>Durante toda esta trayectoria hemos capacitado a m\u00e1s de 10.000 emprendedoras con las mejores y m\u00e1s avanzadas t\u00e9cnicas de este rubro, en este mercado que cambia y evoluciona tan r\u00e1pidamente, es nuestra obligaci\u00f3n y responsabilidad la formaci\u00f3n, educaci\u00f3n y especializaci\u00f3n de todo nuestro p\u00fablico.<\/p>\n<p>Es por ello que en GLOSS hemos construido este primer programa on line, donde aprenderemos lo b\u00e1sico en el negocio de la decoraci\u00f3n de u\u00f1as, este ser\u00e1 el primer paso de muchos que vas a aprender junto a nosotros. <\/p>\n","protected":false},"excerpt":{"rendered":"<p>La decoraci\u00f3n de u\u00f1as es un mercado que crece aceleradamente.<\/p>\n<p>En los \u00faltimos 20 a\u00f1os la demanda de este tipo de servicio se ha multiplicado por 100 veces.<\/p>\n<p>Con el MASTER CLASS DECORACION DE U\u00d1AS COMO NEGOCIO aprender\u00e1s diversas t\u00e9cnicas para decorar u\u00f1as, implementando tu creatividad y generando una fuente de ingreso rentable y permanente.<\/p>\n<p>Cada vez m\u00e1s son las usuarias que desean lucir sus manos y pies con un dise\u00f1o creativo y diferente.<\/p>\n","protected":false},"featured_media":3268,"template":"","meta":{"_joinchat":[]},"product_brand":[],"product_cat":[317,344],"product_tag":[],"class_list":{"0":"post-11439","1":"product","2":"type-product","3":"status-publish","4":"has-post-thumbnail","6":"product_cat-belleza-y-moda","7":"product_cat-todos","9":"first","10":"instock","11":"sale","12":"shipping-taxable","13":"product-type-external"},"_links":{"self":[{"href":"https:\/\/www.cursos.olgavelez.co\/cu\/wp-json\/wp\/v2\/product\/11439","targetHints":{"allow":["GET"]}}],"collection":[{"href":"https:\/\/www.cursos.olgavelez.co\/cu\/wp-json\/wp\/v2\/product"}],"about":[{"href":"https:\/\/www.cursos.olgavelez.co\/cu\/wp-json\/wp\/v2\/types\/product"}],"version-history":[{"count":2,"href":"https:\/\/www.cursos.olgavelez.co\/cu\/wp-json\/wp\/v2\/product\/11439\/revisions"}],"predecessor-version":[{"id":13984,"href":"https:\/\/www.cursos.olgavelez.co\/cu\/wp-json\/wp\/v2\/product\/11439\/revisions\/13984"}],"wp:featuredmedia":[{"embeddable":true,"href":"https:\/\/www.cursos.olgavelez.co\/cu\/wp-json\/wp\/v2\/media\/3268"}],"wp:attachment":[{"href":"https:\/\/www.cursos.olgavelez.co\/cu\/wp-json\/wp\/v2\/media?parent=11439"}],"wp:term":[{"taxonomy":"product_brand","embeddable":true,"href":"https:\/\/www.cursos.olgavelez.co\/cu\/wp-json\/wp\/v2\/product_brand?post=11439"},{"taxonomy":"product_cat","embeddable":true,"href":"https:\/\/www.cursos.olgavelez.co\/cu\/wp-json\/wp\/v2\/product_cat?post=11439"},{"taxonomy":"product_tag","embeddable":true,"href":"https:\/\/www.cursos.olgavelez.co\/cu\/wp-json\/wp\/v2\/product_tag?post=11439"}],"curies":[{"name":"wp","href":"https:\/\/api.w.org\/{rel}","templated":true}]}}