{"id":11438,"date":"2023-01-10T04:38:58","date_gmt":"2023-01-10T07:38:58","guid":{"rendered":"https:\/\/www.cursos.olgavelez.co\/cu\/?post_type=product&#038;p=11438"},"modified":"2023-09-20T16:05:10","modified_gmt":"2023-09-20T19:05:10","slug":"rejuvenecimiento-facial-holistico","status":"publish","type":"product","link":"https:\/\/www.cursos.olgavelez.co\/cu\/producto\/rejuvenecimiento-facial-holistico\/","title":{"rendered":"REJUVENECIMIENTO FACIAL HOL\u00cdSTICO"},"content":{"rendered":"<p>\u00bfSab\u00edas que existe una alternativa f\u00e1cil y divertida para rejuvenecer, mantener tu piel y reducir l\u00edneas de expresi\u00f3n sin necesidad de hacerte cirug\u00edas? <\/p>\n<p>Si quieres verte m\u00e1s joven el MASTER CLASS REJUVENECIMIENTO FACIAL HOL\u00cdSTICO es para ti.<\/p>\n<p>Aqu\u00ed, aprender\u00e1s de una manera hol\u00edstica, t\u00e9cnicas efectivas de rejuvenecimiento facial desde tu casa de una manera f\u00e1cil y sencilla.<\/p>\n<p>\u00a1Lograr\u00e1s quitar esas arrugas que tanto te molestan \u00a1<\/p>\n<p>\u00bfQU\u00c9 VAS A LOGRAR?<\/p>\n<p>Con la MasterClass de rejuvenecimiento facial hol\u00edstico aprender\u00e1s t\u00e9cnicas efectivas para moldear tus m\u00fasculos, tonificar piel y entenderte desde un enfoque hol\u00edstico porque el rostro es el reflejo del alma y lo que has sentido y vivido durante toda tu vida.<\/p>\n<p>Aprender\u00e1s t\u00e9cnicas de lifting facial para retirar el exceso de piel en el rostro y cuello.<\/p>\n<p>Aprender\u00e1s t\u00e9cnicas de tonificaci\u00f3n muscular para moldear tus m\u00fasculos y eliminar los signos de flacidez.<\/p>\n<p>Aprender\u00e1s el paso a paso de un ritual y limpieza facial antes de dormir para cuidar y mejorar tu piel.<\/p>\n<p>Implementar\u00e1s en tu vida rutinas diarias para evitar el envejecimiento prematuro.<\/p>\n<p>Aprender\u00e1s de reflexolog\u00eda facial con t\u00e9cnica de masaje espec\u00edfico en ciertas zonas del rostro que corresponden a ciertos \u00f3rganos.<\/p>\n<p>Aprender\u00e1s t\u00e9cnicas comprobadas para reducir y desaparecer l\u00edneas de expresi\u00f3n y arrugas.<\/p>\n<p>Aprender\u00e1s t\u00e9cnicas con rodillos de jade, masajeador de obsidiana, cristales, maderoterapia facial rodillo y copa, cucharas chinas, cucharas normales y lo m\u00e1s importante con tus manos.<\/p>\n<p>Acceder\u00e1s al certificado avalado por Hotmart y Seminarios Online.<\/p>\n<p> \u00bfC\u00d3MO LO VAS A LOGRAR?<\/p>\n<p>A trav\u00e9s del siguiente contenido estructurado paso a paso:<\/p>\n<p>V\u00eddeo 1 M\u00f3dulo 1 Introducci\u00f3n.<br \/>\nVideo 2 M\u00f3dulo 2 Abordaje Hol\u00edstico del rejuvenecimiento facial.<br \/>\nVideo 3 M\u00f3dulo 3 Dimensi\u00f3n mental.<br \/>\nV\u00eddeo 4 M\u00f3dulo 4 Dimensi\u00f3n emocional, tu interior refleja tu exterior.<br \/>\nVideo 5 M\u00f3dulo 5 Dimensi\u00f3n f\u00edsicas tus pensamientos crean tu realidad.<br \/>\nVideo 6 M\u00f3dulo 6 Anatom\u00eda y fisiolog\u00eda: estructura de la piel, tipos de piel y m\u00fasculos.<br \/>\nVideo 7.1 M\u00f3dulo 7 Causas del envejecimiento ex\u00f3genas, end\u00f3genas y reflexolog\u00eda.<br \/>\nVideo 8 M\u00f3dulo 8.1 Ritual y t\u00e9cnicas de rejuvenecimiento hol\u00edstico.<br \/>\nVideo 9 M\u00f3dulo 8.2 Ritual de higiene y limpieza facial antes de dormir.<br \/>\nVideo 10 M\u00f3dulo 8.3 T\u00e9cnicas estimulaci\u00f3n del sistema linf\u00e1tico.<br \/>\nVideo 11 M\u00f3dulo 8.4 T\u00e9cnica manual de estimulaci\u00f3n y tonificaci\u00f3n de los m\u00fasculos.<br \/>\nVideo 12 M\u00f3dulo 9.1 Introducci\u00f3n a t\u00e9cnicas de lifting facial y elementos.<br \/>\nVideo 13 M\u00f3dulo 9.2 Lifting facial indicaciones ritual hol\u00edstico, masaje contorno facial.<br \/>\nVideo 14 M\u00f3dulo 9.3 Lifting facial y tonificaci\u00f3n.<br \/>\nVideo 15 M\u00f3dulo 10 BONO 1 Meditaci\u00f3n para reprogramar tu mente.<br \/>\nVideo 16 M\u00f3dulo 11 Conclusi\u00f3n invitaci\u00f3n especial.<\/p>\n<p>ANEXOS<\/p>\n<p>6.2 Gu\u00eda anatom\u00eda y fisiolog\u00eda M\u00fasculos y piel PDF.<br \/>\n7.2 Gu\u00eda reflexolog\u00eda facial PDF.<\/p>\n<p>ACERCA DE LA PRODUCTORA<\/p>\n<p>Desarrollado por MIRIAM GIRALDO, coach certificada en gerencia de vida y est\u00e9tica con un enfoque hol\u00edstico, el cual reconoce el todo como una unidad.<\/p>\n<p>Se desempe\u00f1a como facilitadora y entrenadora de procesos de restauraci\u00f3n del ser aplicados a la est\u00e9tica con m\u00e1s de 30 a\u00f1os de experiencia.<\/p>\n<p>Miriam se caracteriza por ser una mujer centrada, apasionada, empoderada y comprometida con su proyecto de vida para poder empoderar mujeres mejorando su confianza y seguridad a trav\u00e9s de su belleza f\u00edsica, emocional, mental y espiritual, ya son m\u00e1s de 3.000 alumnas que han transformado su vida.<\/p>\n<p>Certificada en acupuntura, cristaloterapia, access consciousness.<\/p>\n","protected":false},"excerpt":{"rendered":"<p>\u00bfSab\u00edas que existe una alternativa f\u00e1cil y divertida para rejuvenecer, mantener tu piel y reducir l\u00edneas de expresi\u00f3n sin necesidad de hacerte cirug\u00edas? <\/p>\n<p>Si quieres verte m\u00e1s joven el MASTER CLASS REJUVENECIMIENTO FACIAL HOL\u00cdSTICO es para ti.<\/p>\n<p>Aqu\u00ed, aprender\u00e1s de una manera hol\u00edstica, t\u00e9cnicas efectivas de rejuvenecimiento facial desde tu casa de una manera f\u00e1cil y sencilla.<\/p>\n<p>\u00a1Lograr\u00e1s quitar esas arrugas que tanto te molestan\u00a1<\/p>\n","protected":false},"featured_media":3267,"template":"","meta":{"_joinchat":[]},"product_brand":[],"product_cat":[317,344],"product_tag":[],"class_list":{"0":"post-11438","1":"product","2":"type-product","3":"status-publish","4":"has-post-thumbnail","6":"product_cat-belleza-y-moda","7":"product_cat-todos","9":"first","10":"instock","11":"sale","12":"shipping-taxable","13":"product-type-external"},"_links":{"self":[{"href":"https:\/\/www.cursos.olgavelez.co\/cu\/wp-json\/wp\/v2\/product\/11438","targetHints":{"allow":["GET"]}}],"collection":[{"href":"https:\/\/www.cursos.olgavelez.co\/cu\/wp-json\/wp\/v2\/product"}],"about":[{"href":"https:\/\/www.cursos.olgavelez.co\/cu\/wp-json\/wp\/v2\/types\/product"}],"version-history":[{"count":2,"href":"https:\/\/www.cursos.olgavelez.co\/cu\/wp-json\/wp\/v2\/product\/11438\/revisions"}],"predecessor-version":[{"id":13983,"href":"https:\/\/www.cursos.olgavelez.co\/cu\/wp-json\/wp\/v2\/product\/11438\/revisions\/13983"}],"wp:featuredmedia":[{"embeddable":true,"href":"https:\/\/www.cursos.olgavelez.co\/cu\/wp-json\/wp\/v2\/media\/3267"}],"wp:attachment":[{"href":"https:\/\/www.cursos.olgavelez.co\/cu\/wp-json\/wp\/v2\/media?parent=11438"}],"wp:term":[{"taxonomy":"product_brand","embeddable":true,"href":"https:\/\/www.cursos.olgavelez.co\/cu\/wp-json\/wp\/v2\/product_brand?post=11438"},{"taxonomy":"product_cat","embeddable":true,"href":"https:\/\/www.cursos.olgavelez.co\/cu\/wp-json\/wp\/v2\/product_cat?post=11438"},{"taxonomy":"product_tag","embeddable":true,"href":"https:\/\/www.cursos.olgavelez.co\/cu\/wp-json\/wp\/v2\/product_tag?post=11438"}],"curies":[{"name":"wp","href":"https:\/\/api.w.org\/{rel}","templated":true}]}}