{"id":11437,"date":"2023-01-10T04:38:57","date_gmt":"2023-01-10T07:38:57","guid":{"rendered":"https:\/\/www.cursos.olgavelez.co\/cu\/?post_type=product&#038;p=11437"},"modified":"2023-09-20T16:05:10","modified_gmt":"2023-09-20T19:05:10","slug":"domina-y-gana-en-una-negociacion","status":"publish","type":"product","link":"https:\/\/www.cursos.olgavelez.co\/cu\/producto\/domina-y-gana-en-una-negociacion\/","title":{"rendered":"DOMINA Y GANA EN UNA NEGOCIACI\u00d3N"},"content":{"rendered":"<p>\u00bfTienes la sensaci\u00f3n que tu cliente tiene m\u00e1s poder que t\u00fa en una negociaci\u00f3n, debido a la necesidad de la venta?<\/p>\n<p>No importa qu\u00e9 tipo de producto o servicio vendas, aprende el arte de la negociaci\u00f3n, con estrategias y t\u00e9cnicas de f\u00e1cil aplicaci\u00f3n que te dar\u00e1n ventaja y dominio para llegar a los acuerdos m\u00e1s convenientes Con el MASTER CLASS DOMINA Y GANA UNA NEGOCIACI\u00d3N.<\/p>\n<p>\u00a1Toma el control que tanto deseas \u00a1<\/p>\n<p>\u00bfQU\u00c9 VAS A LOGRAR?<\/p>\n<p>Dominar\u00e1s las t\u00e1cticas maestras del arte de negociar que aplicar\u00e1s en tu beneficio, y sabr\u00e1s c\u00f3mo defenderte de las t\u00e1cticas que utilice tu cliente. <\/p>\n<p>Liderar\u00e1s negociaciones en las que t\u00fa ganes, sin que el otro pierda.<\/p>\n<p>Negociar\u00e1s tus precios, para hacer que tu cliente compre sin bajar un centavo.<\/p>\n<p>Aprender\u00e1s a llevar al cliente paso a paso, para que seas t\u00fa quien indique la pr\u00f3xima acci\u00f3n a seguir, y que te haga caso.<\/p>\n<p>Identificar\u00e1s qu\u00e9 es lo que realmente desea la otra parte, m\u00e1s all\u00e1 de lo que dice.<\/p>\n<p>Llegar\u00e1s a una negociaci\u00f3n preparado con una estrategia ganadora.<\/p>\n<p>Entender\u00e1s cu\u00e1les son los factores cr\u00edticos en toda negociaci\u00f3n, para hacerlos jugar en tu favor.<\/p>\n<p>Conocer\u00e1s sobre la psicolog\u00eda de la negociaci\u00f3n y c\u00f3mo detectar la urgencia del cliente.<\/p>\n<p>Aprender\u00e1s c\u00f3mo trabajar en base a la necesidad del cliente, y no de tus cuentas a pagar.<\/p>\n<p>Conocer\u00e1s la f\u00f3rmula para conseguir mejores acuerdos y cerrar m\u00e1s ventas sin ceder a cada petici\u00f3n que realice la otra parte.<\/p>\n<p>Aprender\u00e1s c\u00f3mo llegar a un acuerdo, aunque tu precio sea m\u00e1s caro.<\/p>\n<p>Aprender\u00e1s la estrategia \u00abC\u00f3mo S\u00cd se puede\u00bb, para resolver puntos muertos en una negociaci\u00f3n.<\/p>\n<p>Aprender\u00e1s c\u00f3mo negociar para que los clientes se salgan con la tuya, siempre.<\/p>\n<p>Acceder\u00e1s al certificado avalado por Hotmart y Seminarios Online.<\/p>\n<p>\u00bfC\u00d3MO LO VAS A LOGRAR?<\/p>\n<p>A trav\u00e9s del siguiente contenido estructurado paso a paso:<\/p>\n<p>PARTE No.1: Introducci\u00f3n al incremento de tu poder de negociaci\u00f3n.<br \/>\nPARTE No.2: Primeros pasos hacia el dominio de tus negociaciones.<br \/>\nPARTE No.3: Las 3 claves de una negociaci\u00f3n exitosa.<br \/>\nPARTE No.4: Aprende del gran error que cometo al negociar la venta de un auto.<br \/>\nPARTE No.5: Toma ventaja de los 3 factores de PODER.<br \/>\nPARTE No.6: Juan Manuel Fangio: un campe\u00f3n mundial negociando.<br \/>\nPARTE No.7: Aprende a decir \u00abNO\u00bb: Lev\u00e1ntate de la mesa de negociaciones si no te conviene el trato.<br \/>\nPARTE No.8: As\u00ed es como llevas al m\u00e1ximo tu poder de negociaci\u00f3n.<br \/>\nPARTE No.9: Caso: A punto de llegar a un acuerdo millonario&#8230; o de pelearse para siempre.<br \/>\nPARTE No.10: Descubre c\u00f3mo liderar una negociaci\u00f3n con la fuerza de un plan B.<br \/>\nPARTE No.11: C\u00f3mo negociar precios, condiciones de pago y plazos.<br \/>\nPARTE No.12: Tu dominio se fortalece y llegan las respuestas.<br \/>\nPARTE No.13: \u00bfC\u00f3mo negociar y vender anuncios publicitarios de TV por cable a los Comercios Locales?<br \/>\nPARTE No.14: Ofrec\u00ed un descuento, al siguiente trabajo el cliente parti\u00f3 desde el precio con descuento. \u00bfC\u00f3mo cobrar tarifa completa y no partir del precio con descuento?<br \/>\nPARTE No.15: \u00bfC\u00f3mo hacer que mis socios de multinivel muevan volumen, contacten prospectos y ofrezcan planes de negocio?<br \/>\nPARTE No.16: \u00bfC\u00f3mo negociar el precio de un local de alquiler para que la renovaci\u00f3n de contrato no se dispare?<br \/>\nPARTE No.17: \u00bfC\u00f3mo negociar un mejor sueldo?<br \/>\nPARTE No.18: \u00bfC\u00f3mo negociar un plan corporativo para una empresa cuando el propietario solo se enfoca en precio?<br \/>\nPARTE No.19: \u00bfC\u00f3mo decir que NO ante el pedido de un descuento y no perder la venta?<br \/>\nPARTE No.20: \u00bfC\u00f3mo motivar a mi equipo de ventas?<br \/>\nPARTE No.21: \u00bfC\u00f3mo lograr que me elijan a m\u00ed por sobre mi competencia?<br \/>\nPARTE No.22: \u00bfC\u00f3mo evitar que el cliente note nuestra desesperaci\u00f3n por vender?<br \/>\nPARTE No.23: \u00bfC\u00f3mo negociar con clientes en canales mayoristas cuando mi empresa vende el mismo producto por Mercado Libre?<br \/>\nPARTE No.24: \u00bfQu\u00e9 hacer con los clientes importantes que en momentos dejan de comprarme por cuestiones de precio?<br \/>\nPARTE No.25: \u00bfC\u00f3mo negociar con mis clientes cuando tengo un competidor que ofrece producto similar, de menor calidad y menor precio?<br \/>\nPARTE No.26: \u00bfC\u00f3mo negociar en licitaciones cuando hay un pliego espec\u00edfico y el margen de negociaci\u00f3n es muy escaso?<br \/>\nPARTE No.27: \u00bfC\u00f3mo negociar en el rubro Inmobiliaria?<br \/>\nPARTE No.28: \u00bfC\u00f3mo lidiar con un cliente dif\u00edcil, cuando somos su \u00fanica opci\u00f3n?<br \/>\nPARTE No.29: \u00bfC\u00f3mo convencer a los clientes sobre el precio real de su propiedad debido a la fluctuaci\u00f3n del d\u00f3lar?<br \/>\nPARTE No.30: \u00bfQu\u00e9 hacer con un cliente que muestra nuestra propuesta a un competidor, y luego nos muestra a nosotros la contrapropuesta del competidor para ver quien sede primero?<br \/>\nPARTE No. 31: \u00bfC\u00f3mo conseguir clientes que si valoren nuestros servicios y calidad de productos?<br \/>\nPARTE No.32: \u00bfC\u00f3mo incrementar la capacidad de generaci\u00f3n de contactos?<\/p>\n<p>BONUS: <\/p>\n<p>Versi\u00f3n digital de mi libro: \u00abLos Secretos De Negociaci\u00f3n Del Vendedor De Los Huevos De Oro\u00bb. <\/p>\n<p>Con m\u00e1s de 100 p\u00e1ginas de t\u00e1cticas, t\u00e9cnicas y estrategias de negociaci\u00f3n 100% aplicables a tu negocio.<\/p>\n<p>ACERCA DEL PRODUCTOR<\/p>\n<p>Desarrollado por PATRICIO PEKER es entrenador de Vendedores y Negociadores. <\/p>\n<p>Especialista en negociaci\u00f3n y ventas. #1 en cierre de ventas natural.<\/p>\n<p>Director acad\u00e9mico de la Escuela Internacional de Negocios Cuartel de Ventas. <\/p>\n<p>Autor del Best Seller El Vendedor de los Huevos de Oro, y conferencista principal en los m\u00e1s importantes congresos y convenciones de ventas de Am\u00e9rica y Espa\u00f1a.<\/p>\n<p>Patricio Peker ha sido vendedor, antes de ser gerente de ventas y empresario, desde el \u00e1rea comercial de bancos, hasta el de ventas t\u00e9cnicas de insumos para industrias. <\/p>\n<p>Desde hace m\u00e1s de 20 a\u00f1os se dedica a formar vendedores y negociadores l\u00edderes en ventas consultivas de intangibles y productos.<\/p>\n<p>A trav\u00e9s de su trabajo como conferencista y entrenador en ventas y negociaci\u00f3n comercial en 21 pa\u00edses, ayuda a sus clientes a que encuentren m\u00e1s clientes, a conseguir m\u00e1s ventas de alto valor, y a seguir vendi\u00e9ndoles a lo largo del tiempo, con mayores m\u00e1rgenes de ganancia y satisfacci\u00f3n de sus clientes.<\/p>\n<p>Entre sus clientes de Am\u00e9rica y Espa\u00f1a se encuentran: Nestl\u00e9, General Motors, Coca-Cola, Stihl, Nissan, Kimberly-Clark, Linde, Alltech, Atlas Copco, FMC, Equifax, DirecTV, Mapei, entre centenares de otras empresas, profesionales, emprendedores, comerciantes y empresarios.<\/p>\n<p>Es director de la carrera de Ventas Consultivas dentro de la Escuela Internacional de Negocios Cuartel de Ventas, y docente a cargo del m\u00f3dulo de negociaci\u00f3n y ventas, del Programa Internacional de Gerencia Avanzada, de la Unidad de Posgrado de la Universidad Privada de Santa Cruz de la Sierra, Bolivia.<\/p>\n","protected":false},"excerpt":{"rendered":"<p>\u00bfTienes la sensaci\u00f3n que tu cliente tiene m\u00e1s poder que t\u00fa en una negociaci\u00f3n, debido a la necesidad de la venta?<\/p>\n<p>No importa qu\u00e9 tipo de producto o servicio vendas, aprende el arte de la negociaci\u00f3n, con estrategias y t\u00e9cnicas de f\u00e1cil aplicaci\u00f3n que te dar\u00e1n ventaja y dominio para llegar a los acuerdos m\u00e1s convenientes Con el MASTER CLASS DOMINA Y GANA UNA NEGOCIACI\u00d3N.<\/p>\n<p>\u00a1Toma el control que tanto deseas\u00a1<\/p>\n","protected":false},"featured_media":3266,"template":"","meta":{"_joinchat":[]},"product_brand":[],"product_cat":[317,344],"product_tag":[],"class_list":{"0":"post-11437","1":"product","2":"type-product","3":"status-publish","4":"has-post-thumbnail","6":"product_cat-belleza-y-moda","7":"product_cat-todos","9":"first","10":"instock","11":"sale","12":"shipping-taxable","13":"product-type-external"},"_links":{"self":[{"href":"https:\/\/www.cursos.olgavelez.co\/cu\/wp-json\/wp\/v2\/product\/11437","targetHints":{"allow":["GET"]}}],"collection":[{"href":"https:\/\/www.cursos.olgavelez.co\/cu\/wp-json\/wp\/v2\/product"}],"about":[{"href":"https:\/\/www.cursos.olgavelez.co\/cu\/wp-json\/wp\/v2\/types\/product"}],"version-history":[{"count":2,"href":"https:\/\/www.cursos.olgavelez.co\/cu\/wp-json\/wp\/v2\/product\/11437\/revisions"}],"predecessor-version":[{"id":13982,"href":"https:\/\/www.cursos.olgavelez.co\/cu\/wp-json\/wp\/v2\/product\/11437\/revisions\/13982"}],"wp:featuredmedia":[{"embeddable":true,"href":"https:\/\/www.cursos.olgavelez.co\/cu\/wp-json\/wp\/v2\/media\/3266"}],"wp:attachment":[{"href":"https:\/\/www.cursos.olgavelez.co\/cu\/wp-json\/wp\/v2\/media?parent=11437"}],"wp:term":[{"taxonomy":"product_brand","embeddable":true,"href":"https:\/\/www.cursos.olgavelez.co\/cu\/wp-json\/wp\/v2\/product_brand?post=11437"},{"taxonomy":"product_cat","embeddable":true,"href":"https:\/\/www.cursos.olgavelez.co\/cu\/wp-json\/wp\/v2\/product_cat?post=11437"},{"taxonomy":"product_tag","embeddable":true,"href":"https:\/\/www.cursos.olgavelez.co\/cu\/wp-json\/wp\/v2\/product_tag?post=11437"}],"curies":[{"name":"wp","href":"https:\/\/api.w.org\/{rel}","templated":true}]}}