{"id":11436,"date":"2023-01-10T04:38:57","date_gmt":"2023-01-10T07:38:57","guid":{"rendered":"https:\/\/www.cursos.olgavelez.co\/cu\/?post_type=product&#038;p=11436"},"modified":"2023-09-20T16:05:09","modified_gmt":"2023-09-20T19:05:09","slug":"ramos-de-maquillaje","status":"publish","type":"product","link":"https:\/\/www.cursos.olgavelez.co\/cu\/producto\/ramos-de-maquillaje\/","title":{"rendered":"RAMOS DE MAQUILLAJE"},"content":{"rendered":"<p>Si eres de las personas que les gusta el maquillaje y te encanta dar regalos originales, El MASTER CLASS RAMOS DE MAQUILLAJE, es perfecto para ti.<\/p>\n<p>Aprender\u00e1s a armar ramos con diferentes productos de maquillaje y con diferentes presupuestos que se adapten a cualquier ocasi\u00f3n.<\/p>\n<p>\u00a1Adquiere este curso hoy!<\/p>\n<p>Toda la informaci\u00f3n la encuentras debajo de este video. <\/p>\n<p>\u00a1Inscr\u00edbete ahora y comienza ya!<\/p>\n<p>\u00bfQU\u00c9 VAS A LOGRAR?<\/p>\n<p>\u2022 Aprender\u00e1s a armar ramos con diferentes productos de maquillaje. <\/p>\n<p>\u2022 Lograr\u00e1s hacer ramos que se adapten a diferentes presupuestos, igual de hermosos.<\/p>\n<p>\u2022 Aprender\u00e1s a decorarlos para toda ocasi\u00f3n.<\/p>\n<p>\u2022 Conocer\u00e1s el paso a paso y las instrucciones de una forma sencilla y divertida.<\/p>\n<p>\u2022 Causar\u00e1s gran impresi\u00f3n de dar dos en uno, al decir ramo nos imaginamos unas bellas flores y algo que a las mujeres les encanta es el maquillaje, es un regalo que realmente sorprender\u00e1.<\/p>\n<p>\u2022 Acceder\u00e1s al certificado avalado por Hotmart y Seminarios Online.<\/p>\n<p>\u00bfC\u00d3MO LO VAS A LOGRAR?<\/p>\n<p>A trav\u00e9s del siguiente contenido estructurado paso a paso:<\/p>\n<p>Video 1: Presentaci\u00f3n.<br \/>\nVideo 2: Trayectoria.<br \/>\nVideo 3: Hablemos sobre los Ramos.<br \/>\nVideo 4: C\u00f3mo ofrecer los ramos por las redes sociales.<br \/>\nVideo 5: Qu\u00e9 aprender\u00e1s en el curso.<br \/>\nVideo 6: Contenido del curso.<br \/>\nVideo 7: Introducci\u00f3n quienes somos.<br \/>\nVideo 8: Para que fechas se pueden hacer nuestros ramos.<br \/>\nVideo 9: Cu\u00e1nto cuesta, cuanto se puede cobrar.<br \/>\nVideo 10: Consejo para conseguir distribuidores.<br \/>\nVideo 11: Herramientas y materiales.<br \/>\nVideo 12: C\u00f3mo hacer la base o cono del ramo.<br \/>\nVideo 13: Colocar productos.<br \/>\nVideo 14: Decoraci\u00f3n del ramo.<br \/>\nVideo 15: Diferentes ramos tradicionales.<br \/>\nVideo 16: Introducci\u00f3n ramos unicornio.<br \/>\nVideo 17: Realizaci\u00f3n de la base de unicornio.<br \/>\nVideo 18: C\u00f3mo organizar los productos en el ramo de unicornio.<br \/>\nVideo 19: Decoraci\u00f3n y moldes ramo unicornio parte 1.<br \/>\nVideo 20: Decoraci\u00f3n y moldes ramo unicornio parte 2.<br \/>\nVideo 21: Decoraci\u00f3n y moldes ramo unicornio parte 3.<br \/>\nVideo 22: Bono molde y mo\u00f1o 2 colores.<br \/>\nVideo 23: Bono de maquillaje.<br \/>\nVideo 24: Bono de maquillaje parte 2.<\/p>\n<p>ACERCA DE LOS PRODUCTORES<\/p>\n<p>Desarrollado por los ALEJANDRA C\u00c1RDENAS C\u00c1RDENAS, colombiana, emprendedora y BRYAN VALDERRAMA SANTACRUZ, colombiano, Ingeniero de Sistemas cofundador con Alejandra de la tienda de maquillaje Kediva en Cali, Colombia.<\/p>\n<p>Juntos iniciaron este proyecto en el mundo del maquillaje, buscando siempre alternativas nuevas que fueran evolucionando con este mundo cambiante.<\/p>\n<p>Encontraron que el maquillaje es un negocio que desde siempre en todos los lugares y en todas las \u00e9pocas ha sido muy bien aceptado, ellos llevan con este emprendimiento m\u00e1s de cuatro a\u00f1os.<\/p>\n<p>Alejandra y Bryan lograron fusionar de una manera intensa sus capacidades, ideas, conocimientos, motivaci\u00f3n y las ganas de ser empresarios para presentar un excelente producto a la disponibilidad de todos.<\/p>\n","protected":false},"excerpt":{"rendered":"<p>Si eres de las personas que les gusta el maquillaje y te encanta dar regalos originales, El MASTER CLASS RAMOS DE MAQUILLAJE, es perfecto para ti.<\/p>\n<p>Aprender\u00e1s a armar ramos con diferentes productos de maquillaje y con diferentes presupuestos que se adapten a cualquier ocasi\u00f3n.<\/p>\n<p>\u00a1Adquiere este curso hoy!<\/p>\n<p>Toda la informaci\u00f3n la encuentras debajo de este video. <\/p>\n<p>\u00a1Inscr\u00edbete ahora y comienza ya!<\/p>\n","protected":false},"featured_media":3265,"template":"","meta":{"_joinchat":[]},"product_brand":[],"product_cat":[317,344],"product_tag":[],"class_list":{"0":"post-11436","1":"product","2":"type-product","3":"status-publish","4":"has-post-thumbnail","6":"product_cat-belleza-y-moda","7":"product_cat-todos","9":"first","10":"instock","11":"sale","12":"shipping-taxable","13":"product-type-external"},"_links":{"self":[{"href":"https:\/\/www.cursos.olgavelez.co\/cu\/wp-json\/wp\/v2\/product\/11436","targetHints":{"allow":["GET"]}}],"collection":[{"href":"https:\/\/www.cursos.olgavelez.co\/cu\/wp-json\/wp\/v2\/product"}],"about":[{"href":"https:\/\/www.cursos.olgavelez.co\/cu\/wp-json\/wp\/v2\/types\/product"}],"version-history":[{"count":2,"href":"https:\/\/www.cursos.olgavelez.co\/cu\/wp-json\/wp\/v2\/product\/11436\/revisions"}],"predecessor-version":[{"id":13981,"href":"https:\/\/www.cursos.olgavelez.co\/cu\/wp-json\/wp\/v2\/product\/11436\/revisions\/13981"}],"wp:featuredmedia":[{"embeddable":true,"href":"https:\/\/www.cursos.olgavelez.co\/cu\/wp-json\/wp\/v2\/media\/3265"}],"wp:attachment":[{"href":"https:\/\/www.cursos.olgavelez.co\/cu\/wp-json\/wp\/v2\/media?parent=11436"}],"wp:term":[{"taxonomy":"product_brand","embeddable":true,"href":"https:\/\/www.cursos.olgavelez.co\/cu\/wp-json\/wp\/v2\/product_brand?post=11436"},{"taxonomy":"product_cat","embeddable":true,"href":"https:\/\/www.cursos.olgavelez.co\/cu\/wp-json\/wp\/v2\/product_cat?post=11436"},{"taxonomy":"product_tag","embeddable":true,"href":"https:\/\/www.cursos.olgavelez.co\/cu\/wp-json\/wp\/v2\/product_tag?post=11436"}],"curies":[{"name":"wp","href":"https:\/\/api.w.org\/{rel}","templated":true}]}}