{"id":11435,"date":"2023-01-10T04:38:57","date_gmt":"2023-01-10T07:38:57","guid":{"rendered":"https:\/\/www.cursos.olgavelez.co\/cu\/?post_type=product&#038;p=11435"},"modified":"2023-09-20T16:05:09","modified_gmt":"2023-09-20T19:05:09","slug":"automaquillaje-master","status":"publish","type":"product","link":"https:\/\/www.cursos.olgavelez.co\/cu\/producto\/automaquillaje-master\/","title":{"rendered":"AUTOMAQUILLAJE MASTER"},"content":{"rendered":"<p>\u00bfHas sentido la necesidad de maquillarte para el d\u00eda a d\u00eda y no sabes c\u00f3mo?<\/p>\n<p>Con el MASTER CLASS AUTOMAQUILLAJE MASTER, no necesitar\u00e1s de tutoriales confusos, para lograr verte bien en tu d\u00eda a d\u00eda, en una cena o cualquier reuni\u00f3n.<\/p>\n<p>Adem\u00e1s, aprender\u00e1s a conocer tu piel, las marcas, los colores seg\u00fan tu tipo de piel.<\/p>\n<p>\u00bfQU\u00c9 VAS A LOGRAR?<\/p>\n<p>Conocer\u00e1s la importancia del cuidado facial y su relaci\u00f3n con la autoestima y la sociedad.<\/p>\n<p>Clasificar\u00e1s los diferentes productos que se usan para el maquillaje.<\/p>\n<p>Conocer\u00e1s las t\u00e9cnicas correctas de aplicaci\u00f3n de productos cosm\u00e9ticos.<\/p>\n<p>Aprender\u00e1s los trucos que usan los profesionales para un maquillaje perfecto pero natural.<\/p>\n<p>Ser\u00e1s el centro de atenci\u00f3n y la envidia de tus amigas.<\/p>\n<p>Ayudar\u00e1s a tus amigas a verse mejor.<\/p>\n<p>Acceder\u00e1s al certificado avalado por Hotmart y Seminarios Online.<\/p>\n<p>\u00bfC\u00d3MO LO VAS A LOGRAR?<\/p>\n<p>A trav\u00e9s del siguiente contenido estructurado paso a paso:<\/p>\n<p>VIDEO 1: Tipos de piel y productos a usar seg\u00fan el tipo de piel.<br \/>\nVIDEO 2: Preparaci\u00f3n del rostro.<br \/>\nVIDEO 3: Visagismo de cejas.<br \/>\nVIDEO 4: Cejas degradadas.<br \/>\nVIDEO 5: Cejas como principiantes.<br \/>\nVIDEO 6: Correcci\u00f3n de cejas.<br \/>\nVIDEO 7: Preparaci\u00f3n del parpado.<br \/>\nVIDEO 8: Maquillaje de ojos para el d\u00eda.<br \/>\nVIDEO 9: Tipos de correctores y funci\u00f3n.<br \/>\nVIDEO 10: C\u00f3mo usar los correctores.<br \/>\nVIDEO 11: Aplicaci\u00f3n de la base.<br \/>\nVIDEO 12: Contorno e Iluminaci\u00f3n.<br \/>\nVIDEO 13: Sellado de la piel.<br \/>\nVIDEO 14: Finalizado makeup de d\u00eda.<br \/>\nVIDEO 15: Tips maquillaje de ojos.<br \/>\nVIDEO 16: Delineado perfecto.<br \/>\nVIDEO 17: Tipos de brochas.<br \/>\nVIDEO 18: Maquillaje monocrom\u00e1tico.<br \/>\nVIDEO 19 Aplicaci\u00f3n de Pesta\u00f1a.<br \/>\nVIDEO 20 Maquillaje de Ojos Corte de Cuenta.<\/p>\n<p>BONUS<\/p>\n<p>VIDEO 21: Bienvenida manicurista master.<br \/>\nVIDEO 22: Control de perla parte 1.<br \/>\nVIDEO 23: Control de perla parte 2.<br \/>\nVIDEO 24: Introducci\u00f3n preparaci\u00f3n de la u\u00f1a.<br \/>\nVIDEO 25: Preparaci\u00f3n de la u\u00f1a.<br \/>\nVIDEO 26: Introducci\u00f3n colocaci\u00f3n de tips.<br \/>\nVIDEO 27: Colocaci\u00f3n de tips.<br \/>\nVIDEO 28: Introducci\u00f3n estructura ballerina + t\u00e9cnica baby boomer + t\u00e9cnica de limado.<br \/>\nVIDEO 29: Estructura ballerina + t\u00e9cnica baby boomer + t\u00e9cnica de limado.<br \/>\nVIDEO 30: Introducci\u00f3n estructura cuadrada + t\u00e9cnica reversa.<br \/>\nVIDEO 31: Estructura cuadrada + t\u00e9cnica reversa.<br \/>\nVIDEO 32: Introducci\u00f3n estructura almond esculpida + t\u00e9cnica encapsulada glitter.<br \/>\nVIDEO 33: Estructura almond esculpida + encapsulado en glitter.<br \/>\nVIDEO 34: Introducci\u00f3n estructura sttileto + t\u00e9cnica m\u00e1rmol.<br \/>\nVIDEO 35: Estructura sttileto + t\u00e9cnica m\u00e1rmol.<br \/>\nVIDEO 36: Introducci\u00f3n Masterclass en vivo.<br \/>\nVIDEO 37: Primera parte Masterclass en vivo.<br \/>\nVIDEO 38: Segunda parte Masterclass en vivo.<br \/>\nVIDEO 39: Tercera parte Masterclass en vivo.<br \/>\nVIDEO 40: Manicure m\u00e1s esmaltado semipermanente.<br \/>\nVIDEO 41: Pedicura m\u00e1s semipermanente.<br \/>\nVIDEO 42: Retiro de u\u00f1as acr\u00edlicas.<\/p>\n<p>ACERCA DE LA PRODUCTORA<\/p>\n<p>Desarrollado por VERUSKA VILLAMIZAR, Makeup Profesional con 5 a\u00f1os de experiencia como copropietaria, administradora de su propia sala de belleza IRE NAIL STUDIOS.<\/p>\n<p>Asesora de Imagen laboral guiando a las personas a trav\u00e9s de charlas y crear identidad visual con su profesi\u00f3n, al mismo tiempo que dicta talleres de maquillaje para algunas escuelas y algunas marcas de maquillaje.<\/p>\n<p>Al inicio todo comenz\u00f3 como un hobby hasta darse cuenta de lo bien que lo hac\u00eda y empez\u00f3 a capacitarse de manera profesional con expertos internacionales.<\/p>\n<p> Despu\u00e9s de 5 a\u00f1os es su profesi\u00f3n y sustento de su familia.<\/p>\n","protected":false},"excerpt":{"rendered":"<p>\u00bfHas sentido la necesidad de maquillarte para el d\u00eda a d\u00eda y no sabes c\u00f3mo?<\/p>\n<p>Con el MASTER CLASS AUTOMAQUILLAJE MASTER, no necesitar\u00e1s de tutoriales confusos, para lograr verte bien en tu d\u00eda a d\u00eda, en una cena o cualquier reuni\u00f3n.<\/p>\n<p>Adem\u00e1s, aprender\u00e1s a conocer tu piel, las marcas, los colores seg\u00fan tu tipo de piel.<\/p>\n","protected":false},"featured_media":3264,"template":"","meta":{"_joinchat":[]},"product_brand":[],"product_cat":[317,344],"product_tag":[],"class_list":{"0":"post-11435","1":"product","2":"type-product","3":"status-publish","4":"has-post-thumbnail","6":"product_cat-belleza-y-moda","7":"product_cat-todos","9":"first","10":"instock","11":"sale","12":"shipping-taxable","13":"product-type-external"},"_links":{"self":[{"href":"https:\/\/www.cursos.olgavelez.co\/cu\/wp-json\/wp\/v2\/product\/11435","targetHints":{"allow":["GET"]}}],"collection":[{"href":"https:\/\/www.cursos.olgavelez.co\/cu\/wp-json\/wp\/v2\/product"}],"about":[{"href":"https:\/\/www.cursos.olgavelez.co\/cu\/wp-json\/wp\/v2\/types\/product"}],"version-history":[{"count":2,"href":"https:\/\/www.cursos.olgavelez.co\/cu\/wp-json\/wp\/v2\/product\/11435\/revisions"}],"predecessor-version":[{"id":13980,"href":"https:\/\/www.cursos.olgavelez.co\/cu\/wp-json\/wp\/v2\/product\/11435\/revisions\/13980"}],"wp:featuredmedia":[{"embeddable":true,"href":"https:\/\/www.cursos.olgavelez.co\/cu\/wp-json\/wp\/v2\/media\/3264"}],"wp:attachment":[{"href":"https:\/\/www.cursos.olgavelez.co\/cu\/wp-json\/wp\/v2\/media?parent=11435"}],"wp:term":[{"taxonomy":"product_brand","embeddable":true,"href":"https:\/\/www.cursos.olgavelez.co\/cu\/wp-json\/wp\/v2\/product_brand?post=11435"},{"taxonomy":"product_cat","embeddable":true,"href":"https:\/\/www.cursos.olgavelez.co\/cu\/wp-json\/wp\/v2\/product_cat?post=11435"},{"taxonomy":"product_tag","embeddable":true,"href":"https:\/\/www.cursos.olgavelez.co\/cu\/wp-json\/wp\/v2\/product_tag?post=11435"}],"curies":[{"name":"wp","href":"https:\/\/api.w.org\/{rel}","templated":true}]}}