{"id":11434,"date":"2023-01-10T04:38:57","date_gmt":"2023-01-10T07:38:57","guid":{"rendered":"https:\/\/www.cursos.olgavelez.co\/cu\/?post_type=product&#038;p=11434"},"modified":"2023-09-20T16:05:09","modified_gmt":"2023-09-20T19:05:09","slug":"confecciona-vestidos-sin-molde","status":"publish","type":"product","link":"https:\/\/www.cursos.olgavelez.co\/cu\/producto\/confecciona-vestidos-sin-molde\/","title":{"rendered":"CONFECCIONA VESTIDOS SIN MOLDE"},"content":{"rendered":"<p>Debido a la nueva era tecnol\u00f3gica y la situaci\u00f3n mundial, las mujeres han aprovechado la tecnolog\u00eda para capacitarse y emprender su propio negocio.<\/p>\n<p>Con el Master Class CONFECCIONA VESTIDOS SIN MOLDE, sin necesidad de tener patrones ni m\u00e1quinas industriales.<\/p>\n<p>Aqu\u00ed te ense\u00f1aremos paso a paso c\u00f3mo emprender tu propio negocio de confecci\u00f3n de vestidos de manera f\u00e1cil y precisa.<\/p>\n<p>\u00bfQU\u00c9 VAS A LOGRAR?<\/p>\n<p>Conocer\u00e1s la m\u00e1quina plana, para la confecci\u00f3n de vestidos.<\/p>\n<p>Emprender\u00e1s tu negocio sin necesidad de tener m\u00e1quinas industriales y lo podr\u00e1s hacer con una m\u00e1quina familiar.<\/p>\n<p>Identificar\u00e1s los materiales e insumos necesarios para la confecci\u00f3n.<\/p>\n<p>Aprender\u00e1s detalladamente a conocer, medir y cortar cada tela.<\/p>\n<p>Conocer\u00e1s c\u00f3mo ensamblar cada parte de nuestra prenda.<\/p>\n<p>Reconocer\u00e1s errores y c\u00f3mo aprender\u00e1s c\u00f3mo corregirlos.<\/p>\n<p>Dise\u00f1ar\u00e1s cualquier moda para cualquier talla.<\/p>\n<p>Conocer\u00e1s la m\u00e1quina fileteadora industrial.<\/p>\n<p>Acceder\u00e1s al certificado avalado por Hotmart y Seminarios Online.<\/p>\n<p>\u00bfC\u00d3MO LO VAS A LOGRAR?<\/p>\n<p>A trav\u00e9s del siguiente contenido estructurado paso a paso:<\/p>\n<p>M\u00f3dulo 1 Presentando el paso a paso.<\/p>\n<p>VIDEO 1: Introducci\u00f3n.<br \/>\nVIDEO 2: C\u00f3mo confeccionar vestido palo de rosa.<br \/>\nVIDEO 3: C\u00f3mo confeccionar vestido popelina verde.<br \/>\nVIDEO 4: C\u00f3mo confeccionar vestido con escote de gola.<\/p>\n<p>M\u00f3dulo 2 C\u00f3mo confeccionar vestido palo de rosa.<\/p>\n<p>VIDEO 5: Presentaci\u00f3n de materiales.<br \/>\nVIDEO 6: Lo que vas a aprender (resultado final).<br \/>\nVIDEO 7: C\u00f3mo tomar medidas y cortar.<br \/>\nVIDEO 8: T\u00e9cnica para cerrar costuras y fruncir sin fileteadora.<br \/>\nVIDEO 9: T\u00e9cnica de encauchado manual.<br \/>\nVIDEO 10: C\u00f3mo pegar las golas y terminaci\u00f3n PARTE 1.<br \/>\nVIDEO 11: Terminaci\u00f3n del vestido PARTE 2.<\/p>\n<p>M\u00f3dulo 3 C\u00f3mo confeccionar vestido popelina verde.<\/p>\n<p>VIDEO 12: C\u00f3mo seleccionar los insumos para confeccionar.<br \/>\nVIDEO 13: C\u00f3mo medir y cortar las partes del vestido.<br \/>\nVIDEO 14: C\u00f3mo cerramos el vestido.<br \/>\nVIDEO 15: C\u00f3mo encauchamos la parte superior del vestido.<br \/>\nVIDEO 16: C\u00f3mo fruncimos las golas y las pegamos.<br \/>\nVIDEO 17: C\u00f3mo ponemos caucho y ponemos manga.<br \/>\nVIDEO 18: Resultado final.<\/p>\n<p>M\u00f3dulo 4 C\u00f3mo confeccionar vestido con escote de gola.<\/p>\n<p>VIDEO 19: Introducci\u00f3n: Lo que aprender\u00e1s.<br \/>\nVIDEO 20: C\u00f3mo escoger materiales e insumos para ensamblaje.<br \/>\nVIDEO 21: C\u00f3mo medir y cortar las piezas (correcci\u00f3n de corte).<br \/>\nVIDEO 22: C\u00f3mo cerramos y finalizamos costuras con maquina familiar.<br \/>\nVIDEO 23: C\u00f3mo medimos y sacamos la gola superior y la encauchamos.<br \/>\nVIDEO 24: Resultado final.<\/p>\n<p>M\u00f3dulo 5 BONUS.<\/p>\n<p>VIDEO 25: C\u00f3mo fabricar accesorios para el cabello con mo\u00f1os como negocio.<br \/>\nVIDEO 26: C\u00f3mo fabricar turbantes como accesorios para el cabello como negocio.<br \/>\nVIDEO 27: Despedida. <\/p>\n<p>ACERCA DE LA PRODUCTORA<\/p>\n<p>Desarrollado por ADRIANA G\u00d3MEZ, dise\u00f1adora de modas con m\u00e1s de 15 a\u00f1os de experiencia.<\/p>\n<p>Enfocada en la elaboraci\u00f3n y el dise\u00f1o de prendas de vestir para mujeres de cualquier talla de manera pr\u00e1ctica, desde casa emprendiendo tu propio negocio.<\/p>\n<p>Ha desarrollado su experiencia siempre desde el hogar, debido a que nunca quiso dejar sus hijos al cuidado de otras personas por ende su capacidad de emprendimiento surgi\u00f3 de esa necesidad.<\/p>\n<p>Actualmente, se dedica a ense\u00f1ar a miles de personas en Latino Am\u00e9rica y en otras partes del mundo hispano hablante, haciendo que muchas personas logren sus objetivos y aprovechen este rentable negocio.<\/p>\n","protected":false},"excerpt":{"rendered":"<p>Debido a la nueva era tecnol\u00f3gica y la situaci\u00f3n mundial, las mujeres han aprovechado la tecnolog\u00eda para capacitarse y emprender su propio negocio.<\/p>\n<p>Con el Master Class CONFECCIONA VESTIDOS SIN MOLDE, sin necesidad de tener patrones ni m\u00e1quinas industriales.<\/p>\n<p>Aqu\u00ed te ense\u00f1aremos paso a paso c\u00f3mo emprender tu propio negocio de confecci\u00f3n de vestidos de manera f\u00e1cil y precisa.<\/p>\n","protected":false},"featured_media":3263,"template":"","meta":{"_joinchat":[]},"product_brand":[],"product_cat":[317,344],"product_tag":[],"class_list":{"0":"post-11434","1":"product","2":"type-product","3":"status-publish","4":"has-post-thumbnail","6":"product_cat-belleza-y-moda","7":"product_cat-todos","9":"first","10":"instock","11":"sale","12":"shipping-taxable","13":"product-type-external"},"_links":{"self":[{"href":"https:\/\/www.cursos.olgavelez.co\/cu\/wp-json\/wp\/v2\/product\/11434","targetHints":{"allow":["GET"]}}],"collection":[{"href":"https:\/\/www.cursos.olgavelez.co\/cu\/wp-json\/wp\/v2\/product"}],"about":[{"href":"https:\/\/www.cursos.olgavelez.co\/cu\/wp-json\/wp\/v2\/types\/product"}],"version-history":[{"count":2,"href":"https:\/\/www.cursos.olgavelez.co\/cu\/wp-json\/wp\/v2\/product\/11434\/revisions"}],"predecessor-version":[{"id":13979,"href":"https:\/\/www.cursos.olgavelez.co\/cu\/wp-json\/wp\/v2\/product\/11434\/revisions\/13979"}],"wp:featuredmedia":[{"embeddable":true,"href":"https:\/\/www.cursos.olgavelez.co\/cu\/wp-json\/wp\/v2\/media\/3263"}],"wp:attachment":[{"href":"https:\/\/www.cursos.olgavelez.co\/cu\/wp-json\/wp\/v2\/media?parent=11434"}],"wp:term":[{"taxonomy":"product_brand","embeddable":true,"href":"https:\/\/www.cursos.olgavelez.co\/cu\/wp-json\/wp\/v2\/product_brand?post=11434"},{"taxonomy":"product_cat","embeddable":true,"href":"https:\/\/www.cursos.olgavelez.co\/cu\/wp-json\/wp\/v2\/product_cat?post=11434"},{"taxonomy":"product_tag","embeddable":true,"href":"https:\/\/www.cursos.olgavelez.co\/cu\/wp-json\/wp\/v2\/product_tag?post=11434"}],"curies":[{"name":"wp","href":"https:\/\/api.w.org\/{rel}","templated":true}]}}