{"id":11430,"date":"2023-01-10T04:38:57","date_gmt":"2023-01-10T07:38:57","guid":{"rendered":"https:\/\/www.cursos.olgavelez.co\/cu\/?post_type=product&#038;p=11430"},"modified":"2023-09-20T16:05:08","modified_gmt":"2023-09-20T19:05:08","slug":"maquillaje-de-fantasia-como-negocio-para-eventos","status":"publish","type":"product","link":"https:\/\/www.cursos.olgavelez.co\/cu\/producto\/maquillaje-de-fantasia-como-negocio-para-eventos\/","title":{"rendered":"MAQUILLAJE DE FANTAS\u00cdA COMO NEGOCIO PARA EVENTOS"},"content":{"rendered":"<p>\u00bfTe gustar\u00eda maquillar personajes para ni\u00f1os y adultos de manera profesional? <\/p>\n<p>Con el masterclass MAQUILLAJE DE FANTASIA COMO NEGOCIO PARA EVENTOS<br \/>\npodr\u00e1s hacer hermosos dise\u00f1os para tus eventos y ocasiones especiales y convertir este arte en un emprendimiento rentable. <\/p>\n<p>\u00bfQU\u00c9 VAS A LOGRAR?<\/p>\n<p>Aprender\u00e1s las diferentes t\u00e9cnicas para hacer trazos y los diferentes elementos necesarios para la realizaci\u00f3n. <\/p>\n<p>Podr\u00e1s mejorar tu t\u00e9cnica con diferentes efectos as\u00ed seas principiante o intermedio.<\/p>\n<p>Aprender\u00e1s dise\u00f1os de maquillaje para ni\u00f1os y adultos. <\/p>\n<p>Sabr\u00e1s las recomendaciones a considerar para diferentes tipos de rostros. <\/p>\n<p>Dominar\u00e1s correctamente el agarre de tu pincel, la calidad de tu delineado y la estrategia de dise\u00f1o. <\/p>\n<p>Tendr\u00e1s la capacidad hacer todo tipo de maquillaje de personajes con diferentes tem\u00e1ticas para que pongas en pr\u00e1ctica tu creatividad. <\/p>\n<p>Acceder\u00e1s al certificado avalado por Hotmart y Seminarios Online.<\/p>\n<p>\u00bfC\u00d3MO LO VAS A LOGRAR?<\/p>\n<p>A trav\u00e9s del siguiente contenido, estructurado paso a paso:<\/p>\n<p>MODULO 1 MAQUILLAJE DE FANTASIA. <\/p>\n<p>Presentaci\u00f3n maquillaje de fantas\u00eda.<br \/>\nIntroducci\u00f3n maquillaje de fantas\u00eda.<br \/>\nS\u00edguenos en redes sociales.<br \/>\nTeor\u00eda animales y t\u00e9cnica de l\u00edneas diamond fx, pintucaritas y l\u00edneas.<br \/>\nTeor\u00eda estrellas y flores.<\/p>\n<p>MODULO 2 PR\u00c1CTICA ANIMALES. <\/p>\n<p>Tigre parte 1.<br \/>\nTigre parte 2.<br \/>\nJaguar.<br \/>\nLobo feroz.<br \/>\nUnicornio.<br \/>\nAntifaz tigresa. <\/p>\n<p>MODULO 3 PR\u00c1CTICA SUPERH\u00c9ROES. <\/p>\n<p>Spider girl.<br \/>\nMujer maravilla.<br \/>\nBatman.<br \/>\nLadybug. <\/p>\n<p>MODULO 4 PR\u00c1CTICA MARIPOSAS Y FLORES.<\/p>\n<p>Mariposa aplicando t\u00e9cnica de flores.<br \/>\nMariposas y flores: flores de dos colores.<br \/>\nMariposa hada madrina.<br \/>\nMariposa sencilla media cara.<br \/>\nMariposa de 3 colores. <\/p>\n<p>MODULO 5 PR\u00c1CTICA ESTRELLAS Y FLORES. <\/p>\n<p>Fantas\u00eda femenina.<br \/>\nH\u00e9roes y fantas\u00eda frozen.<br \/>\nAngelito.<br \/>\nDespedida y agradecimiento. <\/p>\n<p>MODULO 6 BONO AUTOMAQUILLAJE.  <\/p>\n<p>Automaquillaje: Introducci\u00f3n.<br \/>\nMimo &#8211; Automaquillaje.<br \/>\nAutomaquillaje iron man parte 1.<br \/>\nAutomaquillaje iron man parte 2.<br \/>\nModulo 7 bono maquillaje para bebes.<br \/>\nMinie mouse.<br \/>\nTigre.<br \/>\nCorazones. <\/p>\n<p>MODULO 8 BONO BANDERAS. <\/p>\n<p> Bandera Colombia.<br \/>\nBandera Cuba.<\/p>\n<p>MODULO 9 BONO MONSTRUO.<\/p>\n<p>Bono monstruo.  <\/p>\n<p>ACERCA DEL PRODUCTOR<\/p>\n<p>Desarrollado por ALBERTO MART\u00cdNEZ y MARI HERN\u00c1NDEZ pareja de esposos cubanos con m\u00e1s de 8 a\u00f1os de experiencia en maquillaje de fantas\u00eda y el face painting trabajado en eventos.<\/p>\n<p>Radicados en Colombia tienen su empresa Recreation Art, la cual se dedica a eventos de recreaci\u00f3n, globoflexia y maquillaje de fantas\u00eda.<\/p>\n","protected":false},"excerpt":{"rendered":"<p>\u00bfTe gustar\u00eda maquillar personajes para ni\u00f1os y adultos de manera profesional? <\/p>\n<p>Con el masterclass MAQUILLAJE DE FANTASIA COMO NEGOCIO PARA EVENTOS<br \/>\npodr\u00e1s hacer hermosos dise\u00f1os para tus eventos y ocasiones especiales y convertir este arte en un emprendimiento rentable. <\/p>\n","protected":false},"featured_media":3259,"template":"","meta":{"_joinchat":[]},"product_brand":[],"product_cat":[317,344],"product_tag":[],"class_list":{"0":"post-11430","1":"product","2":"type-product","3":"status-publish","4":"has-post-thumbnail","6":"product_cat-belleza-y-moda","7":"product_cat-todos","9":"first","10":"instock","11":"sale","12":"shipping-taxable","13":"product-type-external"},"_links":{"self":[{"href":"https:\/\/www.cursos.olgavelez.co\/cu\/wp-json\/wp\/v2\/product\/11430","targetHints":{"allow":["GET"]}}],"collection":[{"href":"https:\/\/www.cursos.olgavelez.co\/cu\/wp-json\/wp\/v2\/product"}],"about":[{"href":"https:\/\/www.cursos.olgavelez.co\/cu\/wp-json\/wp\/v2\/types\/product"}],"version-history":[{"count":2,"href":"https:\/\/www.cursos.olgavelez.co\/cu\/wp-json\/wp\/v2\/product\/11430\/revisions"}],"predecessor-version":[{"id":13975,"href":"https:\/\/www.cursos.olgavelez.co\/cu\/wp-json\/wp\/v2\/product\/11430\/revisions\/13975"}],"wp:featuredmedia":[{"embeddable":true,"href":"https:\/\/www.cursos.olgavelez.co\/cu\/wp-json\/wp\/v2\/media\/3259"}],"wp:attachment":[{"href":"https:\/\/www.cursos.olgavelez.co\/cu\/wp-json\/wp\/v2\/media?parent=11430"}],"wp:term":[{"taxonomy":"product_brand","embeddable":true,"href":"https:\/\/www.cursos.olgavelez.co\/cu\/wp-json\/wp\/v2\/product_brand?post=11430"},{"taxonomy":"product_cat","embeddable":true,"href":"https:\/\/www.cursos.olgavelez.co\/cu\/wp-json\/wp\/v2\/product_cat?post=11430"},{"taxonomy":"product_tag","embeddable":true,"href":"https:\/\/www.cursos.olgavelez.co\/cu\/wp-json\/wp\/v2\/product_tag?post=11430"}],"curies":[{"name":"wp","href":"https:\/\/api.w.org\/{rel}","templated":true}]}}