{"id":11427,"date":"2023-01-10T04:38:57","date_gmt":"2023-01-10T07:38:57","guid":{"rendered":"https:\/\/www.cursos.olgavelez.co\/cu\/?post_type=product&#038;p=11427"},"modified":"2023-09-20T16:05:08","modified_gmt":"2023-09-20T19:05:08","slug":"manicure-y-pedicure-como-negocio-a-domicilio","status":"publish","type":"product","link":"https:\/\/www.cursos.olgavelez.co\/cu\/producto\/manicure-y-pedicure-como-negocio-a-domicilio\/","title":{"rendered":"MANICURE Y PEDICURE COMO NEGOCIO A DOMICILIO"},"content":{"rendered":"<p>\u00bfSabias que muchas personas quisieran tener sus u\u00f1as arregladas pero no cuentan con el tiempo para ir a un sal\u00f3n de belleza?<\/p>\n<p>Con el masterclass MANICURE Y PEDICURE COMO NEGOCIO A DOMICILIO aprender\u00e1s el arte de embellecer las manos y pies de tus clientes, atendi\u00e9ndolos en su propia casa <\/p>\n<p>\u00bfQU\u00c9 VAS A LOGRAR?<\/p>\n<p>Lograr\u00e1s tener un emprendimiento rentable.<\/p>\n<p>Lograras saber las t\u00e9cnicas de la manicura y pedicura.<\/p>\n<p>Lograr\u00e1s paso a paso las t\u00e9cnicas de masaje para manos y pies.<\/p>\n<p>Aprender\u00e1s la manera correcta de sacar un u\u00f1ero.<\/p>\n<p>Sabr\u00e1s sobre la etiqueta y el protocolo del negocio.<\/p>\n<p>Lograras hacer un trabajo de calidad como profesional que eres.<\/p>\n<p>Aprender\u00e1s como hacer tu propia p\u00e1gina en Facebook.<\/p>\n<p>Lograras hacer publicidad para tener m\u00e1s clientes.<\/p>\n<p>Tendr\u00e1s una cantidad variable de dise\u00f1os para tu cliente.<\/p>\n<p>Acceder\u00e1s al certificado avalado por Hotmart y Seminarios Online.<\/p>\n<p>\u00bfC\u00d3MO LO VAS A LOGRAR?<\/p>\n<p>A trav\u00e9s del siguiente contenido, estructurado paso a paso:<\/p>\n<p>MODULO 1 BIENVENIDA<\/p>\n<p>Lecci\u00f3n 1 \u2013 Bienvenida.<br \/>\nLecci\u00f3n 2 &#8211; \u00bfQui\u00e9n soy?<br \/>\nLecci\u00f3n 3 &#8211; \u00danete al grupo exclusivo de Facebook.<\/p>\n<p>MODULO 2 MODELO DE NEGOCIO<\/p>\n<p>Lecci\u00f3n 4 &#8211; Modelo del negocio.<\/p>\n<p>MODULO 3 PASO A PASO<\/p>\n<p>Lecci\u00f3n 5 \u2013 Materiales.<br \/>\nLecci\u00f3n 6 \u2013 Manicure.<br \/>\nLecci\u00f3n 7 \u2013 Pedicure.<br \/>\nLecci\u00f3n 8 &#8211; Como sacar un u\u00f1ero.<br \/>\nLecci\u00f3n 9 &#8211; T\u00e9cnica de masaje para manos.<br \/>\nLecci\u00f3n 10 &#8211; T\u00e9cnica de masaje para pies.<br \/>\nLecci\u00f3n 11 &#8211; Iniciar el pintado.<\/p>\n<p>MODULO 4 DISE\u00d1OS<\/p>\n<p>Lecci\u00f3n 12 &#8211; Dise\u00f1o stikers.<br \/>\nLecci\u00f3n 13 &#8211; Dise\u00f1o l\u00edneas transversales.<br \/>\nLecci\u00f3n 14 &#8211; Dise\u00f1o margarita.<br \/>\nLecci\u00f3n 15 &#8211; Dise\u00f1o tulipanes.<br \/>\nLecci\u00f3n 16 &#8211; Dise\u00f1o rosas.<br \/>\nLecci\u00f3n 17 &#8211; Dise\u00f1o flores de higuera.<br \/>\nLecci\u00f3n 18 &#8211; Dise\u00f1o copo de nieve.<br \/>\nLecci\u00f3n 19 &#8211; Dise\u00f1o puntos.<br \/>\nLecci\u00f3n 20 &#8211; Dise\u00f1o francesas con l\u00edneas.<br \/>\nLecci\u00f3n 21 &#8211; Dise\u00f1o hojas.<br \/>\nLecci\u00f3n 22 &#8211; Dise\u00f1o c\u00edrculos.<br \/>\nLecci\u00f3n 23 &#8211; Dise\u00f1o brillos.<br \/>\nLecci\u00f3n 24 &#8211; Dise\u00f1o tachuela.<br \/>\nLecci\u00f3n 25 &#8211; Dise\u00f1o emojis.<br \/>\nLecci\u00f3n 26 &#8211; Dise\u00f1o estampado.<\/p>\n<p>MODULO 5 DISE\u00d1OS PARA NOVIAS<\/p>\n<p>Lecci\u00f3n 27 &#8211; Dise\u00f1o francesas con flores.<br \/>\nLecci\u00f3n 28 &#8211; Dise\u00f1o tulipanes\/plata.<br \/>\nLecci\u00f3n 29 &#8211; Dise\u00f1os arco.<br \/>\nLecci\u00f3n 30 &#8211; Dise\u00f1o l\u00edneas cruzadas.<br \/>\nLecci\u00f3n 31 &#8211; Dise\u00f1os flores y dorados.<br \/>\nLecci\u00f3n 32 &#8211; Dise\u00f1os brillos para novias.<\/p>\n<p>MODULO 6 ESTRUCTURA DEL NEGOCIO<\/p>\n<p>Lecci\u00f3n 33 &#8211; Como conseguir clientes.<br \/>\nLecci\u00f3n 34 &#8211; Como organizar tus citas.<br \/>\nLecci\u00f3n 35 &#8211; Atenci\u00f3n al cliente.<br \/>\nLecci\u00f3n 36 &#8211; Protocolo y etiqueta.<br \/>\nLecci\u00f3n 37 &#8211; Cuanto cobrar.<br \/>\nLecci\u00f3n 38 &#8211; Como crear una p\u00e1gina de Facebook.<br \/>\nLecci\u00f3n 39 &#8211; Como dise\u00f1ar mi logo.<br \/>\nLecci\u00f3n 40 &#8211; Anuncio en Facebook.<\/p>\n<p>M\u00d3DULO 7 FINALIZACI\u00d3N<\/p>\n<p>Lecci\u00f3n 41 \u2013 Recomendaciones.<br \/>\nLecci\u00f3n 42 \u2013 Despedida.<\/p>\n<p>M\u00d3DULO 8 BONUS<\/p>\n<p>Bono 1 \u2013 Exfoliante.<br \/>\nBono 2 &#8211; Depilaci\u00f3n de rostro.<br \/>\nBono 3 &#8211; Mascarilla facial.<\/p>\n<p>ACERCA DE LA PRODUCTORA<\/p>\n<p>Desarrollado por FABIOLA ESP\u00cdNDOLA \u2013 estilista profesional con 15 a\u00f1os de trayectoria en el nicho de la belleza, apasionada y dedicada a su labor ha logrado reconocimiento y certificaci\u00f3n a nivel internacional, tambi\u00e9n ha capacitado a muchas mujeres a estructurar su propio negocio y ayudando a salir adelante.<\/p>\n","protected":false},"excerpt":{"rendered":"<p>\u00bfSabias que muchas personas quisieran tener sus u\u00f1as arregladas pero no cuentan con el tiempo para ir a un sal\u00f3n de belleza?<\/p>\n<p>Con el masterclass MANICURE Y PEDICURE COMO NEGOCIO A DOMICILIO aprender\u00e1s el arte de embellecer las manos y pies de tus clientes, atendi\u00e9ndolos en su propia casa <\/p>\n","protected":false},"featured_media":3256,"template":"","meta":{"_joinchat":[]},"product_brand":[],"product_cat":[317,344],"product_tag":[],"class_list":{"0":"post-11427","1":"product","2":"type-product","3":"status-publish","4":"has-post-thumbnail","6":"product_cat-belleza-y-moda","7":"product_cat-todos","9":"first","10":"instock","11":"sale","12":"shipping-taxable","13":"product-type-external"},"_links":{"self":[{"href":"https:\/\/www.cursos.olgavelez.co\/cu\/wp-json\/wp\/v2\/product\/11427","targetHints":{"allow":["GET"]}}],"collection":[{"href":"https:\/\/www.cursos.olgavelez.co\/cu\/wp-json\/wp\/v2\/product"}],"about":[{"href":"https:\/\/www.cursos.olgavelez.co\/cu\/wp-json\/wp\/v2\/types\/product"}],"version-history":[{"count":2,"href":"https:\/\/www.cursos.olgavelez.co\/cu\/wp-json\/wp\/v2\/product\/11427\/revisions"}],"predecessor-version":[{"id":13972,"href":"https:\/\/www.cursos.olgavelez.co\/cu\/wp-json\/wp\/v2\/product\/11427\/revisions\/13972"}],"wp:featuredmedia":[{"embeddable":true,"href":"https:\/\/www.cursos.olgavelez.co\/cu\/wp-json\/wp\/v2\/media\/3256"}],"wp:attachment":[{"href":"https:\/\/www.cursos.olgavelez.co\/cu\/wp-json\/wp\/v2\/media?parent=11427"}],"wp:term":[{"taxonomy":"product_brand","embeddable":true,"href":"https:\/\/www.cursos.olgavelez.co\/cu\/wp-json\/wp\/v2\/product_brand?post=11427"},{"taxonomy":"product_cat","embeddable":true,"href":"https:\/\/www.cursos.olgavelez.co\/cu\/wp-json\/wp\/v2\/product_cat?post=11427"},{"taxonomy":"product_tag","embeddable":true,"href":"https:\/\/www.cursos.olgavelez.co\/cu\/wp-json\/wp\/v2\/product_tag?post=11427"}],"curies":[{"name":"wp","href":"https:\/\/api.w.org\/{rel}","templated":true}]}}