{"id":11396,"date":"2023-01-10T04:38:53","date_gmt":"2023-01-10T07:38:53","guid":{"rendered":"https:\/\/www.cursos.olgavelez.co\/cu\/?post_type=product&#038;p=11396"},"modified":"2023-09-20T16:05:08","modified_gmt":"2023-09-20T19:05:08","slug":"restauracion-de-estrias-con-micropuntura","status":"publish","type":"product","link":"https:\/\/www.cursos.olgavelez.co\/cu\/producto\/restauracion-de-estrias-con-micropuntura\/","title":{"rendered":"RESTAURACI\u00d3N DE ESTR\u00cdAS CON MICROPUNTURA"},"content":{"rendered":"<p>\u00bfSabias que las estrias de la piel se pueden reducir hasta en un 90 por ciento?<\/p>\n<p>Con el MasterClass RESTAURACI\u00d3N DE ESTR\u00ccAS CON MICROPUNTURA podr\u00e1s ayudar a tantas personas que sienten complejo al mostrar su piel con estr\u00edas y brindar este servicio sin una experiencia previa, ni t\u00edtulos o cursos adicionales.<\/p>\n<p>\u00bfQU\u00c9 VAS A LOGRAR?<\/p>\n<p>Aprender\u00e1s la t\u00e9cnica precisa para reducir hasta en un 90% las texturas y profundidad de las estr\u00edas.<\/p>\n<p>Sabr\u00e1s cuales son los materiales e insumos m\u00e1s efectivos.<\/p>\n<p>Podr\u00e1s empezar desde cero sin una experiencia previa, ni t\u00edtulos, o cursos adicionales. <\/p>\n<p>Tendr\u00e1s los conocimientos para comenzar tu propio negocio.<\/p>\n<p>Ser\u00e1s de las primeras personas en tu ciudad en brindar este tipo de servicios. <\/p>\n<p>Dar\u00e1s soluci\u00f3n para tantas personas que viven acomplejadas.<\/p>\n<p>Podr\u00e1s ser un profesional independiente y saber manejar tu tiempo como m\u00e1s te guste. <\/p>\n<p>Acceder\u00e1s al certificado avalado por Hotmart y Seminarios Online.<\/p>\n<p>\u00bfC\u00d3MO LO VAS A LOGRAR?<\/p>\n<p>A trav\u00e9s del siguiente contenido, estructurado paso a paso:<\/p>\n<p>Modulo N\u00ba 1 Iniciando el proyecto<\/p>\n<p>Bienvenida.<br \/>\n\u00bfPor qu\u00e9 es rentable el negocio?<br \/>\n\u00bfQu\u00e9 es la restauraci\u00f3n de estr\u00edas?<br \/>\nTipos y clases de estr\u00edas.<br \/>\nAnatom\u00eda de la piel.<br \/>\nMateriales principales.<br \/>\nMateriales secundarios.<br \/>\nEl principio activo.<br \/>\nRealizando el diagn\u00f3stico.<br \/>\nCuidados a tener en cuenta.<br \/>\nContraindicaciones.<\/p>\n<p>Modulo N\u00ba 2 Parte pr\u00e1ctica.<\/p>\n<p>Dosificaci\u00f3n del principio activo.<br \/>\nArmando la maquina 1.<br \/>\nArmando la maquina 2.<br \/>\nDonde conseguir la m\u00e1quina.<br \/>\nPr\u00e1ctica en piel sint\u00e9tica.<br \/>\nClase en piel sint\u00e9tica especial.<\/p>\n<p>Modulo N\u00ba 3 Procedimiento en modelo real.<\/p>\n<p>Colocando anestesia.<br \/>\nRetirando anestesia.<br \/>\nProcedimiento en bajo espalda.<br \/>\nCicatrizaci\u00f3n en bajo espalda.<br \/>\nProcedimiento en gl\u00fateos.<br \/>\nCicatrizaci\u00f3n en gl\u00fateos.<br \/>\nAnalizando un procedimiento.<br \/>\nVideo ejemplo para redes sociales 1.<br \/>\nVideo ejemplo para redes sociales 2.<br \/>\nTu marca en redes sociales.<\/p>\n<p>Modulo N\u00ba 4 BONOS<\/p>\n<p>La clave de entregar el presupuesto.<br \/>\nFicha proceso de cicatrizaci\u00f3n.<br \/>\nConsentimiento informado.<br \/>\nPreguntas frecuentes Vol.1.<br \/>\nPreguntas frecuentes Vol. 2.<br \/>\nEs tu turno.<\/p>\n<p>ACERCA DEL PRODUCTOR<\/p>\n<p>Desarrollado por CARLOS MEDINA argentino, emprendedor y con deseos de ense\u00f1ar a otros.<\/p>\n<p>Experto en la industria de la belleza con m\u00e1s de 10 a\u00f1os de experiencia en Latinoam\u00e9rica y Espa\u00f1a especialista en tratamientos faciales y corporales con radiofrecuencia y ondas galv\u00e1nicas master trainer en restauraci\u00f3n y camuflaje de estr\u00edas, cicatrices y ojeras.<\/p>\n<p>Actualmente tiene 2 empresas en el sector, adem\u00e1s es asesor y consultor en el montaje de negocios de servicios est\u00e9ticos.<\/p>\n","protected":false},"excerpt":{"rendered":"<p>\u00bfSabias que las estrias de la piel se pueden reducir hasta en un 90 por ciento?<\/p>\n<p>Con el MasterClass RESTAURACI\u00d3N DE ESTR\u00ccAS CON MICROPUNTURA podr\u00e1s ayudar a tantas personas que sienten complejo al mostrar su piel con estr\u00edas y brindar este servicio sin una experiencia previa, ni t\u00edtulos o cursos adicionales.<\/p>\n","protected":false},"featured_media":3255,"template":"","meta":{"_joinchat":[]},"product_brand":[],"product_cat":[317,344],"product_tag":[],"class_list":{"0":"post-11396","1":"product","2":"type-product","3":"status-publish","4":"has-post-thumbnail","6":"product_cat-belleza-y-moda","7":"product_cat-todos","9":"first","10":"instock","11":"sale","12":"shipping-taxable","13":"product-type-external"},"_links":{"self":[{"href":"https:\/\/www.cursos.olgavelez.co\/cu\/wp-json\/wp\/v2\/product\/11396","targetHints":{"allow":["GET"]}}],"collection":[{"href":"https:\/\/www.cursos.olgavelez.co\/cu\/wp-json\/wp\/v2\/product"}],"about":[{"href":"https:\/\/www.cursos.olgavelez.co\/cu\/wp-json\/wp\/v2\/types\/product"}],"version-history":[{"count":2,"href":"https:\/\/www.cursos.olgavelez.co\/cu\/wp-json\/wp\/v2\/product\/11396\/revisions"}],"predecessor-version":[{"id":13971,"href":"https:\/\/www.cursos.olgavelez.co\/cu\/wp-json\/wp\/v2\/product\/11396\/revisions\/13971"}],"wp:featuredmedia":[{"embeddable":true,"href":"https:\/\/www.cursos.olgavelez.co\/cu\/wp-json\/wp\/v2\/media\/3255"}],"wp:attachment":[{"href":"https:\/\/www.cursos.olgavelez.co\/cu\/wp-json\/wp\/v2\/media?parent=11396"}],"wp:term":[{"taxonomy":"product_brand","embeddable":true,"href":"https:\/\/www.cursos.olgavelez.co\/cu\/wp-json\/wp\/v2\/product_brand?post=11396"},{"taxonomy":"product_cat","embeddable":true,"href":"https:\/\/www.cursos.olgavelez.co\/cu\/wp-json\/wp\/v2\/product_cat?post=11396"},{"taxonomy":"product_tag","embeddable":true,"href":"https:\/\/www.cursos.olgavelez.co\/cu\/wp-json\/wp\/v2\/product_tag?post=11396"}],"curies":[{"name":"wp","href":"https:\/\/api.w.org\/{rel}","templated":true}]}}