{"id":11395,"date":"2023-01-10T04:38:53","date_gmt":"2023-01-10T07:38:53","guid":{"rendered":"https:\/\/www.cursos.olgavelez.co\/cu\/?post_type=product&#038;p=11395"},"modified":"2023-09-20T16:05:08","modified_gmt":"2023-09-20T19:05:08","slug":"metodo-curly-girl-rizos-libres-y-felices","status":"publish","type":"product","link":"https:\/\/www.cursos.olgavelez.co\/cu\/producto\/metodo-curly-girl-rizos-libres-y-felices\/","title":{"rendered":"M\u00c9TODO CURLY GIRL RIZOS LIBRES Y FELICES"},"content":{"rendered":"<p>\u00bfSab\u00edas que gran parte de la poblaci\u00f3n posee alguno de los 12 tipos de cabello rizado? <\/p>\n<p>Con el masterclass METODO CURLY GIRL RIZOS LIBRES Y FELICES aprender\u00e1s de forma sencilla y amena como ofrecer a este nicho de mercado una opci\u00f3n para tener los rizos so\u00f1ados.<\/p>\n<p>\u00bfQUE VAS A LOGRAR?<\/p>\n<p>Conocer\u00e1s cuales son las caracter\u00edsticas y las necesidades del cabello rizado y afro.<\/p>\n<p>Comprender\u00e1s las caracter\u00edsticas m\u00e1s importantes del cabello. <\/p>\n<p>Aprender\u00e1s diferentes t\u00e9cnicas de definici\u00f3n y secado para unos rizos voluminosos y saludables.<\/p>\n<p>Aprender\u00e1s c\u00f3mo lavar, nutrir e hidratar el cabello de manera r\u00e1pida y sencilla.<\/p>\n<p>Aprender\u00e1s a proteger y mantener tus rizos en el d\u00eda a d\u00eda.<\/p>\n<p>Obtendr\u00e1s los recursos descargables de plantillas, recetarios de f\u00f3rmulas caseras, gu\u00eda infusiones para el cabello, plantilla para cronograma capilar.<\/p>\n<p>Acceder\u00e1s al certificado avalado por Hotmart y Seminarios Online.<\/p>\n<p>\u00bfC\u00d3MO LO VAS A LOGRAR?<\/p>\n<p>A trav\u00e9s del siguiente contenido, estructurado paso a paso:<\/p>\n<p>M\u00f3dulo 1 Bienvenida <\/p>\n<p>Video 1 Presentaci\u00f3n.<br \/>\nVideo 2 Introducci\u00f3n.<br \/>\nVideo 3 Como lo vas a lograr.<br \/>\nVideo 4 Recomendaciones. <\/p>\n<p>M\u00f3dulo 2 Fundamentos te\u00f3ricos. <\/p>\n<p>Video 5 Porqu\u00e9 aceptar nuestro cabello rizado.<br \/>\nVideo 6 Qu\u00e9 es el m\u00e9todo curly girl.<br \/>\nVideo 7 Qui\u00e9n es su principal ponente. <\/p>\n<p>M\u00f3dulo 3 C\u00f3mo Iniciar el m\u00e9todo curly girl.<\/p>\n<p>Video 8 Conoce tu cabello.<br \/>\nVideo 9 Identificaci\u00f3n tipo de cabello (porosidad, patr\u00f3n, densidad, elasticidad, grosor).<br \/>\nVideo 10 Gestiona tus expectativas.<br \/>\nVideo 11 Identifica productos no aptos para el m\u00e9todo.<br \/>\nVideo 12 Productos b\u00e1sicos para iniciar.<br \/>\nVideo 13 Lavar, acondicionar, estilizar, secar, mantenimiento y protecci\u00f3n.<br \/>\nVideo 14 Proceso de transici\u00f3n. <\/p>\n<p>M\u00f3dulo 4 Lavado y acondicionado en el m\u00e9todo curly. <\/p>\n<p>Video N\u00b0 15 C\u00f3mo y cu\u00e1ndo lavo mi cabello.<br \/>\nVideo N\u00b0 16 Lavado final wash.<br \/>\nVideo N\u00b0 17 Lavado Y acondicionado (Low poo- Cowahs). <\/p>\n<p>M\u00f3dulo 5 Tipos de definici\u00f3n  <\/p>\n<p>Video 8 definici\u00f3n pulsing.<br \/>\nVideo 19 definici\u00f3n rizo a rizo.<br \/>\nVideo 20 definici\u00f3n el m\u00e9todo del BOWL.<br \/>\nVideo 21 definici\u00f3n Twist.<br \/>\nVideo 22 definici\u00f3n Fitagen. <\/p>\n<p>M\u00f3dulo 6 T\u00e9cnicas de secado. <\/p>\n<p>Video 23 Secado con colador.<br \/>\nVideo 24 Secado con difusor.<br \/>\nVideo 25 Secado al aire libre y\/o plopping<\/p>\n<p>M\u00f3dulo 7 C\u00f3mo mantener y refrescar tus rizos.<\/p>\n<p>Video 26 Proteger tu cabello al dormir.<br \/>\nVideo 27 Proteger tu cabello al hacer ejercicio.<br \/>\nVideo 28 Refrescar y mantener tus rizos.  <\/p>\n<p>M\u00f3dulo 8 Cronograma capilar y tipos de mascarillas.<\/p>\n<p>Video 29 Qu\u00e9 son y para que sirven las mascarillas.<br \/>\nVideo 30 Tipos de mascarillas.<br \/>\nVideo 31 Qu\u00e9 es un cronograma capilar.<br \/>\nVideo 32 Cronograma de 1 mascarilla por semana.<br \/>\nVideo 33 Cronograma de 2 mascarilla por semana.<br \/>\nVideo 34 Cronograma de 3 mascarilla por semana. <\/p>\n<p>M\u00f3dulo 9 Vamos de compras. <\/p>\n<p>Video 35 Recomendados Amazon.<br \/>\nVideo 36 Encontrando productos en tu pa\u00eds. <\/p>\n<p>BONOS <\/p>\n<p>Video 37 Infusiones caseras Pdf<br \/>\nVideo 38 Mascarillas Caseras Pdf<br \/>\nVideo 39 Recomendaci\u00f3n de pel\u00edcula<br \/>\nHistoria del Cabello rizado pdf <\/p>\n<p>ACERCA DE LA PRODUCTORA<\/p>\n<p>Desarrollado por XIOMARA CARDONA, Apasionada y enamorada de su cabellera y de la seguridad y valent\u00eda que ha logrado sentir y transmitir desde que decidi\u00f3 aceptar y llevar con orgullo una melena hermosamente imperfecta.<br \/>\nCon el paso del tiempo ha combinado el aprendizaje autodidacta con diferentes cursos libres, que ha realizado con la convicci\u00f3n y prop\u00f3sito de lograr que muchas personas se sientan orgullosas de haber llegado al mundo con los crespos hechos.<\/p>\n","protected":false},"excerpt":{"rendered":"<p>\u00bfSab\u00edas que gran parte de la poblaci\u00f3n posee alguno de los 12 tipos de cabello rizado? <\/p>\n<p>Con el masterclass METODO CURLY GIRL RIZOS LIBRES Y FELICES aprender\u00e1s de forma sencilla y amena como ofrecer a este nicho de mercado una opci\u00f3n para tener los rizos so\u00f1ados.<\/p>\n","protected":false},"featured_media":3254,"template":"","meta":{"_joinchat":[]},"product_brand":[],"product_cat":[317,344],"product_tag":[],"class_list":{"0":"post-11395","1":"product","2":"type-product","3":"status-publish","4":"has-post-thumbnail","6":"product_cat-belleza-y-moda","7":"product_cat-todos","9":"first","10":"instock","11":"sale","12":"shipping-taxable","13":"product-type-external"},"_links":{"self":[{"href":"https:\/\/www.cursos.olgavelez.co\/cu\/wp-json\/wp\/v2\/product\/11395","targetHints":{"allow":["GET"]}}],"collection":[{"href":"https:\/\/www.cursos.olgavelez.co\/cu\/wp-json\/wp\/v2\/product"}],"about":[{"href":"https:\/\/www.cursos.olgavelez.co\/cu\/wp-json\/wp\/v2\/types\/product"}],"version-history":[{"count":2,"href":"https:\/\/www.cursos.olgavelez.co\/cu\/wp-json\/wp\/v2\/product\/11395\/revisions"}],"predecessor-version":[{"id":13970,"href":"https:\/\/www.cursos.olgavelez.co\/cu\/wp-json\/wp\/v2\/product\/11395\/revisions\/13970"}],"wp:featuredmedia":[{"embeddable":true,"href":"https:\/\/www.cursos.olgavelez.co\/cu\/wp-json\/wp\/v2\/media\/3254"}],"wp:attachment":[{"href":"https:\/\/www.cursos.olgavelez.co\/cu\/wp-json\/wp\/v2\/media?parent=11395"}],"wp:term":[{"taxonomy":"product_brand","embeddable":true,"href":"https:\/\/www.cursos.olgavelez.co\/cu\/wp-json\/wp\/v2\/product_brand?post=11395"},{"taxonomy":"product_cat","embeddable":true,"href":"https:\/\/www.cursos.olgavelez.co\/cu\/wp-json\/wp\/v2\/product_cat?post=11395"},{"taxonomy":"product_tag","embeddable":true,"href":"https:\/\/www.cursos.olgavelez.co\/cu\/wp-json\/wp\/v2\/product_tag?post=11395"}],"curies":[{"name":"wp","href":"https:\/\/api.w.org\/{rel}","templated":true}]}}