{"id":11394,"date":"2023-01-10T04:38:53","date_gmt":"2023-01-10T07:38:53","guid":{"rendered":"https:\/\/www.cursos.olgavelez.co\/cu\/?post_type=product&#038;p=11394"},"modified":"2023-09-20T16:05:08","modified_gmt":"2023-09-20T19:05:08","slug":"estilista-a-domicilio","status":"publish","type":"product","link":"https:\/\/www.cursos.olgavelez.co\/cu\/producto\/estilista-a-domicilio\/","title":{"rendered":"ESTILISTA A DOMICILIO"},"content":{"rendered":"<p>\u00bfSabias que muchas personas quisieran tener su cabello arreglado pero no cuentan con el tiempo para ir a un sal\u00f3n de belleza?<\/p>\n<p>Con el MasterClass ESTILISTA A DOMICILIO aprender\u00e1s el arte de ser estilista y como atender a tus clientes en su propia casa.<\/p>\n<p>\u00bfQU\u00c9 VAS A LOGRAR?<\/p>\n<p>Conocer\u00e1s las herramientas, materiales y productos necesitar\u00e1s para iniciar para que no inviertas en productos y herramientas innecesarias.<\/p>\n<p>Cu\u00e1les son las mejores marcas para que tus servicios tengan el valor justo.<\/p>\n<p>Conocer\u00e1s todo sobre los servicios m\u00e1s rentables y pautas para decidir con cuales puedes iniciar.<\/p>\n<p>Te ense\u00f1ar\u00e9 en donde puedes encontrar tus primeras clientas y as\u00ed poder generar ingresos de una forma profesional y r\u00e1pida.<\/p>\n<p>Aprender\u00e1s pautas b\u00e1sicas para iniciar con tu marca personal y la importancia de \u00e9sta.<\/p>\n<p>Pautas para definir tu cliente ideal.<\/p>\n<p>Como prestar los servicios a tu clienta y como transportarte hacia ella.<\/p>\n<p>Conocer\u00e1s la importancia y c\u00f3mo manejar tu imagen personal.<\/p>\n<p>Te mostrar\u00e9 c\u00f3mo de forma sencilla el manejo del inventario y equipo en tu casa y si no tienes ning\u00fan conocimiento sabr\u00e1s c\u00f3mo y con cuales servicios empezar para generar ingresos de forma inmediata.<\/p>\n<p>Acceder\u00e1s al certificado avalado por Hotmart y Seminarios Online.<\/p>\n<p>\u00bfC\u00d3MO LO VAS A LOGRAR?<\/p>\n<p>A trav\u00e9s del siguiente contenido, estructurado paso a paso:<\/p>\n<p>M\u00d3DULO 1 BIENVENIDA FILMADO<\/p>\n<p>Lecci\u00f3n 1: Presentaci\u00f3n.<br \/>\nLecci\u00f3n 2: Trayectoria.<br \/>\nLecci\u00f3n 3: Mi Pasi\u00f3n.<br \/>\nLecci\u00f3n 4: La alta demanda del negocio de la belleza.<br \/>\nLecci\u00f3n 5: Recomendaciones.<\/p>\n<p>MODULO 2 PRIMEROS PASOS PARA INICIAR<\/p>\n<p>Lecci\u00f3n No. 1: C\u00f3mo iniciar con tu marca personal.<br \/>\nLecci\u00f3n No. 2: C\u00f3mo decidir con cuales servicios iniciar.<br \/>\nLecci\u00f3n No. 3: C\u00f3mo definir los precios de tus servicios.<br \/>\nLecci\u00f3n No. 4: Primer cat\u00e1logo de servicios.<br \/>\nLecci\u00f3n No. 5: D\u00f3nde est\u00e1n los clientes.<br \/>\nLecci\u00f3n No. 6: C\u00f3mo manejar tu agenda.<br \/>\nLecci\u00f3n No. 7: Tu Cliente Ideal.<\/p>\n<p>M\u00d3DULO 3 EL PORTAFOLIO DE SERVICIOS A DOMICILIO<\/p>\n<p>Lecci\u00f3n No. 1: Servicios de Coloraci\u00f3n.<br \/>\nLecci\u00f3n No. 2: Cortes de cabello.<br \/>\nLecci\u00f3n No. 3: Estilizados y Peinados.<br \/>\nLecci\u00f3n No. 4: Tratamientos Capilares como Servicio.<br \/>\nLecci\u00f3n No. 5: Alisados.<br \/>\nLecci\u00f3n No. 6: Manicure.<br \/>\nLecci\u00f3n No. 7: Pedicure.<br \/>\nLecci\u00f3n No. 8: Depilaci\u00f3n.<br \/>\nLecci\u00f3n No. 9: Makeup.<br \/>\nLecci\u00f3n No. 10: Venta de Productos.<\/p>\n<p>M\u00d3DULO 4 EQU\u00cdPATE COMO ESTILISTA<\/p>\n<p>Lecci\u00f3n No. 1: Herramientas para Servicios de Color.<br \/>\nLecci\u00f3n No. 2: Inventario para Servicios de Color.<br \/>\nLecci\u00f3n No. 3: Herramientas para Corte de Cabello y Estilizado.<br \/>\nLecci\u00f3n No. 4: Herramientas e inventario para Tratamientos y Estilizado.<br \/>\nLecci\u00f3n No. 5: Herramientas e inventario para Alisados.<br \/>\nLecci\u00f3n No. 6: Herramientas e inventario para Manicure y Pedicure.<br \/>\nLecci\u00f3n No. 7: Herramientas e inventario para Depilaci\u00f3n.<\/p>\n<p>M\u00d3DULO 5 EN ACCI\u00d3N COMO UN PROFESIONAL (filmaci\u00f3n)<\/p>\n<p>Lecci\u00f3n No. 1: C\u00f3mo organizo y cuido mi equipo en casa.<br \/>\nLecci\u00f3n No. 2: C\u00f3mo manejar los materiales desechables y reutilizables.<br \/>\nLecci\u00f3n No. 3: C\u00f3mo transportar tus materiales, equipo y herramienta.<br \/>\nLecci\u00f3n No. 4: C\u00f3mo prestar los servicios a tu clienta y tu presentaci\u00f3n personal.<\/p>\n<p>M\u00d3DULO 6 MATERIAL ADICIONAL Y COMPLEMENTARIO (BONOS)<br \/>\nRECURSOS BONOS PDF<\/p>\n<p>BONO 1 C\u00f3mo sacarle el m\u00e1ximo provecho al tiempo con tu clienta<br \/>\nBONO 2 Cursos Gratuitos para tus primeros servicios B\u00e1sicos<br \/>\nBONO 3 C\u00f3mo defino los precios de mis servicios<br \/>\nBONO 4 Definiendo tu Cliente Ideal<br \/>\nHerramientas y Equipos m\u00ednimos para iniciar Estilista a Domicilio<\/p>\n<p>ACERCA DE LA EXPERTA<\/p>\n<p>Desarrollado por Rebeca Guillen Estilista y Colorista profesional desde el a\u00f1o 2005.<br \/>\nHa recibido diversos Cursos, MasterClass, Certificaciones y Seminarios con diferentes marcas como Wella Professional, L\u2019Or\u00e9al Professionnel y Truss Professional.<br \/>\nLleva ya un poco m\u00e1s de 15 a\u00f1os dedicada con amor y pasi\u00f3n a la peluquer\u00eda, especializada en Colorimetr\u00eda y cortes de cabello para Dama.<br \/>\nActualmente trabaja fel\u00edz y de manera independiente como Estilista a Domicilio lo cual le permite tener una mejor calidad de vida.<\/p>\n","protected":false},"excerpt":{"rendered":"<p>\u00bfSabias que muchas personas quisieran tener su cabello arreglado pero no cuentan con el tiempo para ir a un sal\u00f3n de belleza?<\/p>\n<p>Con el MasterClass ESTILISTA A DOMICILIO aprender\u00e1s el arte de ser estilista y como atender a tus clientes en su propia casa.<\/p>\n","protected":false},"featured_media":3253,"template":"","meta":{"_joinchat":[]},"product_brand":[],"product_cat":[317,344],"product_tag":[],"class_list":{"0":"post-11394","1":"product","2":"type-product","3":"status-publish","4":"has-post-thumbnail","6":"product_cat-belleza-y-moda","7":"product_cat-todos","9":"first","10":"instock","11":"sale","12":"shipping-taxable","13":"product-type-external"},"_links":{"self":[{"href":"https:\/\/www.cursos.olgavelez.co\/cu\/wp-json\/wp\/v2\/product\/11394","targetHints":{"allow":["GET"]}}],"collection":[{"href":"https:\/\/www.cursos.olgavelez.co\/cu\/wp-json\/wp\/v2\/product"}],"about":[{"href":"https:\/\/www.cursos.olgavelez.co\/cu\/wp-json\/wp\/v2\/types\/product"}],"version-history":[{"count":2,"href":"https:\/\/www.cursos.olgavelez.co\/cu\/wp-json\/wp\/v2\/product\/11394\/revisions"}],"predecessor-version":[{"id":13969,"href":"https:\/\/www.cursos.olgavelez.co\/cu\/wp-json\/wp\/v2\/product\/11394\/revisions\/13969"}],"wp:featuredmedia":[{"embeddable":true,"href":"https:\/\/www.cursos.olgavelez.co\/cu\/wp-json\/wp\/v2\/media\/3253"}],"wp:attachment":[{"href":"https:\/\/www.cursos.olgavelez.co\/cu\/wp-json\/wp\/v2\/media?parent=11394"}],"wp:term":[{"taxonomy":"product_brand","embeddable":true,"href":"https:\/\/www.cursos.olgavelez.co\/cu\/wp-json\/wp\/v2\/product_brand?post=11394"},{"taxonomy":"product_cat","embeddable":true,"href":"https:\/\/www.cursos.olgavelez.co\/cu\/wp-json\/wp\/v2\/product_cat?post=11394"},{"taxonomy":"product_tag","embeddable":true,"href":"https:\/\/www.cursos.olgavelez.co\/cu\/wp-json\/wp\/v2\/product_tag?post=11394"}],"curies":[{"name":"wp","href":"https:\/\/api.w.org\/{rel}","templated":true}]}}