{"id":11393,"date":"2023-01-10T04:38:53","date_gmt":"2023-01-10T07:38:53","guid":{"rendered":"https:\/\/www.cursos.olgavelez.co\/cu\/?post_type=product&#038;p=11393"},"modified":"2023-09-20T16:05:08","modified_gmt":"2023-09-20T19:05:08","slug":"drenaje-facial-pro","status":"publish","type":"product","link":"https:\/\/www.cursos.olgavelez.co\/cu\/producto\/drenaje-facial-pro\/","title":{"rendered":"DRENAJE FACIAL PRO"},"content":{"rendered":"<p>\u00bfSab\u00edas que el drenaje linf\u00e1tico facial es una de las t\u00e9cnicas m\u00e1s efectivas para lucir un cutis rejuvenecido?<\/p>\n<p>Con el masterclass DRENAJE FACIAL PRO aprender\u00e1s la \u00faltima t\u00e9cnica que existe en el mercado de masajes faciales.<\/p>\n<p>\u00bfQU\u00c9 VAS A LOGRAR?<\/p>\n<p>Aprender\u00e1s la \u00faltima t\u00e9cnica que existe en el mercado de masajes faciales.<\/p>\n<p>Aprender\u00e1s de manera pr\u00e1ctica, todo el paso a paso para lograr un drenaje linf\u00e1tico facial con excelentes resultados desde la primera sesi\u00f3n.<\/p>\n<p>Tendr\u00e1s las herramientas que necesitas para crear y fortalecer tu emprendimiento, te garantizamos que con esto tendr\u00e1s un negocio altamente rentable.<\/p>\n<p>Conocer\u00e1s el detalle pr\u00e1ctico y t\u00e9cnico de la t\u00e9cnica drenaje linf\u00e1tico facial.<\/p>\n<p>Te volver\u00e1s un experto en todos los conceptos relacionados al drenaje linf\u00e1tico facial.<\/p>\n<p>Conocer\u00e1s el paso a paso que te guiar\u00e1 para crear tu propia marca.<\/p>\n<p>Aprender\u00e1s lo necesario para garantizar que tus tratamientos tengan los resultados esperados para tus pacientes.<\/p>\n<p>Aprender\u00e1s herramientas gratuitas que son claves para el manejo de tu publicidad como la creaci\u00f3n cuenta de Instagram y realizar piezas publicitarias en Canva.<\/p>\n<p>Acceder\u00e1s al certificado avalado por Hotmart y Seminarios Online.<\/p>\n<p>\u00bfC\u00d3MO LO VAS A LOGRAR?<\/p>\n<p>A trav\u00e9s del siguiente contenido, estructurado paso a paso:<\/p>\n<p>M\u00f3dulo 1 Introducci\u00f3n.<\/p>\n<p>M\u00f3dulo 2 Historia del masaje facial.<\/p>\n<p>M\u00f3dulo 3 Herramientas.<\/p>\n<p>M\u00f3dulo 4 Beneficios del masaje.<\/p>\n<p>M\u00f3dulo 5 Indicaciones y contraindicaciones.<\/p>\n<p>M\u00f3dulo 6 Preparaci\u00f3n para el Masaje.<\/p>\n<p>M\u00f3dulo 7 Activaci\u00f3n de ganglios manual.<\/p>\n<p>M\u00f3dulo 8 Activaci\u00f3n de ganglios con rodillo.<\/p>\n<p>M\u00f3dulo 9 Micromasaje.<\/p>\n<p>M\u00f3dulo 10 Drenaje con copa de madera.<\/p>\n<p>M\u00f3dulo 11 Efecto Lifting con Gua Sha de cuarzo rosa.<\/p>\n<p>M\u00f3dulo 12 Sellar y tonificar con rodillo cuarzo Rosa.<\/p>\n<p>M\u00f3dulo 13 Masaje Final.<\/p>\n<p>M\u00f3dulo 14 Fototerapia.<\/p>\n<p>M\u00f3dulo 15 Fototerapia Pr\u00e1ctica.<\/p>\n<p>M\u00f3dulo 16 Manejo de marca y Fidelizaci\u00f3n de clientes Parte 1.<\/p>\n<p>M\u00f3dulo 17 Canva.<\/p>\n<p>M\u00f3dulo 18 Instagram.<\/p>\n<p>M\u00f3dulo 19 Conclusiones.<\/p>\n<p>Bonos.<\/p>\n<p>Bono Automasaje.<\/p>\n<p>Preguntas frecuentes.<\/p>\n<p>PERFIL DEL EXPERTO<\/p>\n<p>Desarrollado por M\u00f3nica Pineda, esteticista, profesional en mercadeo y certificada en la t\u00e9cnica de masaje moldeador corporal y facial sin dolor. Vive en la ciudad de Medell\u00edn, Colombia, y tiene una empresa de belleza muy rentable desde hace m\u00e1s de 4 a\u00f1os, con uno de sus productos principales los drenajes linf\u00e1ticos faciales.<\/p>\n","protected":false},"excerpt":{"rendered":"<p>\u00bfSab\u00edas que el drenaje linf\u00e1tico facial es una de las t\u00e9cnicas m\u00e1s efectivas para lucir un cutis rejuvenecido?<\/p>\n<p>Con el masterclass DRENAJE FACIAL PRO aprender\u00e1s la \u00faltima t\u00e9cnica que existe en el mercado de masajes faciales.<\/p>\n","protected":false},"featured_media":3252,"template":"","meta":{"_joinchat":[]},"product_brand":[],"product_cat":[317,344],"product_tag":[],"class_list":{"0":"post-11393","1":"product","2":"type-product","3":"status-publish","4":"has-post-thumbnail","6":"product_cat-belleza-y-moda","7":"product_cat-todos","9":"first","10":"instock","11":"sale","12":"shipping-taxable","13":"product-type-external"},"_links":{"self":[{"href":"https:\/\/www.cursos.olgavelez.co\/cu\/wp-json\/wp\/v2\/product\/11393","targetHints":{"allow":["GET"]}}],"collection":[{"href":"https:\/\/www.cursos.olgavelez.co\/cu\/wp-json\/wp\/v2\/product"}],"about":[{"href":"https:\/\/www.cursos.olgavelez.co\/cu\/wp-json\/wp\/v2\/types\/product"}],"version-history":[{"count":2,"href":"https:\/\/www.cursos.olgavelez.co\/cu\/wp-json\/wp\/v2\/product\/11393\/revisions"}],"predecessor-version":[{"id":13968,"href":"https:\/\/www.cursos.olgavelez.co\/cu\/wp-json\/wp\/v2\/product\/11393\/revisions\/13968"}],"wp:featuredmedia":[{"embeddable":true,"href":"https:\/\/www.cursos.olgavelez.co\/cu\/wp-json\/wp\/v2\/media\/3252"}],"wp:attachment":[{"href":"https:\/\/www.cursos.olgavelez.co\/cu\/wp-json\/wp\/v2\/media?parent=11393"}],"wp:term":[{"taxonomy":"product_brand","embeddable":true,"href":"https:\/\/www.cursos.olgavelez.co\/cu\/wp-json\/wp\/v2\/product_brand?post=11393"},{"taxonomy":"product_cat","embeddable":true,"href":"https:\/\/www.cursos.olgavelez.co\/cu\/wp-json\/wp\/v2\/product_cat?post=11393"},{"taxonomy":"product_tag","embeddable":true,"href":"https:\/\/www.cursos.olgavelez.co\/cu\/wp-json\/wp\/v2\/product_tag?post=11393"}],"curies":[{"name":"wp","href":"https:\/\/api.w.org\/{rel}","templated":true}]}}