{"id":11392,"date":"2023-01-10T04:38:53","date_gmt":"2023-01-10T07:38:53","guid":{"rendered":"https:\/\/www.cursos.olgavelez.co\/cu\/?post_type=product&#038;p=11392"},"modified":"2023-09-20T16:05:08","modified_gmt":"2023-09-20T19:05:08","slug":"bebe-a-la-moda-con-crochet","status":"publish","type":"product","link":"https:\/\/www.cursos.olgavelez.co\/cu\/producto\/bebe-a-la-moda-con-crochet\/","title":{"rendered":"BEB\u00c9 A LA MODA CON CROCHET"},"content":{"rendered":"<p>\u00bfSab\u00edas que puedes elaborar dise\u00f1os \u00fanicos en crochet para tu bebe?<\/p>\n<p>Con el MasterClass BEB\u00c9 A LA MODA CON CROCHET aprender\u00e1s el fabuloso arte de tejer y podr\u00e1s vestir a tu hijo con ropa c\u00f3moda y personalizada.<\/p>\n<p>\u00bfQU\u00c9 VAS A LOGRAR?<\/p>\n<p>Elaborar\u00e1s coordinados \u00fanicos y a la moda.<\/p>\n<p>Aprender\u00e1s la t\u00e9cnica secreta para calcular las medidas y tallas correctas para tu beb\u00e9.<\/p>\n<p>Aprender\u00e1s a personalizar tus dise\u00f1os de zapatitos para crear modelos \u00fanicos.<\/p>\n<p>Podr\u00e1s crear dise\u00f1os de coordinados que no le pedir\u00e1n nada a marcas reconocidas en el mercado.<\/p>\n<p>Favorecer\u00e1s tu concentraci\u00f3n, ejecutando la t\u00e9cnica mediante el conteo de puntos y el seguimiento de patrones.<\/p>\n<p>Reducir\u00e1s la ansiedad y la depresi\u00f3n.<\/p>\n<p>Conciliar\u00e1s m\u00e1s f\u00e1cil el sue\u00f1o a trav\u00e9s de la relajaci\u00f3n muscular por la actividad manual.<\/p>\n<p>Acceder\u00e1s al certificado avalado por Hotmart y Seminarios Online.<\/p>\n<p>\u00bfC\u00d3MO LO VAS A LOGRAR?<\/p>\n<p>A trav\u00e9s del siguiente contenido, estructurado paso a paso:<\/p>\n<p>M\u00f3dulo No. 1 Bienvenida<\/p>\n<p>Presentaci\u00f3n.<br \/>\nInvitaci\u00f3n a Grupo Privado de Facebook.<\/p>\n<p>M\u00f3dulo No. 2 Herramientas B\u00e1sicas<\/p>\n<p>Agujas de Crochet.<br \/>\nEstambres e Hilazas.<br \/>\nHerramientas Esenciales.<\/p>\n<p>M\u00f3dulo No. 3 Puntos Claves<\/p>\n<p>Clase No. 1 \u2013 C\u00f3mo escoger el estambre.<br \/>\nClase No. 2 \u2013 Como cerrar puntos sin que se note.<br \/>\nClase No. 3 \u2013 F\u00f3rmula para sacar medida de canes\u00fa cualquier talla.<\/p>\n<p>M\u00f3dulo No. 4\tPuntadas B\u00e1sicas<\/p>\n<p>Clase No. 4 \u2013 Nudo corredizo.<br \/>\nClase No. 5 \u2013 Cadeneta.<br \/>\nClase No. 6 \u2013 Punto Deslizado.<br \/>\nClase No. 7 \u2013 Punto B\u00e1sico.<br \/>\nClase No. 8 \u2013 Medio Punto Alto.<br \/>\nClase No. 9 \u2013 Punto Vareta.<br \/>\nClase No. 10 \u2013 Punto Vareta Doble.<br \/>\nClase No. 11 \u2013 Punto Vareta Triple.<\/p>\n<p>M\u00f3dulo No. 5\tAumento de Puntos<\/p>\n<p>Clase No. 12 \u2013 Aumento de Punto Bajo.<br \/>\nClase No. 13 \u2013 Aumento de Medio Punto Alto.<br \/>\nClase No. 14 \u2013 Aumento de Varetas.<\/p>\n<p>M\u00f3dulo No. 6\tDisminuci\u00f3n de Puntos<\/p>\n<p>Clase No. 15 \u2013 Disminuci\u00f3n de Medio Punto.<br \/>\nClase No. 16 \u2013 Disminuci\u00f3n de Medio Punto Alto.<br \/>\nClase No. 17 \u2013 Disminuci\u00f3n de Varetas.<\/p>\n<p>CLASE PR\u00c1CTICA. Overol<\/p>\n<p>Parte No. 1 \u2013 Overol.<br \/>\nParte No. 2 \u2013 Overol.<br \/>\nParte No. 3 \u2013 Overol.<\/p>\n<p>CLASE PR\u00c1CTICA. Sandalias Verdes<\/p>\n<p>Parte No. 1 \u2013 Sandalias Verdes.<br \/>\nParte No. 2 \u2013 Sandalias Verdes.<br \/>\nParte No. 3 \u2013 Sandalias Verdes.<\/p>\n<p>CLASE PR\u00c1CTICA. Vestido Rosa de Abanicos<\/p>\n<p>Parte No. 1 \u2013 Vestido Rosa de Abanicos.<br \/>\nParte No. 2 \u2013 Vestido Rosa de Abanicos.<br \/>\nParte No. 3 \u2013 Vestido Rosa de Abanicos.<br \/>\nParte No. 4 \u2013 Vestido Rosa de Abanicos.<br \/>\nParte No. 5 \u2013 Vestido Rosa de Abanicos.<\/p>\n<p>CLASE PR\u00c1CTICA. Sandalias Rojas<\/p>\n<p>Parte No. 1 \u2013 Sandalias Rosas.<br \/>\nParte No. 2 \u2013 Sandalias Rosas.<br \/>\nParte No. 3 \u2013 Sandalias Rosas.<\/p>\n<p>CLASE PR\u00c1CTICA. Vestido Girasol<\/p>\n<p>Parte No. 1 \u2013 Vestido Girasol.<br \/>\nParte No. 2 \u2013 Vestido Girasol.<br \/>\nParte No. 3 \u2013 Vestido Girasol.<\/p>\n<p>CLASE PR\u00c1CTICA. Zapatitos Girasol<\/p>\n<p>Parte No. 1 \u2013 Zapatitos Girasol.<br \/>\nParte No. 2 \u2013 Zapatitos Girasol.<br \/>\nParte No. 3 \u2013 Zapatitos Girasol.<\/p>\n<p>(BONOS &#8211; Material adicional -)<\/p>\n<p>Bono No. 1 \u2013 PDF Iniciaci\u00f3n al Ganchillo.<br \/>\nBono No. 2 \u2013 PDF Motivos y Bordes.<br \/>\nBono No. 3 \u2013 PDF Patrones a Crochet.<br \/>\nBono No. 4 \u2013 PDF Decohogar con Grannys.<br \/>\nBono No. 5 \u2013 PDF Dise\u00f1o para Nenas.<br \/>\nBono No. 6 \u2013 PDF Tejidos Ni\u00f1os.<\/p>\n<p>(VIDEO RESPUESTAS)<\/p>\n<p>Respuesta a pregunta frecuente No.1.<\/p>\n<p>ACERCA DE LA PRODUCTORA<\/p>\n<p>Desarrollado por MAR\u00cdA DE LOURDES CAMBRANIS AVILA Licenciada en Ciencias de la Comunicaci\u00f3n, con m\u00e1s de 20 a\u00f1os trabajando diversas t\u00e9cnicas manuales, tales como el fomi, fieltro, decoupage, bisuter\u00eda, pasta flexible y actualmente el crochet. <\/p>\n<p>Le encanta trabajar todo lo relacionado con beb\u00e9s, prendas de vestir, accesorios para el cabello, pero sobre todo los zapatitos.<\/p>\n","protected":false},"excerpt":{"rendered":"<p>\u00bfSab\u00edas que puedes elaborar dise\u00f1os \u00fanicos en crochet para tu bebe?<\/p>\n<p>Con el MasterClass BEB\u00c9 A LA MODA CON CROCHET aprender\u00e1s el fabuloso arte de tejer y podr\u00e1s vestir a tu hijo con ropa c\u00f3moda y personalizada.<\/p>\n","protected":false},"featured_media":3250,"template":"","meta":{"_joinchat":[]},"product_brand":[],"product_cat":[317,344],"product_tag":[],"class_list":{"0":"post-11392","1":"product","2":"type-product","3":"status-publish","4":"has-post-thumbnail","6":"product_cat-belleza-y-moda","7":"product_cat-todos","9":"first","10":"instock","11":"sale","12":"shipping-taxable","13":"product-type-external"},"_links":{"self":[{"href":"https:\/\/www.cursos.olgavelez.co\/cu\/wp-json\/wp\/v2\/product\/11392","targetHints":{"allow":["GET"]}}],"collection":[{"href":"https:\/\/www.cursos.olgavelez.co\/cu\/wp-json\/wp\/v2\/product"}],"about":[{"href":"https:\/\/www.cursos.olgavelez.co\/cu\/wp-json\/wp\/v2\/types\/product"}],"version-history":[{"count":2,"href":"https:\/\/www.cursos.olgavelez.co\/cu\/wp-json\/wp\/v2\/product\/11392\/revisions"}],"predecessor-version":[{"id":13967,"href":"https:\/\/www.cursos.olgavelez.co\/cu\/wp-json\/wp\/v2\/product\/11392\/revisions\/13967"}],"wp:featuredmedia":[{"embeddable":true,"href":"https:\/\/www.cursos.olgavelez.co\/cu\/wp-json\/wp\/v2\/media\/3250"}],"wp:attachment":[{"href":"https:\/\/www.cursos.olgavelez.co\/cu\/wp-json\/wp\/v2\/media?parent=11392"}],"wp:term":[{"taxonomy":"product_brand","embeddable":true,"href":"https:\/\/www.cursos.olgavelez.co\/cu\/wp-json\/wp\/v2\/product_brand?post=11392"},{"taxonomy":"product_cat","embeddable":true,"href":"https:\/\/www.cursos.olgavelez.co\/cu\/wp-json\/wp\/v2\/product_cat?post=11392"},{"taxonomy":"product_tag","embeddable":true,"href":"https:\/\/www.cursos.olgavelez.co\/cu\/wp-json\/wp\/v2\/product_tag?post=11392"}],"curies":[{"name":"wp","href":"https:\/\/api.w.org\/{rel}","templated":true}]}}