{"id":11390,"date":"2023-01-10T04:38:53","date_gmt":"2023-01-10T07:38:53","guid":{"rendered":"https:\/\/www.cursos.olgavelez.co\/cu\/?post_type=product&#038;p=11390"},"modified":"2023-09-20T16:05:08","modified_gmt":"2023-09-20T19:05:08","slug":"personal-shopper-para-curvilineas","status":"publish","type":"product","link":"https:\/\/www.cursos.olgavelez.co\/cu\/producto\/personal-shopper-para-curvilineas\/","title":{"rendered":"PERSONAL SHOPPER PARA CURVILINEAS"},"content":{"rendered":"<p>\u00bfSab\u00edas que la ropa que usas puede hacerte ver mucho m\u00e1s delgada?<\/p>\n<p>Con el masterclass PERSONAL SHOPPER PARA CURVILINEAS podr\u00e1s guiar y asesorar a mujeres curvy para lucir y potenciar su belleza.<\/p>\n<p>\u00bfQU\u00c9 VAS A LOGRAR?<\/p>\n<p>Lograr\u00e1s conocer las bases y fundamentos de un Personal Shopper.<\/p>\n<p>Lograr\u00e1s conocer qu\u00e9 tipo de cuerpo tienes.<\/p>\n<p>Sabr\u00e1s c\u00f3mo vestir para cada tipo de cuerpo.<\/p>\n<p>Aprender\u00e1s a analizar los colores que m\u00e1s combinan con cada tipo de piel.<\/p>\n<p>Lograr\u00e1s realizar un an\u00e1lisis del color (colorimetr\u00eda).<\/p>\n<p>Lograr\u00e1s identificar los tipos de rostro.<\/p>\n<p>Lograr\u00e1s potenciar los detalles y la belleza de las mujeres curvy.<\/p>\n<p>Lograras saber el procedimiento con cada cliente.<\/p>\n<p>Lograr\u00e1s asesorar y vestirte como una profesional.<\/p>\n<p>Acceder\u00e1s al certificado avalado por Hotmart y Seminarios Online. <\/p>\n<p>\u00bfC\u00d3MO LO VAS A LOGRAR?<\/p>\n<p>A trav\u00e9s de los siguientes m\u00f3dulos y lecciones te llevaremos paso a paso:<\/p>\n<p>M\u00f3dulo 1.- Bienvenida<\/p>\n<p>Lecci\u00f3n 1.- Bienvenida.<br \/>\nLecci\u00f3n 2.- Qui\u00e9n soy.<br \/>\nLecci\u00f3n 3.- \u00danete al grupo de Facebook.<\/p>\n<p>M\u00f3dulo 2.- Modelo de negocio<\/p>\n<p>Lecci\u00f3n 4.- Modelo del negocio.<\/p>\n<p>M\u00f3dulo 3.- Contexto<\/p>\n<p>Lecci\u00f3n 5.- La ropa y la autoestima.<br \/>\nLecci\u00f3n 6.- \u00bfC\u00f3mo definir qu\u00e9 tipo de cuerpo tengo.<br \/>\nLecci\u00f3n 7.- Accesorios para una mujer curvy.<\/p>\n<p>M\u00f3dulo 4.- Creando tu armario<\/p>\n<p>Lecci\u00f3n 8.- Prendas b\u00e1sicas para tipo de cuerpo tri\u00e1ngulo\/pera.<br \/>\nLecci\u00f3n 9.- Prendas b\u00e1sicas para tipo de cuerpo tri\u00e1ngulo invertido.<br \/>\nLecci\u00f3n 10.- Prendas b\u00e1sicas para tipo de cuerpo rect\u00e1ngulo.<br \/>\nLecci\u00f3n 11.- Prendas b\u00e1sicas para tipo de cuerpo manzana\/ovalado.<br \/>\nLecci\u00f3n 12.- Prendas b\u00e1sicas para tipo de cuerpo reloj de arena.<br \/>\nLecci\u00f3n 13.- La importancia de la lencer\u00eda.<\/p>\n<p>Modulo 5.- An\u00e1lisis de color<\/p>\n<p>Lecci\u00f3n 14.- An\u00e1lisis del color.<br \/>\nLecci\u00f3n 15.- Tonos de piel.<\/p>\n<p>M\u00f3dulo 6.- Visagismo<\/p>\n<p>Lecci\u00f3n 16.- Tipos de rostro.<br \/>\nLecci\u00f3n 17.- Maquillaje.<br \/>\nLecci\u00f3n 18.- Peinado.<\/p>\n<p>M\u00f3dulo 7.- Creando un outfit curvy<\/p>\n<p>Lecci\u00f3n 19.- Outfit b\u00e1sico.<br \/>\nLecci\u00f3n 20.- Outfit urbano.<br \/>\nLecci\u00f3n 21.- Outfit casual.<br \/>\nLecci\u00f3n 22.- Outfit gala\/noche.<br \/>\nLecci\u00f3n 23.- Trucos para lucir mejor.<\/p>\n<p>M\u00f3dulo 7.- Estructura del negocio<\/p>\n<p>Lecci\u00f3n 24.- Como conseguir clientes.<br \/>\nLecci\u00f3n 25.- Entrevista con el cliente (formulario).<\/p>\n<p>M\u00f3dulo 8.- Finalizaci\u00f3n<\/p>\n<p>Lecci\u00f3n 26.- Recomendaciones.<br \/>\nLecci\u00f3n 27.- Despedida.<\/p>\n<p>Bonus<\/p>\n<p>BONO 1 PDF Estrategias y conocimientos del maquillaje profesional.<br \/>\nBONO 2 PDF Manual de peinados y recogidos.<br \/>\nBONO 3 PDF Los 7 secretos.<\/p>\n<p>ACERCA DE LA PRODUCTORA<\/p>\n<p>Desarrollado por MARIBEL CARDONA dise\u00f1adora de moda, marketing de moda, Personal Shopper , organizadora de eventos y maquillista profesional.<\/p>\n<p>Con m\u00e1s de 6 a\u00f1os de experiencia en el rubro de la moda, capacitando personas y asesorando a celebridades. Ha obtenido reconocimientos internacionales por su labor y amplia experiencia en el rubro. <\/p>\n","protected":false},"excerpt":{"rendered":"<p>\u00bfSab\u00edas que la ropa que usas puede hacerte ver mucho m\u00e1s delgada?<\/p>\n<p>Con el masterclass PERSONAL SHOPPER PARA CURVILINEAS podr\u00e1s guiar y asesorar a mujeres curvy para lucir y potenciar su belleza.<\/p>\n","protected":false},"featured_media":3249,"template":"","meta":{"_joinchat":[]},"product_brand":[],"product_cat":[317,344],"product_tag":[],"class_list":{"0":"post-11390","1":"product","2":"type-product","3":"status-publish","4":"has-post-thumbnail","6":"product_cat-belleza-y-moda","7":"product_cat-todos","9":"first","10":"instock","11":"sale","12":"shipping-taxable","13":"product-type-external"},"_links":{"self":[{"href":"https:\/\/www.cursos.olgavelez.co\/cu\/wp-json\/wp\/v2\/product\/11390","targetHints":{"allow":["GET"]}}],"collection":[{"href":"https:\/\/www.cursos.olgavelez.co\/cu\/wp-json\/wp\/v2\/product"}],"about":[{"href":"https:\/\/www.cursos.olgavelez.co\/cu\/wp-json\/wp\/v2\/types\/product"}],"version-history":[{"count":2,"href":"https:\/\/www.cursos.olgavelez.co\/cu\/wp-json\/wp\/v2\/product\/11390\/revisions"}],"predecessor-version":[{"id":13965,"href":"https:\/\/www.cursos.olgavelez.co\/cu\/wp-json\/wp\/v2\/product\/11390\/revisions\/13965"}],"wp:featuredmedia":[{"embeddable":true,"href":"https:\/\/www.cursos.olgavelez.co\/cu\/wp-json\/wp\/v2\/media\/3249"}],"wp:attachment":[{"href":"https:\/\/www.cursos.olgavelez.co\/cu\/wp-json\/wp\/v2\/media?parent=11390"}],"wp:term":[{"taxonomy":"product_brand","embeddable":true,"href":"https:\/\/www.cursos.olgavelez.co\/cu\/wp-json\/wp\/v2\/product_brand?post=11390"},{"taxonomy":"product_cat","embeddable":true,"href":"https:\/\/www.cursos.olgavelez.co\/cu\/wp-json\/wp\/v2\/product_cat?post=11390"},{"taxonomy":"product_tag","embeddable":true,"href":"https:\/\/www.cursos.olgavelez.co\/cu\/wp-json\/wp\/v2\/product_tag?post=11390"}],"curies":[{"name":"wp","href":"https:\/\/api.w.org\/{rel}","templated":true}]}}