{"id":11389,"date":"2023-01-10T04:38:53","date_gmt":"2023-01-10T07:38:53","guid":{"rendered":"https:\/\/www.cursos.olgavelez.co\/cu\/?post_type=product&#038;p=11389"},"modified":"2023-09-20T16:05:08","modified_gmt":"2023-09-20T19:05:08","slug":"diseno-de-cejas-con-hilo-y-henna-como-negocio-en-casa-o-a-domicilio","status":"publish","type":"product","link":"https:\/\/www.cursos.olgavelez.co\/cu\/producto\/diseno-de-cejas-con-hilo-y-henna-como-negocio-en-casa-o-a-domicilio\/","title":{"rendered":"DISE\u00d1O DE CEJAS CON HILO Y HENNA, COMO NEGOCIO EN CASA O A DOMICILIO"},"content":{"rendered":"<p>\u00bfSab\u00edas que una mirada sexy depende en gran parte del dise\u00f1o de las cejas?<\/p>\n<p>Con el MasterClass DISE\u00d1O DE CEJAS CON HILO Y HENNA COMO NEGOCIO EN CASA O A DOMICILIO<br \/>\naprender\u00e1s a dise\u00f1ar, depilar y tinturar las cejas perfectas para cada rostro.<\/p>\n<p>\u00bfQU\u00c9 VAS A LOGRAR?<\/p>\n<p>Podr\u00e1s generar ingresos adicionales logrando dise\u00f1ar correctamente las cejas de tus clientes y a trav\u00e9s de la maravillosa depilaci\u00f3n con hilo que es una t\u00e9cnica de f\u00e1cil aprendizaje y en tendencia para lograr esas cejas estilizadas y naturales que tanto buscan.<\/p>\n<p>Lograr\u00e1s tener independencia laboral y financiera ya que es una habilidad desarrollable en cualquier lugar y con utensilios f\u00e1ciles de conseguir y cargar sin ocuparte espacio.<\/p>\n<p>Lograr\u00e1s crear cejas adecuadas a cada tipo de rostro seg\u00fan su anatom\u00eda.<\/p>\n<p>Lograr\u00e1s convertirte en un experto o experta en dise\u00f1o de cejas sabiendo que ahora son tendencia a nivel mundial.<\/p>\n<p>Podr\u00e1s mejorar la expresi\u00f3n de la mirada con esta parte tan importante del rostro como son las cejas.<\/p>\n<p>Acceder\u00e1s al certificado avalado por Hotmart y seminarios online.<\/p>\n<p>\u00bfC\u00d3MO LO VAS A LOGRAR?<\/p>\n<p>A trav\u00e9s del siguiente contenido, estructurado paso a paso:<\/p>\n<p>M\u00f3dulo 1 &#8211; Introducci\u00f3n<\/p>\n<p>Presentaci\u00f3n y Bienvenida.<\/p>\n<p>M\u00f3dulo 2 \u2013 LECCIONES<\/p>\n<p>Lecci\u00f3n 1. Materiales y productos para preparaci\u00f3n de piel.<br \/>\nLecci\u00f3n 2. Higiene de cejas.<br \/>\nLecci\u00f3n 3. Herramientas para dise\u00f1o de cejas.<br \/>\nLecci\u00f3n 4. Dise\u00f1o de cejas y su importancia.<br \/>\nLecci\u00f3n 5. Partes de la ceja.<br \/>\nLecci\u00f3n 6. Estructuras anat\u00f3micas.<br \/>\nLecci\u00f3n 7. Tips dise\u00f1o de cejas.<br \/>\nLecci\u00f3n 8. Anatom\u00eda de las cejas.<br \/>\nLecci\u00f3n 9. Dise\u00f1o de cejas con vernier.<br \/>\nLecci\u00f3n 10. Errores comunes en el dise\u00f1o de cejas.<br \/>\nLecci\u00f3n 11. Como dise\u00f1ar una ceja alop\u00e9cica.<br \/>\nLecci\u00f3n 12. Posici\u00f3n correcta de mi clienta.<br \/>\nLecci\u00f3n 13. Dise\u00f1o de cejas en tu clienta.<br \/>\nLecci\u00f3n 14. Que es la t\u00e9cnica de depilaci\u00f3n con hilo.<br \/>\nLecci\u00f3n 15. Paso a paso depilaci\u00f3n con hilo.<br \/>\nLecci\u00f3n 16. Maniobras con el hilo.<br \/>\nLecci\u00f3n 17. Depilaci\u00f3n con hilo en la clienta.<br \/>\nLecci\u00f3n 18. Manera correcta de extraer los vellos con pinza.<br \/>\nLecci\u00f3n 19. Como cortar los vellos en la direcci\u00f3n correcta.<br \/>\nLecci\u00f3n 20. Como lograr un maquillaje natural post depilaci\u00f3n.<br \/>\nLecci\u00f3n 21. Aplicaci\u00f3n henna con efecto sombreado Natural.<br \/>\nLecci\u00f3n 22. Dise\u00f1o de ceja asculina.<br \/>\nLecci\u00f3n 23. Depilaci\u00f3n con hilo masculina.<br \/>\nLecci\u00f3n 24. Como EMPRENDER desde casa \u00abO\u00bb a domicilio.<\/p>\n<p>M\u00f3dulo 3 \u2013 BONOS Y MATERIAL COMPLEMENTARIO<\/p>\n<p>BONO 1. Depilaci\u00f3n facial con Hilo.<br \/>\nBONO 2. Laminado de cejas.<br \/>\nBONO 3. Link acceso a canal privado de Facebook.<br \/>\nBONO 4. PDF Videos y recursos Complementarios de depilaci\u00f3n con Hilo.<\/p>\n<p>M\u00f3dulo 4 \u2013 VIDEO RESPUESTAS<\/p>\n<p>Video 1: Video Respuestas a Preguntas Frecuentes.<\/p>\n<p>M\u00f3dulo 5 \u2013 AGRADECIMIENTO Y DESPEDIDA<\/p>\n<p>Video 1: Agradecimiento y Despedida.<\/p>\n<p>PERFIL DEL PRODUCTOR:<\/p>\n<p>Hola Soy KELLY GUTIERREZ especialista en dise\u00f1o de cejas.<br \/>\nEstoy enfocada en querer lograr cada d\u00eda unas cejas muy naturales y<br \/>\nsobre todo, acordes a la estructura anat\u00f3mica de cada persona<br \/>\nTengo 5 a\u00f1os de experiencia, pero sigo actualiz\u00e1ndome cada d\u00eda para<br \/>\nperfeccionar los dise\u00f1os.<\/p>\n","protected":false},"excerpt":{"rendered":"<p>\u00bfSab\u00edas que una mirada sexy depende en gran parte del dise\u00f1o de las cejas?<\/p>\n<p>Con el MasterClass DISE\u00d1O DE CEJAS CON HILO Y HENNA COMO NEGOCIO EN CASA O A DOMICILIO<br \/>\naprender\u00e1s a dise\u00f1ar, depilar y tinturar las cejas perfectas para cada rostro.<\/p>\n","protected":false},"featured_media":3248,"template":"","meta":{"_joinchat":[]},"product_brand":[],"product_cat":[317,344],"product_tag":[],"class_list":{"0":"post-11389","1":"product","2":"type-product","3":"status-publish","4":"has-post-thumbnail","6":"product_cat-belleza-y-moda","7":"product_cat-todos","9":"first","10":"instock","11":"sale","12":"shipping-taxable","13":"product-type-external"},"_links":{"self":[{"href":"https:\/\/www.cursos.olgavelez.co\/cu\/wp-json\/wp\/v2\/product\/11389","targetHints":{"allow":["GET"]}}],"collection":[{"href":"https:\/\/www.cursos.olgavelez.co\/cu\/wp-json\/wp\/v2\/product"}],"about":[{"href":"https:\/\/www.cursos.olgavelez.co\/cu\/wp-json\/wp\/v2\/types\/product"}],"version-history":[{"count":2,"href":"https:\/\/www.cursos.olgavelez.co\/cu\/wp-json\/wp\/v2\/product\/11389\/revisions"}],"predecessor-version":[{"id":13964,"href":"https:\/\/www.cursos.olgavelez.co\/cu\/wp-json\/wp\/v2\/product\/11389\/revisions\/13964"}],"wp:featuredmedia":[{"embeddable":true,"href":"https:\/\/www.cursos.olgavelez.co\/cu\/wp-json\/wp\/v2\/media\/3248"}],"wp:attachment":[{"href":"https:\/\/www.cursos.olgavelez.co\/cu\/wp-json\/wp\/v2\/media?parent=11389"}],"wp:term":[{"taxonomy":"product_brand","embeddable":true,"href":"https:\/\/www.cursos.olgavelez.co\/cu\/wp-json\/wp\/v2\/product_brand?post=11389"},{"taxonomy":"product_cat","embeddable":true,"href":"https:\/\/www.cursos.olgavelez.co\/cu\/wp-json\/wp\/v2\/product_cat?post=11389"},{"taxonomy":"product_tag","embeddable":true,"href":"https:\/\/www.cursos.olgavelez.co\/cu\/wp-json\/wp\/v2\/product_tag?post=11389"}],"curies":[{"name":"wp","href":"https:\/\/api.w.org\/{rel}","templated":true}]}}