{"id":11387,"date":"2023-01-10T04:38:53","date_gmt":"2023-01-10T07:38:53","guid":{"rendered":"https:\/\/www.cursos.olgavelez.co\/cu\/?post_type=product&#038;p=11387"},"modified":"2023-09-20T16:05:08","modified_gmt":"2023-09-20T19:05:08","slug":"cejas-3d-mirada-perfecta","status":"publish","type":"product","link":"https:\/\/www.cursos.olgavelez.co\/cu\/producto\/cejas-3d-mirada-perfecta\/","title":{"rendered":"CEJAS 3D MIRADA PERFECTA"},"content":{"rendered":"<p>\u00bfSab\u00edas que tus cejas determinan la expresi\u00f3n facial y la est\u00e9tica de tu rostro?<\/p>\n<p>Con el masterclass CEJAS 3D MIRADA PERFECTA<br \/>\nAprender\u00e1s paso a paso como dise\u00f1ar unas cejas perfectas para que luzcas una mirada sexy y cautivadora<\/p>\n<p>\u00bfQU\u00c9 VAS A LOGRAR?<\/p>\n<p>Podr\u00e1s incursionar en el mundo del maquillaje permanente con la t\u00e9cnica en tendencia POWDERS BROWS O EFECTO POLVO.<\/p>\n<p>Obtendr\u00e1s un gran conocimiento sobre la t\u00e9cnica del momento y as\u00ed poder generar excelentes ingresos ya que es un negocio muy rentable.<\/p>\n<p>Lograr\u00e1s crear una mirada perfecta armonizando las cejas de las personas con nuestra t\u00e9cnica obteniendo un resultado muy natural efecto 3D.<\/p>\n<p>Aprender\u00e1s desde el nivel b\u00e1sico 3 t\u00e9cnicas de maquillaje permanente o micropigmentaci\u00f3n.<\/p>\n<p>Desarrollar\u00e1s la t\u00e9cnica con mucha confianza y de forma pr\u00e1ctica.<\/p>\n<p>Obtendr\u00e1s todos los tips y secretos del maquillaje permanente o micropigmentaci\u00f3n para que lleves tu negocio de belleza a un siguiente nivel.<\/p>\n<p>Aprender\u00e1s de visagismo, colorimetr\u00eda y bioseguridad.<\/p>\n<p>\u00bfC\u00d3MO LO VAS A LOGRAR?<\/p>\n<p>M\u00f3dulo No.1 Presentaci\u00f3n y Bienvenida al Curso.<\/p>\n<p>M\u00f3dulo No.2 La Micropigmentaci\u00f3n.<\/p>\n<p>M\u00f3dulo No.3 La Piel.<\/p>\n<p>M\u00f3dulo No.4 Pigmentos.<\/p>\n<p>M\u00f3dulo No.5 Armado de Mesa.<\/p>\n<p>M\u00f3dulo No.6 Armado de Derm\u00f3grafo.<\/p>\n<p>M\u00f3dulo No.7 Pr\u00e1cticas en Latex.<\/p>\n<p>M\u00f3dulo No.8 Asepsia.<\/p>\n<p>M\u00f3dulo No. 9 Mapeo y Perfilamiento.<\/p>\n<p>M\u00f3dulo No.10 Anestesia y Tipos de Anestesia.<\/p>\n<p>M\u00f3dulo No.11 Primeros Trazos (Modelo).<\/p>\n<p>M\u00f3dulo No.12 T\u00e9cnica del P\u00e9ndulo (Modelo).<\/p>\n<p>M\u00f3dulo No.13 Cuidados Post y Cicatrizaci\u00f3n.<\/p>\n<p>M\u00f3dulo No.14 Retoques.<\/p>\n<p>M\u00f3dulo No.15 Preguntas y Respuestas.<\/p>\n<p>M\u00f3dulo No.16 Preparaci\u00f3n del Shampoo.<\/p>\n<p>M\u00f3dulo No. 17 Material Adicional.<\/p>\n<p>Colorimetr\u00eda aplicada a la Micropigmentaci\u00f3n Teor\u00eda.<\/p>\n<p>Lifting de Pesta\u00f1as Cejas con Henna.<\/p>\n<p>Cejas Con Henna.<\/p>\n<p>PERFIL DEL EXPERTO:<\/p>\n<p>Desarrollado por SYLBANA DODERO Especialista Certificada en Micropigmentaci\u00f3n avanzada en Cejas, Ojos y Labios, con m\u00e1s de 5 a\u00f1os de experiencia en el Mundo del Maquillaje permanente.<\/p>\n<p>Especializaci\u00f3n en T\u00e9cnicas como: Powder Brows, Cejas Efecto Sombra, Lip Blush Tattoo, Aquarella Lips ,Soft Liner y Neutralizaci\u00f3n.<\/p>\n<p>Especializaci\u00f3n en Colorimetr\u00eda aplicada a la Micropigmentaci\u00f3n Perfeccionamiento en Powder Brows y Lip Blush Tattoo.<\/p>\n<p>Actualmente maneja su propio Studio de Maquillaje Permanente en donde brinda el Servicio y dicta Cursos de Maquillaje Permanente a todas las personas que desean emprender en el Rubro de la Belleza.<\/p>\n","protected":false},"excerpt":{"rendered":"<p>\u00bfSab\u00edas que tus cejas determinan la expresi\u00f3n facial y la est\u00e9tica de tu rostro?<\/p>\n<p>Con el masterclass CEJAS 3D MIRADA PERFECTA<br \/>\nAprender\u00e1s paso a paso como dise\u00f1ar unas cejas perfectas para que luzcas una mirada sexy y cautivadora<\/p>\n","protected":false},"featured_media":3246,"template":"","meta":{"_joinchat":[]},"product_brand":[],"product_cat":[317,344],"product_tag":[],"class_list":{"0":"post-11387","1":"product","2":"type-product","3":"status-publish","4":"has-post-thumbnail","6":"product_cat-belleza-y-moda","7":"product_cat-todos","9":"first","10":"instock","11":"sale","12":"shipping-taxable","13":"product-type-external"},"_links":{"self":[{"href":"https:\/\/www.cursos.olgavelez.co\/cu\/wp-json\/wp\/v2\/product\/11387","targetHints":{"allow":["GET"]}}],"collection":[{"href":"https:\/\/www.cursos.olgavelez.co\/cu\/wp-json\/wp\/v2\/product"}],"about":[{"href":"https:\/\/www.cursos.olgavelez.co\/cu\/wp-json\/wp\/v2\/types\/product"}],"version-history":[{"count":2,"href":"https:\/\/www.cursos.olgavelez.co\/cu\/wp-json\/wp\/v2\/product\/11387\/revisions"}],"predecessor-version":[{"id":13962,"href":"https:\/\/www.cursos.olgavelez.co\/cu\/wp-json\/wp\/v2\/product\/11387\/revisions\/13962"}],"wp:featuredmedia":[{"embeddable":true,"href":"https:\/\/www.cursos.olgavelez.co\/cu\/wp-json\/wp\/v2\/media\/3246"}],"wp:attachment":[{"href":"https:\/\/www.cursos.olgavelez.co\/cu\/wp-json\/wp\/v2\/media?parent=11387"}],"wp:term":[{"taxonomy":"product_brand","embeddable":true,"href":"https:\/\/www.cursos.olgavelez.co\/cu\/wp-json\/wp\/v2\/product_brand?post=11387"},{"taxonomy":"product_cat","embeddable":true,"href":"https:\/\/www.cursos.olgavelez.co\/cu\/wp-json\/wp\/v2\/product_cat?post=11387"},{"taxonomy":"product_tag","embeddable":true,"href":"https:\/\/www.cursos.olgavelez.co\/cu\/wp-json\/wp\/v2\/product_tag?post=11387"}],"curies":[{"name":"wp","href":"https:\/\/api.w.org\/{rel}","templated":true}]}}