{"id":11386,"date":"2023-01-10T04:38:53","date_gmt":"2023-01-10T07:38:53","guid":{"rendered":"https:\/\/www.cursos.olgavelez.co\/cu\/?post_type=product&#038;p=11386"},"modified":"2023-09-20T16:05:08","modified_gmt":"2023-09-20T19:05:08","slug":"experta-en-balayage-rubio-platinado","status":"publish","type":"product","link":"https:\/\/www.cursos.olgavelez.co\/cu\/producto\/experta-en-balayage-rubio-platinado\/","title":{"rendered":"EXPERTA EN BALAYAGE RUBIO PLATINADO"},"content":{"rendered":"<p>\u00bfSab\u00edas que balayage es un m\u00e9todo de coloraci\u00f3n que hace que el cabello luzca sano y natural?<\/p>\n<p>Con el MasterClass EXPERTA EN BALAYAGE RUBIO PLATINADO aprender\u00e1s a crear y aplicar tus propias f\u00f3rmulas para lograr tonos perfectos en el cabello de tu cliente.<\/p>\n<p>\u00bfQU\u00c9 VAS A LOGRAR?<\/p>\n<p>Aprender\u00e1s las t\u00e9cnicas de Balayage que est\u00e1n en furor.<\/p>\n<p>Podr\u00e1s crear tus propias f\u00f3rmulas para rubios perfectos.<\/p>\n<p>Aprender\u00e1s a hacer decoloraciones perfectas cuidando la fibra capilar de tu cliente.<\/p>\n<p>Aumentar\u00e1s tus clientes con lo cual asegurar\u00e1 trabajo constante y profesional.<\/p>\n<p>Podr\u00e1s elaborar nuevos dise\u00f1os totalmente creativos y a la moda.<\/p>\n<p>Podr\u00e1s comprender los procesos qu\u00edmicos que suceden dentro del cabello.<\/p>\n<p>Aprender\u00e1s claves para atraer clientes a tu negocio.<\/p>\n<p>Tendr\u00e1s acceso al certificado avalado por Hotmart y seminarios online.<\/p>\n<p>C\u00d3MO LO VAS A LOGRAR:<\/p>\n<p>A trav\u00e9s del siguiente contenido, estructurado paso a paso:<\/p>\n<p>MODULO 1 EXPERTA EN BALAYAGE RUBIO PLATINADO:<\/p>\n<p>PARTE N\u00b01 INTRODUCCION.<br \/>\nPARTE N\u00b02 LISTA DE IMPLEMENTOS.<br \/>\nPARTE N\u00b03 LA RAIZ DEL CABELLO.<br \/>\nPARTE N\u00b04 EL CABELLO.<br \/>\nPARTE N\u00b05 PH DEL CABELLO.<br \/>\nPARTE N\u00b06 ESTRELLA DEL COLOR.<br \/>\nPARTE N\u00b07 COLORES FRIOS Y CALIDOS.<br \/>\nPARTE N\u00b08 PEROXIDOS .<br \/>\nPARTE N\u00b09 ALTURAS DE TONO NATURALES.<br \/>\nPARTE N\u00b010 TONO ESCONDIDO CABELLOS NATURALES.<br \/>\nPARTE N\u00b011 REFLEJOS DE LAS TINTURAS.<br \/>\nPARTE N\u00b012 ALTURAS DE TONO COSMETICAS.<br \/>\nPARTE N\u00b013 ALTURAS DE LA DECOLORACION.<br \/>\nPARTE N\u00b014 DECOLORACION.<br \/>\nPARTE N\u00b015 TINTURAS NATURALES.<\/p>\n<p>MODULO 2 PARTE PR\u00c1CTICA:<\/p>\n<p>PARTE N\u00b01 COMO CARDAR O TIZAR.<br \/>\nPARTE N\u00b02 COMO EMPAPELAR.<br \/>\nPARTE N\u00b03 QUE ES ESFUMADO O DIFUMINADO.<br \/>\nPARTE N\u00b04 TALLER DE MECHONES #1.<br \/>\nPARTE N\u00b05 TALLER DE MECHONES 2.<br \/>\nPARTE N\u00b06 BALAYAGE.<br \/>\nPARTE N\u00b07 BLOQUEO POSTERIOR.<br \/>\nPARTE N\u00b08 BLOQUEO FRONTAL.<br \/>\nPARTE N\u00b09 EMULCION.<br \/>\nPARTE N\u00b010 APLICACION DEL COLOR.<br \/>\nPARTE N\u00b011 ESFUMADO O DIFUMINADO.<br \/>\nPARTE N\u00b012 RESULTADO FINAL.<br \/>\nPARTE N\u00b013 FLAMBOYAGE.<br \/>\nPARTE N\u00b014 CHAMPU.<br \/>\nPARTE N\u00b015 CORTE DE CABELLO.<br \/>\nPARTE N\u00b016 MONEY PICE.<br \/>\nPARTE N\u00b017 BLOQUEO POSTERIOR.<br \/>\nPARTE N\u00b018 BLOQUEO LATERAL.<br \/>\nPARTE N\u00b019 EMULCION.<br \/>\nPARTE N\u00b020 MECHON FRONTAL.<br \/>\nPARTE N\u00b021 LAVADO Y DESENREDADO.<br \/>\nPARTE N\u00b022 MEZCLA.<br \/>\nPARTE N\u00b023 APLICACION DE LA TINTURA.<br \/>\nPARTE N\u00b024 ESFUMADO.<br \/>\nPARTE N\u00b025 CHAMPU FINAL.<br \/>\nPARTE N\u00b026 RESULTADO FINAL.<\/p>\n<p>MODULO 3 MATERIAL DE APOYO:<\/p>\n<p>BONO N\u00b01 LO MAS IMPORTANTE EN TU NEGOCIO.<br \/>\nBONO N\u00b02 CAMINO AL EXITO.<br \/>\nBONO N\u00b03 TIPS PARA TU NEGOCIO.<\/p>\n<p>MODULO 4<\/p>\n<p>VIDEO PREGUNTAS Y RESPUESTAS.<\/p>\n<p>ACERCA DE LOS PRODUCTOR<\/p>\n<p>Desarrollado por DIANA ROJAS instructora de belleza y especialista en colorimetr\u00eda Estilista profesional desde hace 15 a\u00f1os, con su gran experiencia te llevar\u00e1 de la mano paso a paso por cada m\u00f3dulo, con estudios en Schwarzkop, Salerm Visi\u00f3n, Mechas y mechas, Alfaparf. Y LEONARDO RAM\u00cdREZ, cosmet\u00f3logo egresado de Academy of Career Training Kissimee, Florida. Adem\u00e1s, especializado en la Pivot Point of Chicago (USA). Con estudios en Schwarzkop, Jolie de Vogue y Salerm Visi\u00f3n. Experto en \u201cCirug\u00eda pl\u00e1stica de cabello\u201d en Avi America LLC. Hair Blessing Orlando. Con m\u00e1s de 25 a\u00f1os de experiencia, este \u201cmaestro de las tijeras\u201d ha trabajado como docente en la Academia Latinoamericana de Belleza en Bogot\u00e1. Adem\u00e1s, es un reconocido YouTuber con m\u00e1s de 300 mil seguidores.<\/p>\n<p>Privacidad<br \/>\nTu informaci\u00f3n est\u00e1 100% segura<br \/>\nCompra segura<br \/>\nAmbiente seguro y autenticado<br \/>\nEntrega por email<br \/>\nAcceso al producto entregado por email<br \/>\nContenido aprobado<br \/>\n100% revisado y aprobado<\/p>\n","protected":false},"excerpt":{"rendered":"<p>\u00bfSab\u00edas que balayage es un m\u00e9todo de coloraci\u00f3n que hace que el cabello luzca sano y natural?<\/p>\n<p>Con el MasterClass EXPERTA EN BALAYAGE RUBIO PLATINADO aprender\u00e1s a crear y aplicar tus propias f\u00f3rmulas para lograr tonos perfectos en el cabello de tu cliente.<\/p>\n","protected":false},"featured_media":3245,"template":"","meta":{"_joinchat":[]},"product_brand":[],"product_cat":[317,344],"product_tag":[],"class_list":{"0":"post-11386","1":"product","2":"type-product","3":"status-publish","4":"has-post-thumbnail","6":"product_cat-belleza-y-moda","7":"product_cat-todos","9":"first","10":"instock","11":"sale","12":"shipping-taxable","13":"product-type-external"},"_links":{"self":[{"href":"https:\/\/www.cursos.olgavelez.co\/cu\/wp-json\/wp\/v2\/product\/11386","targetHints":{"allow":["GET"]}}],"collection":[{"href":"https:\/\/www.cursos.olgavelez.co\/cu\/wp-json\/wp\/v2\/product"}],"about":[{"href":"https:\/\/www.cursos.olgavelez.co\/cu\/wp-json\/wp\/v2\/types\/product"}],"version-history":[{"count":4,"href":"https:\/\/www.cursos.olgavelez.co\/cu\/wp-json\/wp\/v2\/product\/11386\/revisions"}],"predecessor-version":[{"id":16029,"href":"https:\/\/www.cursos.olgavelez.co\/cu\/wp-json\/wp\/v2\/product\/11386\/revisions\/16029"}],"wp:featuredmedia":[{"embeddable":true,"href":"https:\/\/www.cursos.olgavelez.co\/cu\/wp-json\/wp\/v2\/media\/3245"}],"wp:attachment":[{"href":"https:\/\/www.cursos.olgavelez.co\/cu\/wp-json\/wp\/v2\/media?parent=11386"}],"wp:term":[{"taxonomy":"product_brand","embeddable":true,"href":"https:\/\/www.cursos.olgavelez.co\/cu\/wp-json\/wp\/v2\/product_brand?post=11386"},{"taxonomy":"product_cat","embeddable":true,"href":"https:\/\/www.cursos.olgavelez.co\/cu\/wp-json\/wp\/v2\/product_cat?post=11386"},{"taxonomy":"product_tag","embeddable":true,"href":"https:\/\/www.cursos.olgavelez.co\/cu\/wp-json\/wp\/v2\/product_tag?post=11386"}],"curies":[{"name":"wp","href":"https:\/\/api.w.org\/{rel}","templated":true}]}}