{"id":11382,"date":"2023-01-10T04:38:52","date_gmt":"2023-01-10T07:38:52","guid":{"rendered":"https:\/\/www.cursos.olgavelez.co\/cu\/?post_type=product&#038;p=11382"},"modified":"2023-09-20T16:05:08","modified_gmt":"2023-09-20T19:05:08","slug":"barberia-master-como-trabajo-y-negocio","status":"publish","type":"product","link":"https:\/\/www.cursos.olgavelez.co\/cu\/producto\/barberia-master-como-trabajo-y-negocio\/","title":{"rendered":"BARBERIA MASTER COMO TRABAJO Y NEGOCIO"},"content":{"rendered":"<p>\u00bfSab\u00edas que el cuidado del cabello y la barba es uno de los negocios m\u00e1s rentables actualmente?<\/p>\n<p>Con el MasterClass BARBER\u00cdA MASTER COMO TRABAJO Y NEGOCIO tendr\u00e1s los conocimientos necesarios para realizar cortes modernos y originales que proyecten una marca personal de tu barber\u00eda y as\u00ed generar altos ingresos a trav\u00e9s de este oficio.<\/p>\n<p>\u00bfQU\u00c9 VAS A LOGRAR?<\/p>\n<p>Aprender\u00e1s todos los conocimientos b\u00e1sicos de trabajo y de negocio para proyectar una empresa rentable.<\/p>\n<p>Ser\u00e1s parte de esta industria y tendencia de negocios que cada d\u00eda se complementa m\u00e1s y proyecta como una de los negocios m\u00e1s rentables y generadores de marca en el mercado.<\/p>\n<p>Aprender\u00e1s sobre cortes de cabello masculino desde los m\u00e1s sencillos hasta los m\u00e1s elaborados.<\/p>\n<p>Conocer\u00e1s las m\u00e1quinas, los insumos, la infraestructura y las t\u00e9cnicas para desarrollar cort\u00e9s que impacten y mejoren la proyecci\u00f3n de tu cliente en la sociedad.<\/p>\n<p>Aprender\u00e1s a desarrollar una relaci\u00f3n estable con tus clientes y genera confianza para que tu barber\u00eda o negocio crezca progresivamente.<\/p>\n<p>Tendr\u00e1s los conocimientos necesarios para realizar cortes de cabello, vanguardistas, que proyecten una imagen tuya y la de tu barber\u00eda en el mercado.<\/p>\n<p>Aprender\u00e1s de las herramientas necesarias, su uso exacto para generar una impresi\u00f3n de profesionalismo y calidad.<\/p>\n<p>Ver\u00e1s el negocio de la barber\u00eda de manera operativa, su manejo y su desarrollo en el mercado.<\/p>\n<p>Obtendr\u00e1s un certificado de Hotmart.<\/p>\n<p>\u00bfCOMO LO VAS A LOGRAR?<\/p>\n<p>A trav\u00e9s del siguiente contenido seguido paso a paso:<\/p>\n<p>VIDEO 1 Protocolo de bienvenida cliente.<br \/>\nVIDEO 2 Comunicaci\u00f3n con el cliente.<br \/>\nVIDEO 3 El merchandising y otros ingresos.<br \/>\nVIDEO 4 Herramientas del barbero.<br \/>\nVIDEO 5 Corte mid fade.<br \/>\nVIDEO 6 Corte mid fade parte 2.<br \/>\nVIDEO 7 Corte low blow taper.<br \/>\nVIDEO 8 Corte cl\u00e1sico.<br \/>\nVIDEO 9 Corte high fade paso a paso 1.<br \/>\nVIDEO 10 Corte high fade paso 2.<br \/>\nVIDEO 11 Corte high fade paso 3.<br \/>\nVIDEO 12 Corte high fade paso 4.<br \/>\nVIDEO 13 Corte high fade paso 5.<br \/>\nVIDEO 14 Corte high fade paso 6.<br \/>\nVIDEO 15 Corte high fade paso 7.<br \/>\nVIDEO 16 Corte high fade paso 8.<br \/>\nVIDEO 17 Corte high fade paso 9.<br \/>\nVIDEO 18 Corte high fade paso final.<br \/>\nVIDEO 19 Bono Exfoliaci\u00f3n piel masculina.<br \/>\nVIDEO 20 Bono Vaporizaci\u00f3n &#038; mascarilla Carb\u00f3n.<br \/>\nVIDEO 21 Bono Enfriamiento y sellado de piel.<br \/>\nVIDEO 22 Preguntas frecuentes.<\/p>\n<p>ACERCA DEL PRODUCTOR<\/p>\n<p>Desarrollado por JOHN S\u00c1NCHEZ, barbero profesional por m\u00e1s de 10 a\u00f1os, amante del estilo y propietario de su Barber\u00eda MACHOS, Barbero personal de m\u00faltiples personajes influyentes, ha participado en formaciones en las principales academias de barber\u00eda del Pa\u00eds. Ha sido instructor de programas de barber\u00eda profesional, ayudando a cientos de emprendedores a perfeccionar su arte y negocio. <\/p>\n","protected":false},"excerpt":{"rendered":"<p>\u00bfSab\u00edas que el cuidado del cabello y la barba es uno de los negocios m\u00e1s rentables actualmente?<\/p>\n<p>Con el MasterClass BARBER\u00cdA MASTER COMO TRABAJO Y NEGOCIO tendr\u00e1s los conocimientos necesarios para realizar cortes modernos y originales que proyecten una marca personal de tu barber\u00eda y as\u00ed generar altos ingresos a trav\u00e9s de este oficio.<\/p>\n","protected":false},"featured_media":3241,"template":"","meta":{"_joinchat":[]},"product_brand":[],"product_cat":[317,344],"product_tag":[],"class_list":{"0":"post-11382","1":"product","2":"type-product","3":"status-publish","4":"has-post-thumbnail","6":"product_cat-belleza-y-moda","7":"product_cat-todos","9":"first","10":"instock","11":"sale","12":"shipping-taxable","13":"product-type-external"},"_links":{"self":[{"href":"https:\/\/www.cursos.olgavelez.co\/cu\/wp-json\/wp\/v2\/product\/11382","targetHints":{"allow":["GET"]}}],"collection":[{"href":"https:\/\/www.cursos.olgavelez.co\/cu\/wp-json\/wp\/v2\/product"}],"about":[{"href":"https:\/\/www.cursos.olgavelez.co\/cu\/wp-json\/wp\/v2\/types\/product"}],"version-history":[{"count":4,"href":"https:\/\/www.cursos.olgavelez.co\/cu\/wp-json\/wp\/v2\/product\/11382\/revisions"}],"predecessor-version":[{"id":16025,"href":"https:\/\/www.cursos.olgavelez.co\/cu\/wp-json\/wp\/v2\/product\/11382\/revisions\/16025"}],"wp:featuredmedia":[{"embeddable":true,"href":"https:\/\/www.cursos.olgavelez.co\/cu\/wp-json\/wp\/v2\/media\/3241"}],"wp:attachment":[{"href":"https:\/\/www.cursos.olgavelez.co\/cu\/wp-json\/wp\/v2\/media?parent=11382"}],"wp:term":[{"taxonomy":"product_brand","embeddable":true,"href":"https:\/\/www.cursos.olgavelez.co\/cu\/wp-json\/wp\/v2\/product_brand?post=11382"},{"taxonomy":"product_cat","embeddable":true,"href":"https:\/\/www.cursos.olgavelez.co\/cu\/wp-json\/wp\/v2\/product_cat?post=11382"},{"taxonomy":"product_tag","embeddable":true,"href":"https:\/\/www.cursos.olgavelez.co\/cu\/wp-json\/wp\/v2\/product_tag?post=11382"}],"curies":[{"name":"wp","href":"https:\/\/api.w.org\/{rel}","templated":true}]}}