{"id":11381,"date":"2023-01-10T04:38:52","date_gmt":"2023-01-10T07:38:52","guid":{"rendered":"https:\/\/www.cursos.olgavelez.co\/cu\/?post_type=product&#038;p=11381"},"modified":"2023-09-20T16:05:08","modified_gmt":"2023-09-20T19:05:08","slug":"emprende-en-el-mundo-de-la-asesoria-de-imagen","status":"publish","type":"product","link":"https:\/\/www.cursos.olgavelez.co\/cu\/producto\/emprende-en-el-mundo-de-la-asesoria-de-imagen\/","title":{"rendered":"EMPRENDE EN EL MUNDO DE LA ASESOR\u00cdA DE IMAGEN"},"content":{"rendered":"<p>\u00bfTe encantar\u00eda ayudar a personas a explotar su potencial a trav\u00e9s de su imagen y generar altos ingresos con ello?<\/p>\n<p>Con el MasterClass EMPRENDE EN EL MUNDO DE LA ASESOR\u00cdA DE IMAGEN podr\u00e1s dominar los fundamentos de la asesor\u00eda de imagen personal, contando con las herramientas necesarias para iniciar tu propio proyecto e ingresar a \u00e9ste jugoso mercado.<\/p>\n<p>\u00bfQU\u00c9 VAS A LOGRAR?<\/p>\n<p>Al finalizar esta MasterClass podr\u00e1s conocer y dominar los fundamentos de la asesor\u00eda de imagen personal, contando con las herramientas necesarias para iniciar tu propio proyecto e ingresar a \u00e9ste jugoso mercado. <\/p>\n<p>Conocer\u00e1s en detalle todos los elementos que componen una asesor\u00eda integral tanto para hombres como para mujeres. <\/p>\n<p>Contar\u00e1s con una gu\u00eda de actividades para poner en pr\u00e1ctica todo lo aprendido antes de salir al mercado.<\/p>\n<p>Tendr\u00e1s a disposici\u00f3n permanente el apoyo y retroalimentaci\u00f3n de Yamila Farignon, creadora del curso, para que no te queden dudas sin resolver.<\/p>\n<p>Acceder\u00e1s al certificado avalado por Hotmart y Seminarios Online.<\/p>\n<p>\u00bfC\u00d3MO LO VAS A LOGRAR?<\/p>\n<p>A trav\u00e9s del siguiente contenido, estructurado paso a paso:<\/p>\n<p>M\u00f3dulo No.1 &#8211; Emprende en el mundo de la asesor\u00eda de imagen<\/p>\n<p>Presentaci\u00f3n.<br \/>\nIntroducci\u00f3n &#8211; \u00bfQu\u00e9 vas a aprender?.<br \/>\n\u00bfQu\u00e9 es un asesor de imagen?.<br \/>\nEstilos femeninos.<br \/>\nSiluetas femeninas.<br \/>\nVisagismo femenino.<br \/>\nProporciones verticales e Ilusiones \u00f3pticas.<br \/>\nPrendas b\u00e1sicas femeninas.<br \/>\nIntroducci\u00f3n al color y combinaciones.<br \/>\nPsicolog\u00eda de los colores .<br \/>\nColorimetr\u00eda.<br \/>\nEstilos masculinos.<br \/>\nSiluetas masculinas .<br \/>\nVisagismo masculino.<br \/>\nPrendas b\u00e1sicas masculinas.<br \/>\nConclusiones.<\/p>\n<p>M\u00f3dulo No.2 &#8211; Actividades pr\u00e1cticas<br \/>\nGu\u00eda de actividades pr\u00e1cticas<\/p>\n<p>M\u00f3dulo No.3 \u2013 BONOS<\/p>\n<p>BONO#1 &#8211; Gu\u00eda de estudio (recopilaci\u00f3n de fichas en pdf de todo el curso).<br \/>\nBONO#2 &#8211; Test de estilo femenino.<br \/>\nBONO#3 &#8211; Test de estilo masculino.<br \/>\nBONO#4 &#8211; Test somatotipo.<\/p>\n<p>M\u00f3dulo No.4 &#8211; Video respuestas a preguntas frecuentes<\/p>\n<p>\u00bfCu\u00e1ntas horas trabajas al d\u00eda?.<br \/>\n\u00bfTienes temor a la competencia?.<br \/>\n\u00bfQu\u00e9 tiene m\u00e1s salida laboral como asesora de imagen?.<br \/>\n\u00bfQu\u00e9 es lo que m\u00e1s te gusta de esta profesi\u00f3n?.<br \/>\n\u00bfCu\u00e1les son los mitos que rodean tu trabajo?.<\/p>\n<p>ACERCA DE LA PRODUCTORA<\/p>\n<p>Desarrollado por YAMILA FARIGNON, asesora internacional de imagen, personal shopper y especialista en imagen de marca. <\/p>\n<p>Apasionada por la moda desde muy peque\u00f1a, inquieta y so\u00f1adora, ha ayudado a cientos de hombres y mujeres a potenciar su imagen sin dejar de lado la esencia de cada uno. <\/p>\n<p>Actualmente asesora a emprendedores y tiendas de ropa adem\u00e1s de brindar charlas y talleres sobre comunicaci\u00f3n e imagen.<\/p>\n","protected":false},"excerpt":{"rendered":"<p>\u00bfTe encantar\u00eda ayudar a personas a explotar su potencial a trav\u00e9s de su imagen y generar altos ingresos con ello?<\/p>\n<p>Con el MasterClass EMPRENDE EN EL MUNDO DE LA ASESOR\u00cdA DE IMAGEN podr\u00e1s dominar los fundamentos de la asesor\u00eda de imagen personal, contando con las herramientas necesarias para iniciar tu propio proyecto e ingresar a \u00e9ste jugoso mercado.<\/p>\n","protected":false},"featured_media":3240,"template":"","meta":{"_joinchat":[]},"product_brand":[],"product_cat":[317,344],"product_tag":[],"class_list":{"0":"post-11381","1":"product","2":"type-product","3":"status-publish","4":"has-post-thumbnail","6":"product_cat-belleza-y-moda","7":"product_cat-todos","9":"first","10":"instock","11":"sale","12":"shipping-taxable","13":"product-type-external"},"_links":{"self":[{"href":"https:\/\/www.cursos.olgavelez.co\/cu\/wp-json\/wp\/v2\/product\/11381","targetHints":{"allow":["GET"]}}],"collection":[{"href":"https:\/\/www.cursos.olgavelez.co\/cu\/wp-json\/wp\/v2\/product"}],"about":[{"href":"https:\/\/www.cursos.olgavelez.co\/cu\/wp-json\/wp\/v2\/types\/product"}],"version-history":[{"count":4,"href":"https:\/\/www.cursos.olgavelez.co\/cu\/wp-json\/wp\/v2\/product\/11381\/revisions"}],"predecessor-version":[{"id":16024,"href":"https:\/\/www.cursos.olgavelez.co\/cu\/wp-json\/wp\/v2\/product\/11381\/revisions\/16024"}],"wp:featuredmedia":[{"embeddable":true,"href":"https:\/\/www.cursos.olgavelez.co\/cu\/wp-json\/wp\/v2\/media\/3240"}],"wp:attachment":[{"href":"https:\/\/www.cursos.olgavelez.co\/cu\/wp-json\/wp\/v2\/media?parent=11381"}],"wp:term":[{"taxonomy":"product_brand","embeddable":true,"href":"https:\/\/www.cursos.olgavelez.co\/cu\/wp-json\/wp\/v2\/product_brand?post=11381"},{"taxonomy":"product_cat","embeddable":true,"href":"https:\/\/www.cursos.olgavelez.co\/cu\/wp-json\/wp\/v2\/product_cat?post=11381"},{"taxonomy":"product_tag","embeddable":true,"href":"https:\/\/www.cursos.olgavelez.co\/cu\/wp-json\/wp\/v2\/product_tag?post=11381"}],"curies":[{"name":"wp","href":"https:\/\/api.w.org\/{rel}","templated":true}]}}