{"id":11380,"date":"2023-01-10T04:38:52","date_gmt":"2023-01-10T07:38:52","guid":{"rendered":"https:\/\/www.cursos.olgavelez.co\/cu\/?post_type=product&#038;p=11380"},"modified":"2023-09-20T16:05:08","modified_gmt":"2023-09-20T19:05:08","slug":"aprende-barberia-y-monta-tu-negocio","status":"publish","type":"product","link":"https:\/\/www.cursos.olgavelez.co\/cu\/producto\/aprende-barberia-y-monta-tu-negocio\/","title":{"rendered":"APRENDE BARBER\u00cdA Y MONTA TU NEGOCIO"},"content":{"rendered":"<p>\u00bfTe gustar\u00eda aprender a realizar cortes de barba y cabello desde cero y montar tu propio negocio?<\/p>\n<p>Con el MasterClass APRENDE BARBERIA Y MONTA TU NEGOCIO aprender\u00e1s todo lo que necesitas para realizar tu sue\u00f1o tener tu propia barber\u00eda.<\/p>\n<p>\u00bfQU\u00c9 VAS A LOGRAR?<\/p>\n<p>Tendr\u00e1s la posibilidad de desarrollar cortes de cabello desde principiante hasta avanzado.<\/p>\n<p>Aprender\u00e1s la t\u00e9cnica de cepillados masculinos.<\/p>\n<p>Aprender\u00e1s a hacer cada uno de los cortes de cabello y barba.<\/p>\n<p>Aprender\u00e1s desde cero como empezar tu negocio.<\/p>\n<p>Aprender\u00e1s a perfilar cejas.<\/p>\n<p>Entender\u00e1s el trato que debe recibir un ni\u00f1o en la barber\u00eda.<\/p>\n<p>Desarrollar\u00e1s mucha creatividad.<\/p>\n<p>Aprender\u00e1s las t\u00e9cnicas adecuadas para manejar cuchillas, maquinas, cepillos y las dem\u00e1s herramientas necesarias.<\/p>\n<p>Sabr\u00e1s decidir sabiamente si dedicarte a hacer domicilios o montar tu negocio f\u00edsico.<\/p>\n<p>Perder\u00e1s el temor de emprender y ser due\u00f1o de tu propio negocio, tiempo y espacio.<\/p>\n<p>Aprender\u00e1s las ventajas y desventajas de cada paso que necesitas hacer y saber en el proceso de tu emprendimiento como barbero.<\/p>\n<p>Acceder\u00e1s al certificado avalado por Hotmart y Seminarios Online.<\/p>\n<p>\u00bfC\u00d3MO LO VAS A LOGRAR?<\/p>\n<p>Acceder\u00e1s al certificado avalado por Hotmart y Seminarios Online.<\/p>\n<p>M\u00d3DULO 1: Bienvenida <\/p>\n<p>Lecci\u00f3n 1: Bienvenida.<br \/>\nLecci\u00f3n 2: Hoja de ruta y recomendaciones.<br \/>\nLecci\u00f3n 3: \u00bfPor qu\u00e9 es rentable este negocio?<\/p>\n<p>M\u00d3DULO 2: Maneras de trabajar la barber\u00eda<\/p>\n<p>Lecci\u00f3n 1: Monta tu local.<br \/>\nLecci\u00f3n 2: Trabaja a domicilio. <\/p>\n<p>M\u00d3DULO 3: Herramientas, materiales y equipos<\/p>\n<p>M\u00d3DULO 4: Tipos de implementos y marcas que recomiendo<\/p>\n<p>M\u00d3DULO 5: C\u00f3mo brindar buena atenci\u00f3n al cliente<\/p>\n<p>Lecci\u00f3n 1: 5 claves para una buena atenci\u00f3n.<br \/>\nLecci\u00f3n 2: 4 trucos para tratar clientes dif\u00edciles.<\/p>\n<p>M\u00d3DULO 6: T\u00e9cnica correcta para usar la barbera\/navaja<\/p>\n<p>M\u00d3DULO 7: Visagismo<\/p>\n<p>M\u00d3DULO 8: Tipos de cortes<\/p>\n<p>Lecci\u00f3n 1: Corte cl\u00e1sico.<br \/>\nLecci\u00f3n 2: Degradado bajo.<br \/>\nLecci\u00f3n 3: Degradado medio.<br \/>\nLecci\u00f3n 4: Degradado alto.<br \/>\nLecci\u00f3n 5: Plancha.<br \/>\nLecci\u00f3n 6: Buzz.<br \/>\nLecci\u00f3n 7: Argentino o cresta.<br \/>\nLecci\u00f3n 8: El siete.<br \/>\nLecci\u00f3n 9: Patillazo.<br \/>\nLecci\u00f3n 10: Blow out.<br \/>\nLecci\u00f3n 11: Cl\u00e1sicos con blow out.<br \/>\nLecci\u00f3n 12: Militar.<\/p>\n<p>M\u00d3DULO 9: Estilo y corte de barbas<\/p>\n<p>Lecci\u00f3n 1: Barba alta y bigote.<br \/>\nLecci\u00f3n 2: Barba y bigote delgado.<br \/>\nLecci\u00f3n 3: Barba abundante.<\/p>\n<p>M\u00d3DULO 10: T\u00e9cnica correcta de cepillado<\/p>\n<p>T\u00e9cnica correcta de cepillado.<\/p>\n<p>M\u00d3DULO 11: C\u00f3mo perfilar cejas, asesor\u00eda y t\u00e9cnica<\/p>\n<p>C\u00f3mo perfilar cejas, asesor\u00eda y t\u00e9cnica.<\/p>\n<p>M\u00d3DULO 12: Recuperaci\u00f3n de corte<\/p>\n<p>Recuperaci\u00f3n de corte.<\/p>\n<p>M\u00d3DULO 13: Desarma, limpia y lubrica las herramientas<\/p>\n<p>Desarma, limpia y lubrica las herramientas.<\/p>\n<p>M\u00d3DULO 14: Desinfecci\u00f3n del espacio<\/p>\n<p>Desinfecci\u00f3n del espacio.<\/p>\n<p>M\u00d3DULO 15: Qu\u00e9 hacer en caso de cortar al cliente<\/p>\n<p>Qu\u00e9 hacer en caso de cortar al cliente.<\/p>\n<p>M\u00d3DULO 16: Productos para cabello, barba y limpieza facial<\/p>\n<p>Productos para cabello, barba y limpieza facial.<\/p>\n<p>M\u00d3DULO 17: Formas de hacer publicidad<\/p>\n<p>Formas de hacer publicidad.<\/p>\n<p>M\u00d3DULO 18: Aqu\u00ed termina tu curso<\/p>\n<p>Aqu\u00ed termina tu curso.<\/p>\n<p>M\u00d3DULO 19: Bonos<\/p>\n<p>M\u00d3DULO 20: Video respuestas a preguntas frecuentes<\/p>\n<p>\u00bfC\u00f3mo puedo iniciar mi negocio sin tener experiencia?<br \/>\n\u00bfEs mejor iniciar en local o a domicilio?<br \/>\n\u00bfEs mejor iniciar en local o a domicilio?<br \/>\n\u00bfEs recomendable pasar la cuchilla a los ni\u00f1os?<\/p>\n<p>ACERCA DEL PRODUCTOR<\/p>\n<p>Desarrollado por ELIUD ARAQUE, un carism\u00e1tico hombre de 24 a\u00f1os, residente en la ciudad de Medell\u00edn Colombia; dedicado desde sus 15 a\u00f1os a la Barberia. <\/p>\n<p>Aprendi\u00f3 inicialmente de forma emp\u00edrica, luego perfeccionando sus t\u00e9cnicas y convirti\u00e9ndose en un experto. Hace m\u00e1s de 5 a\u00f1os tiene su propia Barberia, no solo trabajando \u00e9l y brindando un buen servicio, pero tambi\u00e9n generando empleo a varias personas. <\/p>\n<p>Un hombre caracterizado por su carisma, por sus ganas de ayudar a los dem\u00e1s, emprendedor y visionario.<\/p>\n","protected":false},"excerpt":{"rendered":"<p>\u00bfTe gustar\u00eda aprender a realizar cortes de barba y cabello desde cero y montar tu propio negocio?<\/p>\n<p>Con el MasterClass APRENDE BARBERIA Y MONTA TU NEGOCIO aprender\u00e1s todo lo que necesitas para realizar tu sue\u00f1o tener tu propia barber\u00eda.<\/p>\n","protected":false},"featured_media":3239,"template":"","meta":{"_joinchat":[]},"product_brand":[],"product_cat":[317,344],"product_tag":[],"class_list":{"0":"post-11380","1":"product","2":"type-product","3":"status-publish","4":"has-post-thumbnail","6":"product_cat-belleza-y-moda","7":"product_cat-todos","9":"first","10":"instock","11":"sale","12":"shipping-taxable","13":"product-type-external"},"_links":{"self":[{"href":"https:\/\/www.cursos.olgavelez.co\/cu\/wp-json\/wp\/v2\/product\/11380","targetHints":{"allow":["GET"]}}],"collection":[{"href":"https:\/\/www.cursos.olgavelez.co\/cu\/wp-json\/wp\/v2\/product"}],"about":[{"href":"https:\/\/www.cursos.olgavelez.co\/cu\/wp-json\/wp\/v2\/types\/product"}],"version-history":[{"count":4,"href":"https:\/\/www.cursos.olgavelez.co\/cu\/wp-json\/wp\/v2\/product\/11380\/revisions"}],"predecessor-version":[{"id":16023,"href":"https:\/\/www.cursos.olgavelez.co\/cu\/wp-json\/wp\/v2\/product\/11380\/revisions\/16023"}],"wp:featuredmedia":[{"embeddable":true,"href":"https:\/\/www.cursos.olgavelez.co\/cu\/wp-json\/wp\/v2\/media\/3239"}],"wp:attachment":[{"href":"https:\/\/www.cursos.olgavelez.co\/cu\/wp-json\/wp\/v2\/media?parent=11380"}],"wp:term":[{"taxonomy":"product_brand","embeddable":true,"href":"https:\/\/www.cursos.olgavelez.co\/cu\/wp-json\/wp\/v2\/product_brand?post=11380"},{"taxonomy":"product_cat","embeddable":true,"href":"https:\/\/www.cursos.olgavelez.co\/cu\/wp-json\/wp\/v2\/product_cat?post=11380"},{"taxonomy":"product_tag","embeddable":true,"href":"https:\/\/www.cursos.olgavelez.co\/cu\/wp-json\/wp\/v2\/product_tag?post=11380"}],"curies":[{"name":"wp","href":"https:\/\/api.w.org\/{rel}","templated":true}]}}