{"id":11310,"date":"2023-01-10T04:38:47","date_gmt":"2023-01-10T07:38:47","guid":{"rendered":"https:\/\/www.cursos.olgavelez.co\/cu\/?post_type=product&#038;p=11310"},"modified":"2023-09-20T16:05:03","modified_gmt":"2023-09-20T19:05:03","slug":"celulares-amigables-para-adultos-mayores","status":"publish","type":"product","link":"https:\/\/www.cursos.olgavelez.co\/cu\/producto\/celulares-amigables-para-adultos-mayores\/","title":{"rendered":"CELULARES AMIGABLES PARA ADULTOS MAYORES"},"content":{"rendered":"<p>Con los a\u00f1os, se pierde la destreza en el manejo de los celulares que llegan con tecnolog\u00edas cambiantes.<\/p>\n<p>Con el programa, CELULARES AMIGABLES PARA ADULTOS MAYORES (TECNOLOG\u00cdA ANDROID), las personas pierden el miedo a la tecnolog\u00eda y ponen esta a su favor.<\/p>\n<p>Aqu\u00ed tienes una gu\u00eda pr\u00e1ctica que llevar\u00e1 paso a paso a tus padres para que dominen adecuadamente un tel\u00e9fono celular.<\/p>\n<p>Aprender\u00e1s a poner alertas de medicamentos o chatear. Lo m\u00e1s importante: Con\u00e9ctalos correctamente con la familia para que no se sientan excluidos.<\/p>\n<p>\u00bfQU\u00c9 VAS A LOGRAR?<\/p>\n<p>Aprender\u00e1s a instalar la Simcard y configurar el tel\u00e9fono.<\/p>\n<p>Crear\u00e1s una cuenta de Google para el funcionamiento del tel\u00e9fono.<\/p>\n<p>Reconocer\u00e1s las partes del tel\u00e9fono (C\u00e1maras, Micr\u00f3fono, Luz led, Bot\u00f3n de desbloqueo, auricular, parlante, botones de volumen, etc.).<\/p>\n<p>Reconocer\u00e1s los iconos del tel\u00e9fono (Iconos principales de la barra de Navegaci\u00f3n, Icono de intensidad de se\u00f1al, icono de wifi, icono de Bluetooth, etc.).<\/p>\n<p>Conectar\u00e1s un parlante con el Smartphone a trav\u00e9s del sistema Bluetooth.<\/p>\n<p>Realizar\u00e1s y recibir\u00e1s llamadas con su tel\u00e9fono Smartphone.<\/p>\n<p>Aprender\u00e1s a tomar fotos, grabar videos y encontrarlos en la app \u201cGaler\u00eda\u201d.<\/p>\n<p>Crear\u00e1s alarmas (diarias, de una sola vez, de lunes a viernes, etc), Cronometrar, Crear una alarma con Cuenta regresiva (super \u00fatil en la cocina cuando se tiene que hornear algo por x minutos, etc.) con el Widget del reloj.<\/p>\n<p>Buscar\u00e1s y descargar\u00e1s aplicaciones utilizando la app \u201cPlayStore\u201d.<\/p>\n<p>Instalar\u00e1s y utilizar\u00e1s WhatsApp (Mensajes de texto, notas de voz, enviar fotos y videos, uso de emoticones, llamadas, video llamadas, video llamadas grupales, etc.).<\/p>\n<p>Instalar\u00e1s y har\u00e1s las configuraciones principales de seguridad y Privacidad en Facebook.<\/p>\n<p>Utilizar\u00e1s Facebook (Hacer una publicaci\u00f3n, publicar una Historia, interactuar con una publicaci\u00f3n, dar likes, comentar una publicaci\u00f3n, etc.).<\/p>\n<p>Realizar\u00e1s llamadas y preguntas en Google, con comandos de voz utilizando la app asistente de Google.<\/p>\n<p>Aprender\u00e1s a hacer las b\u00fasquedas en internet utilizando el Google Chrome.<\/p>\n<p>Enviar\u00e1s y recibir\u00e1s correos electr\u00f3nicos con la app de Gmail en su Smartphone Android.<\/p>\n<p>Crear\u00e1s eventos (Citas m\u00e9dicas, Cumplea\u00f1os, etc.) y recordatorios con la app Calendario de Google.<\/p>\n<p>Utilizar\u00e1s la app Google Maps para llegar a lugares a los que no sabe c\u00f3mo llegar.<\/p>\n<p>Aprender\u00e1s a ver videos y utilizar\u00e1s plenamente Youtube (suscribirse a un canal, activar notificaciones del canal, configurar subt\u00edtulos, configurar la calidad del video, etc.).<\/p>\n<p>Identificar\u00e1s los \u00edconos principales comunes a las aplicaciones (la lupa para buscar, las 3 rayas o 3puntos para Men\u00fa, el avi\u00f3n de papel para enviar, etc.) de tal forma que los pueda reconocer en cualquier aplicaci\u00f3n que el adulto mayor desee instalar.<\/p>\n<p>Acceder\u00e1s al certificado avalado por Hotmart y Seminarios Online.<\/p>\n<p>\u00bfC\u00d3MO LO VAS A LOGRAR?<\/p>\n<p>Todo lo anterior, a trav\u00e9s del siguiente contenido estructurado en orden consecutivo as\u00ed:<\/p>\n<p>Video 1: Introducci\u00f3n, Instalaci\u00f3n de Simcard y primeras configuraciones.<\/p>\n<p>Video 2: Iconos principales y Barra de notificaciones.<\/p>\n<p>Video 3: Uso del tel\u00e9fono y de la c\u00e1mara.<\/p>\n<p>Video 4: WhatsApp.<\/p>\n<p>Video 5: Instalaci\u00f3n y Configuraciones de privacidad en Facebook.<\/p>\n<p>Video 6: Facebook.<\/p>\n<p>Video 7: Aplicaciones de Google 1 (Asistente de Google, Calendario de Google, Gmail).<\/p>\n<p>Video 8: Aplicaciones de Google 2 (Google Maps, Google Chrome, Youtube) y Despedida.<\/p>\n<p>ACERCA DEL PRODUCTOR<\/p>\n<p>Desarrollado por JULIO DELGADO, emprendedor colombiano, con habilidades innatas para la ense\u00f1anza. <\/p>\n<p>Criado por padres educadores (madre profesora de Secundaria y Padre Profesor Universitario) tiene una inclinaci\u00f3n nata por la ense\u00f1anza. <\/p>\n<p>Fue instructor varios a\u00f1os en una organizaci\u00f3n internacional dictando numerosos Cursos de Manejo de estr\u00e9s para empresarios.<\/p>\n<p>Apasionado por la tecnolog\u00eda, toda su vida se ha interesado por C\u00e1maras, Equipos de audio, y los computadores. <\/p>\n<p>Todo esto m\u00e1s su experiencia como gu\u00eda de Turismo de naturaleza especializado en aves (birdwatching), cuyos principales clientes son adultos mayores hacen que Julio tenga el perfil indicado para ayudar a nuestros adultos mayores a acercarse a la tecnolog\u00eda, a aprovecharla en todo su potencial y a disfrutar todos los beneficios que los Smartphones nos ofrecen.<\/p>\n","protected":false},"excerpt":{"rendered":"<p>Con los a\u00f1os, se pierde la destreza en el manejo de los celulares que llegan con tecnolog\u00edas cambiantes.<\/p>\n<p>Con el programa, CELULARES AMIGABLES PARA ADULTOS MAYORES (TECNOLOG\u00cdA ANDROID), las personas pierden el miedo a la tecnolog\u00eda y ponen esta a su favor.<\/p>\n<p>Aqu\u00ed tienes una gu\u00eda pr\u00e1ctica que llevar\u00e1 paso a paso a tus padres para que dominen adecuadamente un tel\u00e9fono celular.<\/p>\n<p>Aprender\u00e1s a poner alertas de medicamentos o chatear. Lo m\u00e1s importante: Con\u00e9ctalos correctamente con la familia para que no se sientan excluidos.<\/p>\n","protected":false},"featured_media":3200,"template":"","meta":{"_joinchat":[]},"product_brand":[],"product_cat":[316,344],"product_tag":[],"class_list":{"0":"post-11310","1":"product","2":"type-product","3":"status-publish","4":"has-post-thumbnail","6":"product_cat-apps-y-software","7":"product_cat-todos","9":"first","10":"instock","11":"sale","12":"shipping-taxable","13":"product-type-external"},"_links":{"self":[{"href":"https:\/\/www.cursos.olgavelez.co\/cu\/wp-json\/wp\/v2\/product\/11310","targetHints":{"allow":["GET"]}}],"collection":[{"href":"https:\/\/www.cursos.olgavelez.co\/cu\/wp-json\/wp\/v2\/product"}],"about":[{"href":"https:\/\/www.cursos.olgavelez.co\/cu\/wp-json\/wp\/v2\/types\/product"}],"version-history":[{"count":4,"href":"https:\/\/www.cursos.olgavelez.co\/cu\/wp-json\/wp\/v2\/product\/11310\/revisions"}],"predecessor-version":[{"id":15990,"href":"https:\/\/www.cursos.olgavelez.co\/cu\/wp-json\/wp\/v2\/product\/11310\/revisions\/15990"}],"wp:featuredmedia":[{"embeddable":true,"href":"https:\/\/www.cursos.olgavelez.co\/cu\/wp-json\/wp\/v2\/media\/3200"}],"wp:attachment":[{"href":"https:\/\/www.cursos.olgavelez.co\/cu\/wp-json\/wp\/v2\/media?parent=11310"}],"wp:term":[{"taxonomy":"product_brand","embeddable":true,"href":"https:\/\/www.cursos.olgavelez.co\/cu\/wp-json\/wp\/v2\/product_brand?post=11310"},{"taxonomy":"product_cat","embeddable":true,"href":"https:\/\/www.cursos.olgavelez.co\/cu\/wp-json\/wp\/v2\/product_cat?post=11310"},{"taxonomy":"product_tag","embeddable":true,"href":"https:\/\/www.cursos.olgavelez.co\/cu\/wp-json\/wp\/v2\/product_tag?post=11310"}],"curies":[{"name":"wp","href":"https:\/\/api.w.org\/{rel}","templated":true}]}}