{"id":11271,"date":"2023-01-10T04:38:43","date_gmt":"2023-01-10T07:38:43","guid":{"rendered":"https:\/\/www.cursos.olgavelez.co\/cu\/?post_type=product&#038;p=11271"},"modified":"2023-09-20T16:05:01","modified_gmt":"2023-09-20T19:05:01","slug":"sap-para-ingenieros-master","status":"publish","type":"product","link":"https:\/\/www.cursos.olgavelez.co\/cu\/producto\/sap-para-ingenieros-master\/","title":{"rendered":"SAP PARA INGENIEROS MASTER"},"content":{"rendered":"<p>\u00bfEst\u00e1s buscando trabajo y has perdido oportunidades por no saber SAP? <\/p>\n<p>Con el MasterClass, SAP PARA INGENIEROS MASTER, domina el software m\u00e1s usado por las mejores empresas nacionales y multinacionales alrededor del mundo. <\/p>\n<p>Aprende sobre administraci\u00f3n, mantenimiento, auditoria y monitoreo del sistema SAP.<\/p>\n<p>Incrementa tus ingresos por encima del promedio con esta ventaja competitiva que es altamente valorada.<\/p>\n<p>\u00bfQU\u00c9 VAS A LOGRAR?<\/p>\n<p>Obtendr\u00e1s mejores oportunidades laborales en grandes multinacionales que poseen este software.<\/p>\n<p>Incrementar\u00e1s tus ingresos por encima del promedio.<\/p>\n<p>Tendr\u00e1s una ventaja competitiva.<\/p>\n<p>Conocer\u00e1s y experimentar\u00e1s el software m\u00e1s importante usado por grandes empresas multinacionales tales como Coca-Cola, Deloitte, IBM, Grupo Argos, Ecopetrol, etc. <\/p>\n<p>Aprender\u00e1s conocimiento valioso sobre administraci\u00f3n, mantenimiento, auditoria, monitoreo del sistema SAP.<\/p>\n<p>Conocer\u00e1s nuevas tecnolog\u00edas.<\/p>\n<p>Acceder\u00e1s al certificado avalado por Hotmart y Seminarios Online.<\/p>\n<p>\u00bfC\u00d3MO LO VAS A LOGRAR?<\/p>\n<p>A trav\u00e9s del siguiente contenido estructurado paso a paso:<\/p>\n<p>Video 1: Aprender\u00e1s que es y c\u00f3mo funciona el sistema SAP.<br \/>\nVideo 2: Instalaci\u00f3n del Front end de SAP.<br \/>\nVideo 3: Configurar los accesos de SAP.<br \/>\nVideo 4: C\u00f3mo navegar en SAP f\u00e1cilmente.<br \/>\nVideo 5: Administraci\u00f3n de usuarios del sistema SAP.<br \/>\nVideo 6: Conocer los tipos de usuarios.<br \/>\nVideo 7: Creaci\u00f3n y administraci\u00f3n de roles y perfiles de usuarios en SAP.<br \/>\nVideo 8: Generaci\u00f3n de reportes de usuarios.<br \/>\nVideo 9: Qu\u00e9 es un sistema de transportes en SAP.<br \/>\nVideo 10: Configurar el sistema de transportes en SAP.<br \/>\nVideo 11: Borrado de un sistema de transportes.<br \/>\nVideo 12: Tipos de \u00f3rdenes, creaci\u00f3n y liberaci\u00f3n de ordenes de transporte en SAP.<br \/>\nVideo 13: C\u00f3mo realizar transporte de ordenes entre sistemas.<br \/>\nVideo 14: Transporte de ordenes especiales (Data y Cofile).<br \/>\nVideo 15: C\u00f3mo validar un sistema de transportes en SAP.<br \/>\nVideo 16: Generaci\u00f3n de listado de Ordenes de transporte.<br \/>\nVideo 17: An\u00e1lisis de Notas en SAP \u2013 Primera parte.<br \/>\nVideo 18: An\u00e1lisis de Notas en SAP \u2013 Segunda parte.<br \/>\nVideo 19: An\u00e1lisis de Notas en SAP \u2013 Tercera parte.<br \/>\nVideo 20: Realizar descarga de notas en un sistema SAP.<br \/>\nVideo 21: C\u00f3mo aplicar una nota y liberaci\u00f3n de una orden de transporte.<br \/>\nVideo 22: Las comunicaciones v\u00eda RFC, aprender este concepto y sus tipos existentes.<br \/>\nVideo 23: C\u00f3mo revisar errores en las RFC.<br \/>\nVideo 24: Crear una configuraci\u00f3n de correos en SAP.<\/p>\n<p>ACERCA DE LOS PRODUCTORES<\/p>\n<p>Desarrollado por KATHERINE OSORIO, apasionada por ense\u00f1ar a otros y aportar un granito de arena para que muchas personas tengan mejores oportunidades. <\/p>\n<p>MAURICIO LEON emprendedor, colombiano que siempre est\u00e1 dispuesto a ayudar a los dem\u00e1s.<\/p>\n<p>Son los creadores de VIVESAP training especializado en SAP.<\/p>\n<p>Ingenieros y consultores certificados con m\u00e1s de 9 a\u00f1os de experiencia, quienes han participado en proyectos con empresas multinacionales de tecnolog\u00eda.<\/p>\n","protected":false},"excerpt":{"rendered":"<p>\u00bfEst\u00e1s buscando trabajo y has perdido oportunidades por no saber SAP? <\/p>\n<p>Con el MasterClass, SAP PARA INGENIEROS MASTER, domina el software m\u00e1s usado por las mejores empresas nacionales y multinacionales alrededor del mundo. <\/p>\n<p>Aprende sobre administraci\u00f3n, mantenimiento, auditoria y monitoreo del sistema SAP.<\/p>\n<p>Incrementa tus ingresos por encima del promedio con esta ventaja competitiva que es altamente valorada.<\/p>\n","protected":false},"featured_media":3191,"template":"","meta":{"_joinchat":[]},"product_brand":[],"product_cat":[316,344],"product_tag":[],"class_list":{"0":"post-11271","1":"product","2":"type-product","3":"status-publish","4":"has-post-thumbnail","6":"product_cat-apps-y-software","7":"product_cat-todos","9":"first","10":"instock","11":"sale","12":"shipping-taxable","13":"product-type-external"},"_links":{"self":[{"href":"https:\/\/www.cursos.olgavelez.co\/cu\/wp-json\/wp\/v2\/product\/11271","targetHints":{"allow":["GET"]}}],"collection":[{"href":"https:\/\/www.cursos.olgavelez.co\/cu\/wp-json\/wp\/v2\/product"}],"about":[{"href":"https:\/\/www.cursos.olgavelez.co\/cu\/wp-json\/wp\/v2\/types\/product"}],"version-history":[{"count":4,"href":"https:\/\/www.cursos.olgavelez.co\/cu\/wp-json\/wp\/v2\/product\/11271\/revisions"}],"predecessor-version":[{"id":15981,"href":"https:\/\/www.cursos.olgavelez.co\/cu\/wp-json\/wp\/v2\/product\/11271\/revisions\/15981"}],"wp:featuredmedia":[{"embeddable":true,"href":"https:\/\/www.cursos.olgavelez.co\/cu\/wp-json\/wp\/v2\/media\/3191"}],"wp:attachment":[{"href":"https:\/\/www.cursos.olgavelez.co\/cu\/wp-json\/wp\/v2\/media?parent=11271"}],"wp:term":[{"taxonomy":"product_brand","embeddable":true,"href":"https:\/\/www.cursos.olgavelez.co\/cu\/wp-json\/wp\/v2\/product_brand?post=11271"},{"taxonomy":"product_cat","embeddable":true,"href":"https:\/\/www.cursos.olgavelez.co\/cu\/wp-json\/wp\/v2\/product_cat?post=11271"},{"taxonomy":"product_tag","embeddable":true,"href":"https:\/\/www.cursos.olgavelez.co\/cu\/wp-json\/wp\/v2\/product_tag?post=11271"}],"curies":[{"name":"wp","href":"https:\/\/api.w.org\/{rel}","templated":true}]}}