{"id":11270,"date":"2023-01-10T04:38:43","date_gmt":"2023-01-10T07:38:43","guid":{"rendered":"https:\/\/www.cursos.olgavelez.co\/cu\/?post_type=product&#038;p=11270"},"modified":"2023-09-20T16:05:01","modified_gmt":"2023-09-20T19:05:01","slug":"autocad-desde-cero","status":"publish","type":"product","link":"https:\/\/www.cursos.olgavelez.co\/cu\/producto\/autocad-desde-cero\/","title":{"rendered":"AUTOCAD DESDE CERO"},"content":{"rendered":"<p>Un buen dise\u00f1o representa esa delgada l\u00ednea que separa el \u00e9xito o el fracaso de un proyecto inmobiliario.<\/p>\n<p>Aprende los secretos de un programa para que aprendes a desarrollar tus propios proyectos con el Masterclass, AUTOCAD DESDE CERO.<\/p>\n<p>Domina los comandos, los procesos y las herramientas de este incre\u00edble software que es usado por los mejores dise\u00f1adores en todo el planeta.<\/p>\n<p>Con aplicaciones y ejercicios pr\u00e1cticos conoce una t\u00e9cnica con un conocimiento muy bien remunerado y f\u00e1cil de aprender.<\/p>\n<p>\u00bfQU\u00c9 VAS A LOGRAR?<\/p>\n<p>Aprender\u00e1s como organizar tu espacio de trabajo en AUTOCAD.<\/p>\n<p>Aprender\u00e1s las diferentes opciones del men\u00fa del programa y para qu\u00e9 sirve cada una ellas.<\/p>\n<p>Utilizar\u00e1s las herramientas y comandos m\u00e1s comunes en AUTOCAD y que realmente vas a usar en la pr\u00e1ctica.<\/p>\n<p>Aprender\u00e1s cu\u00e1les son los diferentes tipos de l\u00edneas en AUTOCAD y c\u00f3mo usarlas en un proyecto real.<\/p>\n<p>Aprender\u00e1s c\u00f3mo utilizar y aplicar c\u00edrculos y elipses en AUTOCAD de una forma sencilla y 100% pr\u00e1ctica.<\/p>\n<p>Aprender\u00e1s a hacer empalmes y manejar simetr\u00edas.<\/p>\n<p>Conocer\u00e1s algo fundamental para cualquier proyecto pr\u00e1ctico que es el manejo de capas, acotamientos y sombreados.<\/p>\n<p>Insertar\u00e1s im\u00e1genes de forma super sencilla y de forma pr\u00e1ctica y ver\u00e1s esto para que sirve en la vida real.<\/p>\n<p>Manejar\u00e1s bloques en AUTOCAD de manera que puedas aplicarlo en cualquier proyecto que necesites.<\/p>\n<p>Aprender\u00e1s lo f\u00e1cil que es exportar tus dise\u00f1os a PDF tanto a color como en blanco y negro.<\/p>\n<p>Acceder\u00e1s al certificado avalado por Hotmart y Seminarios Online.<\/p>\n<p>\u00bfC\u00d3MO LO VAS A LOGRAR?<\/p>\n<p>Este curso ONLINE compuesto por 31 Lecciones en video HD, aprender\u00e1s de forma 100% pr\u00e1ctica a utilizar AUTOCAD para tus proyectos, de la siguiente manera:<\/p>\n<p>1 &#8211; Bienvenida.<br \/>\n2 &#8211; Introducci\u00f3n a Autocad.<\/p>\n<p>M\u00d3DULO 1: ESPACIO DE TRABAJO.<\/p>\n<p>3 &#8211; Introducci\u00f3n.<br \/>\n4 &#8211; Espacio de Trabajo &#8211; MEN\u00da SUPERIOR.<br \/>\n5 &#8211; Espacio de Trabajo &#8211; MEN\u00da INFERIOR.<br \/>\n6 &#8211; Espacio de Trabajo &#8211; OTRAS HERRAMIENTAS.<br \/>\n7 &#8211; Espacio de Trabajo \u2013 VIEWPORT.<\/p>\n<p>M\u00d3DULO2: LINEAS Y HERRAMIENTAS B\u00c1SICAS.<\/p>\n<p>8 &#8211; Introducci\u00f3n.<br \/>\n9 &#8211; L\u00edneas de Dibujo en Autocad.<br \/>\n10 &#8211; Herramientas B\u00e1sicas.<br \/>\n11 &#8211; Aplicaci\u00f3n L\u00edneas, Herramientas B\u00e1sicas y Comandos.<\/p>\n<p>M\u00d3DULO 3: CIRCULOS Y SIMETR\u00cdA.<\/p>\n<p>12 &#8211; Introducci\u00f3n.<br \/>\n13 &#8211; C\u00edrculos y Elipses.<br \/>\n14 &#8211; Ejercicio Pr\u00e1ctico C\u00edrculos y Elipses.<br \/>\n15 &#8211; Empalme y Simetr\u00eda.<\/p>\n<p>M\u00d3DULO 4: CAPAS, ACOTAMIENTOS Y SOMBREADOS.<\/p>\n<p>16 &#8211; Introducci\u00f3n.<br \/>\n17 &#8211; Manejo de Capas (Parte 1).<br \/>\n18 &#8211; Manejo de Capas (Parte 2).<br \/>\n19 &#8211; Acotamiento.<br \/>\n20 \u2013 Sombreados.<\/p>\n<p>M\u00d3DULO 5: BLOQUES Y EXPORTAR A PDF.<\/p>\n<p>21 &#8211; Introducci\u00f3n.<br \/>\n22 &#8211; Inserci\u00f3n de Im\u00e1genes.<br \/>\n23 &#8211; Manejo de Bloques.<br \/>\n24 &#8211; Exportar a PDF.<\/p>\n<p>M\u00d3DULO 6: PR\u00c1CTICA DE TODO LO APRENDIDO.<\/p>\n<p>25 &#8211; Introducci\u00f3n.<br \/>\n26 &#8211; Ejercicio de Aplicaci\u00f3n Pr\u00e1ctica de Todo lo Aprendido (Parte 1).<br \/>\n27 &#8211; Ejercicio de Aplicaci\u00f3n Pr\u00e1ctica de Todo lo Aprendido (Parte 2).<br \/>\n28 &#8211; Ejercicio de Aplicaci\u00f3n Pr\u00e1ctica de Todo lo Aprendido (Parte 3).<br \/>\n29 &#8211; Ejercicio de Aplicaci\u00f3n Pr\u00e1ctica de Todo lo Aprendido (Parte 4).<br \/>\n30 &#8211; Ejercicio de Aplicaci\u00f3n Pr\u00e1ctica de Todo lo Aprendido (Parte Final).<\/p>\n<p>31 &#8211; Felicitaciones y Finalizaci\u00f3n del Curso<\/p>\n<p>ACERCA DEL PRODUCTOR<\/p>\n<p>Desarrollado por DAVID LARA, arquitecto apasionado por el dise\u00f1o de espacios y proyecci\u00f3n de im\u00e1genes.<\/p>\n<p>Con m\u00e1s de 9 a\u00f1os de experiencia, utilizando AUTOCAD para desarrollar diferentes tipos de proyectos de dise\u00f1o y construcci\u00f3n como Freelancer y como empleado.<\/p>\n<p>Constantemente, vive actualizado sobre las nuevas tendencias vanguardistas que van saliendo al mercado con el fin de brindar respuestas est\u00e9ticas y sobre todo funcionales a sus clientes.<\/p>\n","protected":false},"excerpt":{"rendered":"<p>Un buen dise\u00f1o representa esa delgada l\u00ednea que separa el \u00e9xito o el fracaso de un proyecto inmobiliario.<\/p>\n<p>Aprende los secretos de un programa para que aprendes a desarrollar tus propios proyectos con el Masterclass, AUTOCAD DESDE CERO.<\/p>\n<p>Domina los comandos, los procesos y las herramientas de este incre\u00edble software que es usado por los mejores dise\u00f1adores en todo el planeta.<\/p>\n<p>Con aplicaciones y ejercicios pr\u00e1cticos conoce una t\u00e9cnica con un conocimiento muy bien remunerado y f\u00e1cil de aprender.<\/p>\n","protected":false},"featured_media":3190,"template":"","meta":{"_joinchat":[]},"product_brand":[],"product_cat":[316,344],"product_tag":[],"class_list":{"0":"post-11270","1":"product","2":"type-product","3":"status-publish","4":"has-post-thumbnail","6":"product_cat-apps-y-software","7":"product_cat-todos","9":"first","10":"instock","11":"sale","12":"shipping-taxable","13":"product-type-external"},"_links":{"self":[{"href":"https:\/\/www.cursos.olgavelez.co\/cu\/wp-json\/wp\/v2\/product\/11270","targetHints":{"allow":["GET"]}}],"collection":[{"href":"https:\/\/www.cursos.olgavelez.co\/cu\/wp-json\/wp\/v2\/product"}],"about":[{"href":"https:\/\/www.cursos.olgavelez.co\/cu\/wp-json\/wp\/v2\/types\/product"}],"version-history":[{"count":4,"href":"https:\/\/www.cursos.olgavelez.co\/cu\/wp-json\/wp\/v2\/product\/11270\/revisions"}],"predecessor-version":[{"id":15980,"href":"https:\/\/www.cursos.olgavelez.co\/cu\/wp-json\/wp\/v2\/product\/11270\/revisions\/15980"}],"wp:featuredmedia":[{"embeddable":true,"href":"https:\/\/www.cursos.olgavelez.co\/cu\/wp-json\/wp\/v2\/media\/3190"}],"wp:attachment":[{"href":"https:\/\/www.cursos.olgavelez.co\/cu\/wp-json\/wp\/v2\/media?parent=11270"}],"wp:term":[{"taxonomy":"product_brand","embeddable":true,"href":"https:\/\/www.cursos.olgavelez.co\/cu\/wp-json\/wp\/v2\/product_brand?post=11270"},{"taxonomy":"product_cat","embeddable":true,"href":"https:\/\/www.cursos.olgavelez.co\/cu\/wp-json\/wp\/v2\/product_cat?post=11270"},{"taxonomy":"product_tag","embeddable":true,"href":"https:\/\/www.cursos.olgavelez.co\/cu\/wp-json\/wp\/v2\/product_tag?post=11270"}],"curies":[{"name":"wp","href":"https:\/\/api.w.org\/{rel}","templated":true}]}}