{"id":11261,"date":"2023-01-10T04:38:42","date_gmt":"2023-01-10T07:38:42","guid":{"rendered":"https:\/\/www.cursos.olgavelez.co\/cu\/?post_type=product&#038;p=11261"},"modified":"2023-09-20T16:05:00","modified_gmt":"2023-09-20T19:05:00","slug":"bootstrap-master-para-diseno-frontend","status":"publish","type":"product","link":"https:\/\/www.cursos.olgavelez.co\/cu\/producto\/bootstrap-master-para-diseno-frontend\/","title":{"rendered":"BOOTSTRAP MASTER PARA DISE\u00d1O FRONTEND"},"content":{"rendered":"<p>\u00bfAlguna vez quisiste agilizar tu trabajo de dise\u00f1o web?<\/p>\n<p>Con el MasterClass BOOTSTRAP MASTER PARA DISE\u00d1O FRONTEND, lograr\u00e1s montar r\u00e1pido y de forma m\u00e1s precisa proyectos web.<\/p>\n<p>\u00bfQU\u00c9 VAS A LOGRAR?<\/p>\n<p>Lograr\u00e1s potenciar tus habilidades de dise\u00f1o frontend. <\/p>\n<p>Ahorrar\u00e1s tiempo al hacer un sitio web responsive. <\/p>\n<p>Dominar\u00e1s uno de los frameworks frontend m\u00e1s usados a nivel global.<\/p>\n<p>Lograr\u00e1s montar m\u00e1s r\u00e1pido y de forma m\u00e1s precisa diferentes proyectos web.<\/p>\n<p>Acceder\u00e1s al certificado avalado por Hotmart y Seminarios Online.<\/p>\n<p>\u00bfC\u00d3MO LO VAS A LOGRAR?<\/p>\n<p>A trav\u00e9s del siguiente contenido, estructurado paso a paso:<\/p>\n<p>M\u00f3dulo 1: Introducci\u00f3n a Bootstrap e inicio del proyecto <\/p>\n<p>Introducci\u00f3n a Bootstrap Master.<br \/>\n\u00bfQu\u00e9 es un framework frontend?<br \/>\nEmpezando el proyecto &#8211; Hola mundo.<\/p>\n<p>M\u00f3dulo 2: Grilla de Bootstrap &#8211; Dominando Responsive Design <\/p>\n<p>La grilla de Bootstrap.<br \/>\nReto: La Grilla de Bootstrap.<\/p>\n<p>M\u00f3dulo 3: Footer y header de nuestro Proyecto (2 Clases)<\/p>\n<p>El footer de nuestro sitio web.<br \/>\nEl header de nuestro sitio web.<\/p>\n<p>M\u00f3dulo 4: Carousel de im\u00e1genes <\/p>\n<p>Creando un carousel de im\u00e1genes con Bootstrap.<br \/>\nAgregando el texto informativo del evento virtual.<\/p>\n<p>M\u00f3dulo 5: Botones, cards y pastillas de texto (3 Clases)<\/p>\n<p>Agregando botones.<br \/>\nAgregando cards.<br \/>\nAgregando pastillas de texto.<\/p>\n<p>M\u00f3dulo 6: Contenedores de ancho completo y formularios <\/p>\n<p>Agregando un contenedor de ancho completo.<br \/>\nAgregando un formulario.<\/p>\n<p>M\u00f3dulo 7: ToolTip y ScrollSpy <\/p>\n<p>Agregando un Tooltip.<br \/>\nAgregando ScrollSpy.<\/p>\n<p>M\u00f3dulo 8: Conclusiones y certificado. <\/p>\n<p>Conclusiones del curso y certificado.<\/p>\n<p>M\u00f3dulo 9: Material complementario<\/p>\n<p>Bootstrap Cookbook PDF.\t<\/p>\n<p>M\u00f3dulo 10: Respuestas a preguntas frecuentes<\/p>\n<p>\u00bfExiste diferencia si uso Bootstrap v4 o alguna otra versi\u00f3n?<\/p>\n<p>ACERCA DEL PRODUCTOR<\/p>\n<p>Desarrollado por DANIEL ACERO, estudiante de pregrado en Ingenier\u00eda de Sistemas en la Universidad Cat\u00f3lica Boliviana San Pablo.<\/p>\n<p>Se ha desempe\u00f1ado como monitor en ayudant\u00edas universitarias en materias de programaci\u00f3n para nuevos estudiantes; adem\u00e1s tambi\u00e9n de ser certificado en programas de marketing y dise\u00f1o gr\u00e1fico por lo cual combina de mejor manera el dise\u00f1o web.<\/p>\n","protected":false},"excerpt":{"rendered":"<p>\u00bfAlguna vez quisiste agilizar tu trabajo de dise\u00f1o web?<\/p>\n<p>Con el MasterClass BOOTSTRAP MASTER PARA DISE\u00d1O FRONTEND, lograr\u00e1s montar r\u00e1pido y de forma m\u00e1s precisa proyectos web.<\/p>\n","protected":false},"featured_media":3181,"template":"","meta":{"_joinchat":[]},"product_brand":[],"product_cat":[316,344],"product_tag":[],"class_list":{"0":"post-11261","1":"product","2":"type-product","3":"status-publish","4":"has-post-thumbnail","6":"product_cat-apps-y-software","7":"product_cat-todos","9":"first","10":"instock","11":"sale","12":"shipping-taxable","13":"product-type-external"},"_links":{"self":[{"href":"https:\/\/www.cursos.olgavelez.co\/cu\/wp-json\/wp\/v2\/product\/11261","targetHints":{"allow":["GET"]}}],"collection":[{"href":"https:\/\/www.cursos.olgavelez.co\/cu\/wp-json\/wp\/v2\/product"}],"about":[{"href":"https:\/\/www.cursos.olgavelez.co\/cu\/wp-json\/wp\/v2\/types\/product"}],"version-history":[{"count":4,"href":"https:\/\/www.cursos.olgavelez.co\/cu\/wp-json\/wp\/v2\/product\/11261\/revisions"}],"predecessor-version":[{"id":15971,"href":"https:\/\/www.cursos.olgavelez.co\/cu\/wp-json\/wp\/v2\/product\/11261\/revisions\/15971"}],"wp:featuredmedia":[{"embeddable":true,"href":"https:\/\/www.cursos.olgavelez.co\/cu\/wp-json\/wp\/v2\/media\/3181"}],"wp:attachment":[{"href":"https:\/\/www.cursos.olgavelez.co\/cu\/wp-json\/wp\/v2\/media?parent=11261"}],"wp:term":[{"taxonomy":"product_brand","embeddable":true,"href":"https:\/\/www.cursos.olgavelez.co\/cu\/wp-json\/wp\/v2\/product_brand?post=11261"},{"taxonomy":"product_cat","embeddable":true,"href":"https:\/\/www.cursos.olgavelez.co\/cu\/wp-json\/wp\/v2\/product_cat?post=11261"},{"taxonomy":"product_tag","embeddable":true,"href":"https:\/\/www.cursos.olgavelez.co\/cu\/wp-json\/wp\/v2\/product_tag?post=11261"}],"curies":[{"name":"wp","href":"https:\/\/api.w.org\/{rel}","templated":true}]}}