{"id":11149,"date":"2023-01-10T04:38:33","date_gmt":"2023-01-10T07:38:33","guid":{"rendered":"https:\/\/www.cursos.olgavelez.co\/cu\/?post_type=product&#038;p=11149"},"modified":"2023-09-20T16:04:55","modified_gmt":"2023-09-20T19:04:55","slug":"accesorios-para-mascotas","status":"publish","type":"product","link":"https:\/\/www.cursos.olgavelez.co\/cu\/producto\/accesorios-para-mascotas\/","title":{"rendered":"ACCESORIOS PARA MASCOTAS"},"content":{"rendered":"<p>Las mascotas es una de las industrias m\u00e1s rentables del mercado y con ella la elaboraci\u00f3n de accesorios.<\/p>\n<p>Con el MASTER CLASS ACCESORIOS PARA MASCOTAS, aprender\u00e1s paso a paso la elaboraci\u00f3n de una capa para la lluvia, juguetes y camitas de descanso.<\/p>\n<p>\u00bfTe gustar\u00eda crear tus propios dise\u00f1os de accesorios?<\/p>\n<p>\u00bfQU\u00c9 VAS A LOGRAR? <\/p>\n<p>Aprender\u00e1s a tomar las medidas de tu mascota para elaborar prendas.<\/p>\n<p>Armar\u00e1s la capa de lluvia perfecta para tu perrito.<\/p>\n<p>Aprender\u00e1s molde, corte y confecci\u00f3n de un hermoso y confortable igl\u00fa para gatos y razas de perros peque\u00f1as.<\/p>\n<p>Aprender\u00e1s a elaborar una colchoneta anti fluido y anti olor para la comodidad tuya y de tu mascota.<\/p>\n<p>Crear\u00e1s un juguete para compartir con tus mascotas.<\/p>\n<p>Crear\u00e1s estos accesorios para mascotas y convertir\u00e1s esta t\u00e9cnica en un negocio altamente rentable.<\/p>\n<p>Acceder\u00e1s al certificado avalado por Hotmart y Seminarios Online.<\/p>\n<p>\u00bfC\u00d3MO LO VAS A LOGRAR? <\/p>\n<p>A trav\u00e9s del siguiente contenido estructurado paso a paso:<\/p>\n<p>Video 1 \u2013 Bienvenida.<br \/>\nVideo 2 &#8211; Toma de medidas capa de lluvia para perros.<br \/>\nVideo 3 &#8211; Molde capa de lluvia para perros.<br \/>\nVideo 4 &#8211; Corte capa de lluvia para perros.<br \/>\nVideo 5 &#8211; Confecci\u00f3n capa de lluvia para perros.<br \/>\nVideo 6 &#8211; Confecci\u00f3n capa de lluvia para perros parte 2.<br \/>\nVideo 7 &#8211; Molde igl\u00fa mascota raza peque\u00f1a.<br \/>\nVideo 8 &#8211; Corte tela igl\u00fa mascota raza peque\u00f1a.<br \/>\nVideo 9 &#8211; Corte molde espuma igl\u00fa mascota raza peque\u00f1a.<br \/>\nVideo 10 &#8211; Confecci\u00f3n igl\u00fa mascota raza peque\u00f1a.<br \/>\nVideo 11 &#8211; Ensamble igl\u00fa mascota raza peque\u00f1a.<br \/>\nVideo 12 &#8211; Intro Colchoneta.<br \/>\nVideo 13 &#8211; Molde Colchoneta.<br \/>\nVideo 14 &#8211; Confecci\u00f3n colchoneta.<br \/>\nVideo 15 &#8211; Ensamble colchoneta.<br \/>\nVideo 16 &#8211; Juguete b\u00e1sico perros.<br \/>\nVideo 17 \u2013 Despedida.<\/p>\n<p>ANEXOS <\/p>\n<p>Molde para capa de lluvia perros.<br \/>\nMolde Igl\u00fa para perros y gatos.<\/p>\n<p>ACERCA DE LA PRODUCTORA<\/p>\n<p>Desarrollado por SILVIA JIM\u00c9NEZ, dise\u00f1adora t\u00e9cnica profesional con m\u00e1s de 15 a\u00f1os de experiencia en la elaboraci\u00f3n de art\u00edculos y accesorios para mascotas, certificada en corte, confecci\u00f3n y manejo de m\u00e1quinas industriales. <\/p>\n<p>En el 2015 con la colaboraci\u00f3n de su esposo naci\u00f3 la empresa Animau, donde se fabrican camas lavables y accesorios pensando siempre en la comodidad y calidad de vida de las mascotas, miembros muy importantes en nuestras familias.<\/p>\n<p>Privacidad<br \/>\nTu informaci\u00f3n est\u00e1 100% segura<br \/>\nCompra segura<br \/>\nAmbiente seguro y autenticado<br \/>\nEntrega por email<br \/>\nAcceso al producto entregado por email<br \/>\nContenido aprobado<br \/>\n100% revisado y aprobado<\/p>\n","protected":false},"excerpt":{"rendered":"<p>Las mascotas es una de las industrias m\u00e1s rentables del mercado y con ella la elaboraci\u00f3n de accesorios.<\/p>\n<p>Con el MASTER CLASS ACCESORIOS PARA MASCOTAS, aprender\u00e1s paso a paso la elaboraci\u00f3n de una capa para la lluvia, juguetes y camitas de descanso.<\/p>\n<p>\u00bfTe gustar\u00eda crear tus propios dise\u00f1os de accesorios?<\/p>\n","protected":false},"featured_media":3129,"template":"","meta":{"_joinchat":[]},"product_brand":[],"product_cat":[315,344],"product_tag":[],"class_list":{"0":"post-11149","1":"product","2":"type-product","3":"status-publish","4":"has-post-thumbnail","6":"product_cat-animales-y-plantas","7":"product_cat-todos","9":"first","10":"instock","11":"sale","12":"shipping-taxable","13":"product-type-external"},"_links":{"self":[{"href":"https:\/\/www.cursos.olgavelez.co\/cu\/wp-json\/wp\/v2\/product\/11149","targetHints":{"allow":["GET"]}}],"collection":[{"href":"https:\/\/www.cursos.olgavelez.co\/cu\/wp-json\/wp\/v2\/product"}],"about":[{"href":"https:\/\/www.cursos.olgavelez.co\/cu\/wp-json\/wp\/v2\/types\/product"}],"version-history":[{"count":4,"href":"https:\/\/www.cursos.olgavelez.co\/cu\/wp-json\/wp\/v2\/product\/11149\/revisions"}],"predecessor-version":[{"id":15921,"href":"https:\/\/www.cursos.olgavelez.co\/cu\/wp-json\/wp\/v2\/product\/11149\/revisions\/15921"}],"wp:featuredmedia":[{"embeddable":true,"href":"https:\/\/www.cursos.olgavelez.co\/cu\/wp-json\/wp\/v2\/media\/3129"}],"wp:attachment":[{"href":"https:\/\/www.cursos.olgavelez.co\/cu\/wp-json\/wp\/v2\/media?parent=11149"}],"wp:term":[{"taxonomy":"product_brand","embeddable":true,"href":"https:\/\/www.cursos.olgavelez.co\/cu\/wp-json\/wp\/v2\/product_brand?post=11149"},{"taxonomy":"product_cat","embeddable":true,"href":"https:\/\/www.cursos.olgavelez.co\/cu\/wp-json\/wp\/v2\/product_cat?post=11149"},{"taxonomy":"product_tag","embeddable":true,"href":"https:\/\/www.cursos.olgavelez.co\/cu\/wp-json\/wp\/v2\/product_tag?post=11149"}],"curies":[{"name":"wp","href":"https:\/\/api.w.org\/{rel}","templated":true}]}}